{"id":3615,"date":"2021-06-11T10:25:34","date_gmt":"2021-06-11T10:25:34","guid":{"rendered":"https:\/\/raseiniuautobusuparkas.lt\/?page_id=3615"},"modified":"2021-06-11T10:25:35","modified_gmt":"2021-06-11T10:25:35","slug":"planuojamas-naujas-miesto-marsrutas","status":"publish","type":"page","link":"https:\/\/raseiniuautobusuparkas.lt\/en\/planuojamas-naujas-miesto-marsrutas\/","title":{"rendered":"PLANUOJAMAS NAUJAS MIESTO MAR\u0160RUTAS"},"content":{"rendered":"<figure class=\"wp-block-image size-large\"><img fetchpriority=\"high\" decoding=\"async\" width=\"1024\" height=\"632\" src=\"https:\/\/raseiniuautobusuparkas.lt\/wp-content\/uploads\/2021\/06\/PLANAS-M-2-2-1024x632.jpg\" alt=\"\" class=\"wp-image-3616\" srcset=\"https:\/\/raseiniuautobusuparkas.lt\/wp-content\/uploads\/2021\/06\/PLANAS-M-2-2-1024x632.jpg 1024w, https:\/\/raseiniuautobusuparkas.lt\/wp-content\/uploads\/2021\/06\/PLANAS-M-2-2-300x185.jpg 300w, https:\/\/raseiniuautobusuparkas.lt\/wp-content\/uploads\/2021\/06\/PLANAS-M-2-2-768x474.jpg 768w, https:\/\/raseiniuautobusuparkas.lt\/wp-content\/uploads\/2021\/06\/PLANAS-M-2-2-1536x948.jpg 1536w, https:\/\/raseiniuautobusuparkas.lt\/wp-content\/uploads\/2021\/06\/PLANAS-M-2-2-2048x1264.jpg 2048w, https:\/\/raseiniuautobusuparkas.lt\/wp-content\/uploads\/2021\/06\/PLANAS-M-2-2-16x10.jpg 16w\" sizes=\"(max-width: 1024px) 100vw, 1024px\" \/><\/figure>\n\n\n\n<p><\/p>","protected":false},"excerpt":{"rendered":"","protected":false},"author":2,"featured_media":0,"parent":0,"menu_order":0,"comment_status":"closed","ping_status":"closed","template":"","meta":{"_uag_custom_page_level_css":"","site-sidebar-layout":"default","site-content-layout":"default","ast-site-content-layout":"default","site-content-style":"default","site-sidebar-style":"default","ast-global-header-display":"","ast-banner-title-visibility":"","ast-main-header-display":"","ast-hfb-above-header-display":"","ast-hfb-below-header-display":"","ast-hfb-mobile-header-display":"","site-post-title":"","ast-breadcrumbs-content":"","ast-featured-img":"","footer-sml-layout":"","theme-transparent-header-meta":"default","adv-header-id-meta":"","stick-header-meta":"","header-above-stick-meta":"","header-main-stick-meta":"","header-below-stick-meta":"","astra-migrate-meta-layouts":"default","ast-page-background-enabled":"default","ast-page-background-meta":{"desktop":{"background-color":"var(--ast-global-color-4)","background-image":"","background-repeat":"repeat","background-position":"center center","background-size":"auto","background-attachment":"scroll","background-type":"","background-media":"","overlay-type":"","overlay-color":"","overlay-opacity":"","overlay-gradient":""},"tablet":{"background-color":"","background-image":"","background-repeat":"repeat","background-position":"center center","background-size":"auto","background-attachment":"scroll","background-type":"","background-media":"","overlay-type":"","overlay-color":"","overlay-opacity":"","overlay-gradient":""},"mobile":{"background-color":"","background-image":"","background-repeat":"repeat","background-position":"center center","background-size":"auto","background-attachment":"scroll","background-type":"","background-media":"","overlay-type":"","overlay-color":"","overlay-opacity":"","overlay-gradient":""}},"ast-content-background-meta":{"desktop":{"background-color":"var(--ast-global-color-5)","background-image":"","background-repeat":"repeat","background-position":"center center","background-size":"auto","background-attachment":"scroll","background-type":"","background-media":"","overlay-type":"","overlay-color":"","overlay-opacity":"","overlay-gradient":""},"tablet":{"background-color":"var(--ast-global-color-5)","background-image":"","background-repeat":"repeat","background-position":"center center","background-size":"auto","background-attachment":"scroll","background-type":"","background-media":"","overlay-type":"","overlay-color":"","overlay-opacity":"","overlay-gradient":""},"mobile":{"background-color":"var(--ast-global-color-5)","background-image":"","background-repeat":"repeat","background-position":"center center","background-size":"auto","background-attachment":"scroll","background-type":"","background-media":"","overlay-type":"","overlay-color":"","overlay-opacity":"","overlay-gradient":""}},"footnotes":""},"class_list":["post-3615","page","type-page","status-publish","hentry"],"yoast_head":"<!-- This site is optimized with the Yoast SEO plugin v25.7 - https:\/\/yoast.com\/wordpress\/plugins\/seo\/ -->\n<title>PLANUOJAMAS NAUJAS MIESTO MAR\u0160RUTAS | Raseini\u0173 autobus\u0173 parkas<\/title>\n<meta name=\"robots\" content=\"index, follow, max-snippet:-1, max-image-preview:large, max-video-preview:-1\" \/>\n<link rel=\"canonical\" href=\"https:\/\/raseiniuautobusuparkas.lt\/en\/planuojamas-naujas-miesto-marsrutas\/\" \/>\n<meta property=\"og:locale\" content=\"en_US\" \/>\n<meta property=\"og:type\" content=\"article\" \/>\n<meta property=\"og:title\" content=\"PLANUOJAMAS NAUJAS MIESTO MAR\u0160RUTAS | Raseini\u0173 autobus\u0173 parkas\" \/>\n<meta property=\"og:url\" content=\"https:\/\/raseiniuautobusuparkas.lt\/en\/planuojamas-naujas-miesto-marsrutas\/\" \/>\n<meta property=\"og:site_name\" content=\"Raseini\u0173 autobus\u0173 parkas\" \/>\n<meta property=\"article:modified_time\" content=\"2021-06-11T10:25:35+00:00\" \/>\n<meta property=\"og:image\" content=\"https:\/\/raseiniuautobusuparkas.lt\/wp-content\/uploads\/2021\/06\/PLANAS-M-2-2-1024x632.jpg\" \/>\n<meta name=\"twitter:card\" content=\"summary_large_image\" \/>\n<script type=\"application\/ld+json\" class=\"yoast-schema-graph\">{\"@context\":\"https:\/\/schema.org\",\"@graph\":[{\"@type\":\"WebPage\",\"@id\":\"https:\/\/raseiniuautobusuparkas.lt\/planuojamas-naujas-miesto-marsrutas\/\",\"url\":\"https:\/\/raseiniuautobusuparkas.lt\/planuojamas-naujas-miesto-marsrutas\/\",\"name\":\"PLANUOJAMAS NAUJAS MIESTO MAR\u0160RUTAS | Raseini\u0173 autobus\u0173 parkas\",\"isPartOf\":{\"@id\":\"https:\/\/raseiniuautobusuparkas.lt\/#website\"},\"primaryImageOfPage\":{\"@id\":\"https:\/\/raseiniuautobusuparkas.lt\/planuojamas-naujas-miesto-marsrutas\/#primaryimage\"},\"image\":{\"@id\":\"https:\/\/raseiniuautobusuparkas.lt\/planuojamas-naujas-miesto-marsrutas\/#primaryimage\"},\"thumbnailUrl\":\"https:\/\/raseiniuautobusuparkas.lt\/wp-content\/uploads\/2021\/06\/PLANAS-M-2-2-1024x632.jpg\",\"datePublished\":\"2021-06-11T10:25:34+00:00\",\"dateModified\":\"2021-06-11T10:25:35+00:00\",\"breadcrumb\":{\"@id\":\"https:\/\/raseiniuautobusuparkas.lt\/planuojamas-naujas-miesto-marsrutas\/#breadcrumb\"},\"inLanguage\":\"en-US\",\"potentialAction\":[{\"@type\":\"ReadAction\",\"target\":[\"https:\/\/raseiniuautobusuparkas.lt\/planuojamas-naujas-miesto-marsrutas\/\"]}]},{\"@type\":\"ImageObject\",\"inLanguage\":\"en-US\",\"@id\":\"https:\/\/raseiniuautobusuparkas.lt\/planuojamas-naujas-miesto-marsrutas\/#primaryimage\",\"url\":\"https:\/\/raseiniuautobusuparkas.lt\/wp-content\/uploads\/2021\/06\/PLANAS-M-2-2-1024x632.jpg\",\"contentUrl\":\"https:\/\/raseiniuautobusuparkas.lt\/wp-content\/uploads\/2021\/06\/PLANAS-M-2-2-1024x632.jpg\"},{\"@type\":\"BreadcrumbList\",\"@id\":\"https:\/\/raseiniuautobusuparkas.lt\/planuojamas-naujas-miesto-marsrutas\/#breadcrumb\",\"itemListElement\":[{\"@type\":\"ListItem\",\"position\":1,\"name\":\"Home\",\"item\":\"https:\/\/raseiniuautobusuparkas.lt\/\"},{\"@type\":\"ListItem\",\"position\":2,\"name\":\"PLANUOJAMAS NAUJAS MIESTO MAR\u0160RUTAS\"}]},{\"@type\":\"WebSite\",\"@id\":\"https:\/\/raseiniuautobusuparkas.lt\/#website\",\"url\":\"https:\/\/raseiniuautobusuparkas.lt\/\",\"name\":\"Raseini\u0173 autobus\u0173 parkas\",\"description\":\"Autobus\u0173 kompanija\",\"publisher\":{\"@id\":\"https:\/\/raseiniuautobusuparkas.lt\/#organization\"},\"potentialAction\":[{\"@type\":\"SearchAction\",\"target\":{\"@type\":\"EntryPoint\",\"urlTemplate\":\"https:\/\/raseiniuautobusuparkas.lt\/?s={search_term_string}\"},\"query-input\":{\"@type\":\"PropertyValueSpecification\",\"valueRequired\":true,\"valueName\":\"search_term_string\"}}],\"inLanguage\":\"en-US\"},{\"@type\":\"Organization\",\"@id\":\"https:\/\/raseiniuautobusuparkas.lt\/#organization\",\"name\":\"Raseini\u0173 autobus\u0173 parkas\",\"url\":\"https:\/\/raseiniuautobusuparkas.lt\/\",\"logo\":{\"@type\":\"ImageObject\",\"inLanguage\":\"en-US\",\"@id\":\"https:\/\/raseiniuautobusuparkas.lt\/#\/schema\/logo\/image\/\",\"url\":\"https:\/\/raseiniuautobusuparkas.lt\/wp-content\/uploads\/2020\/04\/output-onlinepngtools.png\",\"contentUrl\":\"https:\/\/raseiniuautobusuparkas.lt\/wp-content\/uploads\/2020\/04\/output-onlinepngtools.png\",\"width\":511,\"height\":98,\"caption\":\"Raseini\u0173 autobus\u0173 parkas\"},\"image\":{\"@id\":\"https:\/\/raseiniuautobusuparkas.lt\/#\/schema\/logo\/image\/\"}}]}<\/script>\n<!-- \/ Yoast SEO plugin. -->","yoast_head_json":{"title":"PLANUOJAMAS NAUJAS MIESTO MAR\u0160RUTAS | Raseini\u0173 autobus\u0173 parkas","robots":{"index":"index","follow":"follow","max-snippet":"max-snippet:-1","max-image-preview":"max-image-preview:large","max-video-preview":"max-video-preview:-1"},"canonical":"https:\/\/raseiniuautobusuparkas.lt\/en\/planuojamas-naujas-miesto-marsrutas\/","og_locale":"en_US","og_type":"article","og_title":"PLANUOJAMAS NAUJAS MIESTO MAR\u0160RUTAS | Raseini\u0173 autobus\u0173 parkas","og_url":"https:\/\/raseiniuautobusuparkas.lt\/en\/planuojamas-naujas-miesto-marsrutas\/","og_site_name":"Raseini\u0173 autobus\u0173 parkas","article_modified_time":"2021-06-11T10:25:35+00:00","og_image":[{"url":"https:\/\/raseiniuautobusuparkas.lt\/wp-content\/uploads\/2021\/06\/PLANAS-M-2-2-1024x632.jpg","type":"","width":"","height":""}],"twitter_card":"summary_large_image","schema":{"@context":"https:\/\/schema.org","@graph":[{"@type":"WebPage","@id":"https:\/\/raseiniuautobusuparkas.lt\/planuojamas-naujas-miesto-marsrutas\/","url":"https:\/\/raseiniuautobusuparkas.lt\/planuojamas-naujas-miesto-marsrutas\/","name":"PLANUOJAMAS NAUJAS MIESTO MAR\u0160RUTAS | Raseini\u0173 autobus\u0173 parkas","isPartOf":{"@id":"https:\/\/raseiniuautobusuparkas.lt\/#website"},"primaryImageOfPage":{"@id":"https:\/\/raseiniuautobusuparkas.lt\/planuojamas-naujas-miesto-marsrutas\/#primaryimage"},"image":{"@id":"https:\/\/raseiniuautobusuparkas.lt\/planuojamas-naujas-miesto-marsrutas\/#primaryimage"},"thumbnailUrl":"https:\/\/raseiniuautobusuparkas.lt\/wp-content\/uploads\/2021\/06\/PLANAS-M-2-2-1024x632.jpg","datePublished":"2021-06-11T10:25:34+00:00","dateModified":"2021-06-11T10:25:35+00:00","breadcrumb":{"@id":"https:\/\/raseiniuautobusuparkas.lt\/planuojamas-naujas-miesto-marsrutas\/#breadcrumb"},"inLanguage":"en-US","potentialAction":[{"@type":"ReadAction","target":["https:\/\/raseiniuautobusuparkas.lt\/planuojamas-naujas-miesto-marsrutas\/"]}]},{"@type":"ImageObject","inLanguage":"en-US","@id":"https:\/\/raseiniuautobusuparkas.lt\/planuojamas-naujas-miesto-marsrutas\/#primaryimage","url":"https:\/\/raseiniuautobusuparkas.lt\/wp-content\/uploads\/2021\/06\/PLANAS-M-2-2-1024x632.jpg","contentUrl":"https:\/\/raseiniuautobusuparkas.lt\/wp-content\/uploads\/2021\/06\/PLANAS-M-2-2-1024x632.jpg"},{"@type":"BreadcrumbList","@id":"https:\/\/raseiniuautobusuparkas.lt\/planuojamas-naujas-miesto-marsrutas\/#breadcrumb","itemListElement":[{"@type":"ListItem","position":1,"name":"Home","item":"https:\/\/raseiniuautobusuparkas.lt\/"},{"@type":"ListItem","position":2,"name":"PLANUOJAMAS NAUJAS MIESTO MAR\u0160RUTAS"}]},{"@type":"WebSite","@id":"https:\/\/raseiniuautobusuparkas.lt\/#website","url":"https:\/\/raseiniuautobusuparkas.lt\/","name":"Raseini\u0173 autobus\u0173 parkas","description":"Autobus\u0173 kompanija","publisher":{"@id":"https:\/\/raseiniuautobusuparkas.lt\/#organization"},"potentialAction":[{"@type":"SearchAction","target":{"@type":"EntryPoint","urlTemplate":"https:\/\/raseiniuautobusuparkas.lt\/?s={search_term_string}"},"query-input":{"@type":"PropertyValueSpecification","valueRequired":true,"valueName":"search_term_string"}}],"inLanguage":"en-US"},{"@type":"Organization","@id":"https:\/\/raseiniuautobusuparkas.lt\/#organization","name":"Raseini\u0173 autobus\u0173 parkas","url":"https:\/\/raseiniuautobusuparkas.lt\/","logo":{"@type":"ImageObject","inLanguage":"en-US","@id":"https:\/\/raseiniuautobusuparkas.lt\/#\/schema\/logo\/image\/","url":"https:\/\/raseiniuautobusuparkas.lt\/wp-content\/uploads\/2020\/04\/output-onlinepngtools.png","contentUrl":"https:\/\/raseiniuautobusuparkas.lt\/wp-content\/uploads\/2020\/04\/output-onlinepngtools.png","width":511,"height":98,"caption":"Raseini\u0173 autobus\u0173 parkas"},"image":{"@id":"https:\/\/raseiniuautobusuparkas.lt\/#\/schema\/logo\/image\/"}}]}},"uagb_featured_image_src":{"full":false,"thumbnail":false,"medium":false,"medium_large":false,"large":false,"1536x1536":false,"2048x2048":false,"trp-custom-language-flag":false,"htmega_size_585x295":false,"htmega_size_1170x536":false,"htmega_size_396x360":false},"uagb_author_info":{"display_name":"Rasa","author_link":"https:\/\/raseiniuautobusuparkas.lt\/en\/author\/administratore\/"},"uagb_comment_info":0,"uagb_excerpt":null,"_links":{"self":[{"href":"https:\/\/raseiniuautobusuparkas.lt\/en\/wp-json\/wp\/v2\/pages\/3615","targetHints":{"allow":["GET"]}}],"collection":[{"href":"https:\/\/raseiniuautobusuparkas.lt\/en\/wp-json\/wp\/v2\/pages"}],"about":[{"href":"https:\/\/raseiniuautobusuparkas.lt\/en\/wp-json\/wp\/v2\/types\/page"}],"author":[{"embeddable":true,"href":"https:\/\/raseiniuautobusuparkas.lt\/en\/wp-json\/wp\/v2\/users\/2"}],"replies":[{"embeddable":true,"href":"https:\/\/raseiniuautobusuparkas.lt\/en\/wp-json\/wp\/v2\/comments?post=3615"}],"version-history":[{"count":0,"href":"https:\/\/raseiniuautobusuparkas.lt\/en\/wp-json\/wp\/v2\/pages\/3615\/revisions"}],"wp:attachment":[{"href":"https:\/\/raseiniuautobusuparkas.lt\/en\/wp-json\/wp\/v2\/media?parent=3615"}],"curies":[{"name":"wp","href":"https:\/\/api.w.org\/{rel}","templated":true}]}}