{"id":3181,"date":"2020-04-06T10:36:25","date_gmt":"2020-04-06T10:36:25","guid":{"rendered":"http:\/\/raseiniuautobusuparkas.lt\/?page_id=3181"},"modified":"2020-07-01T12:42:24","modified_gmt":"2020-07-01T12:42:24","slug":"karantino-laikotarpis","status":"publish","type":"page","link":"https:\/\/raseiniuautobusuparkas.lt\/en\/karantino-laikotarpis\/","title":{"rendered":"KARANTINO LAIKOTARPIS"},"content":{"rendered":"<p><strong><em>KELEIVI<\/em><\/strong><strong><em>\u0172 D\u0116MESIUI<\/em><\/strong><\/p>\n\n\n\n<p><strong>Nuo 2020 m. liepos 1 d. i\u0161 Raseini\u0173 autobus\u0173 stoties i\u0161vyksta autobusai \u0161iais mar\u0161rutais:<\/strong><\/p>\n\n\n\n<p>Druskininkus per Kaun\u0105, Alyt\u0173 11.10 val.<\/p>\n\n\n\n<p>Jurbark\u0105 \u2013 8.00 val. be S, 14.00 val. be S, 15.30 val.;<\/p>\n\n\n\n<p>Kaun\u0105 \u2013 7.00 val. be S; 7.45 val. pirmadieniais ir penktadieniais, 8.45 val. be S., 10.45 val., 13.05 val., 15.00 val., 16.10 val., 18.15 val., 19.25 val. be \u0160;<\/p>\n\n\n\n<p>Kelm\u0119 per \u0160iluv\u0105 \u2013 9.20 val.;<\/p>\n\n\n\n<p>Klaip\u0117d\u0105 \u2013 11.10 val.;<\/p>\n\n\n\n<p>Klaip\u0117d\u0105 per Rietav\u0105, Garg\u017edus \u2013 9.55 val.;<\/p>\n\n\n\n<p>Laukuv\u0105 ir Kaltin\u0117nus \u2013 11.45 val., 18.25 val.;<\/p>\n\n\n\n<p>Palang\u0105 per Klaip\u0117d\u0105, Rietav\u0105, Garg\u017edus \u2013 12.55 val.;<\/p>\n\n\n\n<p>Plung\u0119 per \u0160iluv\u0105 \u2013 9.20 val.;<\/p>\n\n\n\n<p>Skuod\u0105 per Plung\u0119 \u2013 18.25 val.;<\/p>\n\n\n\n<p>Skuod\u0105 per \u0160iluv\u0105 \u2013 9.20 val.;<\/p>\n\n\n\n<p>Skuod\u0105 per \u0160iluv\u0105, Tytuv\u0117nus \u2013 9.20 val.;<\/p>\n\n\n\n<p>Radvili\u0161k\u012f per Tytuv\u0117nus \u2013 10.05 val.;<\/p>\n\n\n\n<p>\u0160akius \u2013 15.30 val.;<\/p>\n\n\n\n<p>\u0160iaulius per \u0160iluv\u0105 \u2013 10.05 val.; 21.33 val.;<\/p>\n\n\n\n<p>\u0160iaulius per Vidukl\u0119, Kelm\u0119 \u2013 7.55 val.;<\/p>\n\n\n\n<p>\u0160ilal\u0119 per Taurag\u0119 \u2013 8.35 val., 11.00 val., 15.30 val.;<\/p>\n\n\n\n<p>\u0160vent\u0105j\u0105 per Klaip\u0117d\u0105, Palang\u0105 \u2013 11.10 val.<\/p>\n\n\n\n<p>Taurag\u0119 \u2013 12.36 val. be S., 19.36 val.;<\/p>\n\n\n\n<p>Tel\u0161ius \u2013 9.20 val., 11.45 val., 13.55 val. be S.;<\/p>\n\n\n\n<p>Tel\u0161ius per \u0160iluv\u0105 \u2013 15,45 val. pirmadieniais ir penktadieniais<\/p>\n\n\n\n<p>Vilkavi\u0161k\u012f \u2013 15.30 val.;<\/p>\n\n\n\n<p>Vilni\u0173 (ekspresas) \u2013 8.00 val., 14.00 val., 19.30 val.;<\/p>\n\n\n\n<p>Vilni\u0173 per Kaun\u0105 \u2013 9.55 val., 13.45 val., 17.00 val.,17.30 val. (be Ariogalos);<\/p>\n\n\n\n<p>Ma\u017eeikius \u2013 11.45 val.;<\/p>\n\n\n\n<p>Varnius \u2013 11.45 val.;<\/p>\n\n\n\n<p>Ariogal\u0105 per Betygal\u0105 \u2013 5.30 val. d.d., 10.45 val. d.d.;<\/p>\n\n\n\n<p>Ariogal\u0105 per Kups\u010dius \u2013 6.10 val. d.d. ir&nbsp; 13.20 val. pirmadieniais, ketvirtadieniais;<\/p>\n\n\n\n<p>Betygal\u0105 per Pik\u010di\u016bnus \u2013 17.15 val. d.d;<\/p>\n\n\n\n<p>Betygal\u0105 per Saugailius 7.40 val. antradieniais ir penktadieniais;<\/p>\n\n\n\n<p>Mila\u0161ai\u010dius \u2013 6.35 val. d.d., 13.10 val. antradieniais, penktadieniais;<\/p>\n\n\n\n<p>Nemak\u0161\u010dius per Vidukl\u0119 \u2013 12.25 val.;<\/p>\n\n\n\n<p>Plikius per Ariogal\u0105 \u2013 6.05 val. ir 13.00 val. antradieniais, ketvirtadieniais;<\/p>\n\n\n\n<p>Pramed\u017eiav\u0105 per Girkaln\u012f \u2013 17.15 val. d.d.;<\/p>\n\n\n\n<p>Ra\u017eait\u0117lius per Girkaln\u012f \u2013 6.15 val. d.d., 11.00 val. d.d.;<\/p>\n\n\n\n<p>\u0160auklius, Bliud\u017eius \u2013 6.40 val. d.d. ir&nbsp; 13.55 val. antradieniais, ketvirtadieniais, penktadieniais;<\/p>\n\n\n\n<p>\u0160iluv\u0105 \u2013 17.15 val. d.d.;<\/p>\n\n\n\n<p>\u0160iluv\u0105 \u2013 8.00 val. kiekvieno m\u0117nesio 13 dien\u0105;<\/p>\n\n\n\n<p>\u0160iluv\u0105 per Lyduv\u0117nus \u2013 6.35 val. d.d. ir 14.15 val. antradieniais, penktadieniais;<\/p>\n\n\n\n<p>Tytuv\u0117nus per \u0160iluv\u0105 \u2013 13.10. val. pirmadieniais, tre\u010diadieniais, ketvirtadieniais;<\/p>\n\n\n\n<p>Vidukl\u0119 per Paup\u012f \u2013 13.15 val. tre\u010diadieniais;<\/p>\n\n\n\n<p>Vidukl\u0119 per Pry\u0161man\u010diai \u2013 6.15 val. ir 13.05 val. pirmadieniais, tre\u010diadieniais;<\/p>\n\n\n\n<p>I\u0161 Vidukl\u0117s per Paup\u012f \u2013 6.55 tre\u010diadieniais;<\/p>\n\n\n\n<p>Volungi\u0161k\u0119 per Kalnujus \u2013 6.30 val. ir 13.55 val. pirmadieniais, tre\u010diadieniais;<\/p>\n\n\n\n<p>Vosili\u0161k\u012f \u2013 7.30 val. ir 14.25 val. pirmadieniais, tre\u010diadieniais ir penkdieniais.<\/p>\n\n\n\n<p>Budrai\u010diai per \u0160iluv\u0105 \u2013 9.00 val. d.d.;<\/p>\n\n\n\n<p>Nemak\u0161\u010diai per Vidukl\u0119 \u2013 12.25 val. d.d.;<\/p>\n\n\n\n<p>Litvinai per Akstinus, \u0160iluv\u0105 7.45 val., 14.15 val. tre\u010diadieniais;<\/p>\n\n\n\n<p>Ilgi\u017eiai per Betygal\u0105, Saugailius 14.25 val. antradieniais ir penktadieniais;<\/p>\n\n\n\n<p>Mi\u0161k\u0173 ur\u0117dija \u2013 Stonai \u2013 Ramonai \u2013 Autoservisas \u2013 6.20 val. d.d.;<\/p>\n\n\n\n<p>Raseini\u0173 autobus\u0173 stotis dirba nuo 8.00 val. iki 17.00 val. darbo dienomis.<\/p>\n\n\n\n<p>Informacija teikiama tel.: +370 428 51333, +370 615 28351 nuo 8.00 val. iki 17.00 val.<\/p>\n\n\n\n<p>Administracija<\/p>\n\n\n\n<p><\/p>","protected":false},"excerpt":{"rendered":"<p>KELEIVI\u0172 D\u0116MESIUI Nuo 2020 m. liepos 1 d. i\u0161 Raseini\u0173 autobus\u0173 stoties i\u0161vyksta autobusai \u0161iais mar\u0161rutais: Druskininkus per Kaun\u0105, Alyt\u0173 11.10 val. Jurbark\u0105 \u2013 8.00 val. be S, 14.00 val. be S, 15.30 val.; Kaun\u0105 \u2013 7.00 val. be S; 7.45 val. pirmadieniais ir penktadieniais, 8.45 val. be S., 10.45 val., 13.05 val., 15.00 val., [&hellip;]<\/p>","protected":false},"author":1,"featured_media":0,"parent":0,"menu_order":0,"comment_status":"closed","ping_status":"closed","template":"","meta":{"_uag_custom_page_level_css":"","site-sidebar-layout":"default","site-content-layout":"default","ast-site-content-layout":"default","site-content-style":"default","site-sidebar-style":"default","ast-global-header-display":"","ast-banner-title-visibility":"","ast-main-header-display":"","ast-hfb-above-header-display":"","ast-hfb-below-header-display":"","ast-hfb-mobile-header-display":"","site-post-title":"disabled","ast-breadcrumbs-content":"","ast-featured-img":"","footer-sml-layout":"","theme-transparent-header-meta":"default","adv-header-id-meta":"","stick-header-meta":"","header-above-stick-meta":"","header-main-stick-meta":"","header-below-stick-meta":"","astra-migrate-meta-layouts":"default","ast-page-background-enabled":"default","ast-page-background-meta":{"desktop":{"background-color":"var(--ast-global-color-4)","background-image":"","background-repeat":"repeat","background-position":"center center","background-size":"auto","background-attachment":"scroll","background-type":"","background-media":"","overlay-type":"","overlay-color":"","overlay-opacity":"","overlay-gradient":""},"tablet":{"background-color":"","background-image":"","background-repeat":"repeat","background-position":"center center","background-size":"auto","background-attachment":"scroll","background-type":"","background-media":"","overlay-type":"","overlay-color":"","overlay-opacity":"","overlay-gradient":""},"mobile":{"background-color":"","background-image":"","background-repeat":"repeat","background-position":"center center","background-size":"auto","background-attachment":"scroll","background-type":"","background-media":"","overlay-type":"","overlay-color":"","overlay-opacity":"","overlay-gradient":""}},"ast-content-background-meta":{"desktop":{"background-color":"var(--ast-global-color-5)","background-image":"","background-repeat":"repeat","background-position":"center center","background-size":"auto","background-attachment":"scroll","background-type":"","background-media":"","overlay-type":"","overlay-color":"","overlay-opacity":"","overlay-gradient":""},"tablet":{"background-color":"var(--ast-global-color-5)","background-image":"","background-repeat":"repeat","background-position":"center center","background-size":"auto","background-attachment":"scroll","background-type":"","background-media":"","overlay-type":"","overlay-color":"","overlay-opacity":"","overlay-gradient":""},"mobile":{"background-color":"var(--ast-global-color-5)","background-image":"","background-repeat":"repeat","background-position":"center center","background-size":"auto","background-attachment":"scroll","background-type":"","background-media":"","overlay-type":"","overlay-color":"","overlay-opacity":"","overlay-gradient":""}},"footnotes":""},"class_list":["post-3181","page","type-page","status-publish","hentry"],"yoast_head":"<!-- This site is optimized with the Yoast SEO plugin v25.7 - https:\/\/yoast.com\/wordpress\/plugins\/seo\/ -->\n<title>KARANTINO LAIKOTARPIS | Raseini\u0173 autobus\u0173 parkas<\/title>\n<meta name=\"robots\" content=\"index, follow, max-snippet:-1, max-image-preview:large, max-video-preview:-1\" \/>\n<link rel=\"canonical\" href=\"https:\/\/raseiniuautobusuparkas.lt\/en\/karantino-laikotarpis\/\" \/>\n<meta property=\"og:locale\" content=\"en_US\" \/>\n<meta property=\"og:type\" content=\"article\" \/>\n<meta property=\"og:title\" content=\"KARANTINO LAIKOTARPIS | Raseini\u0173 autobus\u0173 parkas\" \/>\n<meta property=\"og:description\" content=\"KELEIVI\u0172 D\u0116MESIUI Nuo 2020 m. liepos 1 d. i\u0161 Raseini\u0173 autobus\u0173 stoties i\u0161vyksta autobusai \u0161iais mar\u0161rutais: Druskininkus per Kaun\u0105, Alyt\u0173 11.10 val. Jurbark\u0105 \u2013 8.00 val. be S, 14.00 val. be S, 15.30 val.; Kaun\u0105 \u2013 7.00 val. be S; 7.45 val. pirmadieniais ir penktadieniais, 8.45 val. be S., 10.45 val., 13.05 val., 15.00 val., [&hellip;]\" \/>\n<meta property=\"og:url\" content=\"https:\/\/raseiniuautobusuparkas.lt\/en\/karantino-laikotarpis\/\" \/>\n<meta property=\"og:site_name\" content=\"Raseini\u0173 autobus\u0173 parkas\" \/>\n<meta property=\"article:modified_time\" content=\"2020-07-01T12:42:24+00:00\" \/>\n<meta name=\"twitter:card\" content=\"summary_large_image\" \/>\n<meta name=\"twitter:label1\" content=\"Est. reading time\" \/>\n\t<meta name=\"twitter:data1\" content=\"2 minutes\" \/>\n<script type=\"application\/ld+json\" class=\"yoast-schema-graph\">{\"@context\":\"https:\/\/schema.org\",\"@graph\":[{\"@type\":\"WebPage\",\"@id\":\"https:\/\/raseiniuautobusuparkas.lt\/karantino-laikotarpis\/\",\"url\":\"https:\/\/raseiniuautobusuparkas.lt\/karantino-laikotarpis\/\",\"name\":\"KARANTINO LAIKOTARPIS | Raseini\u0173 autobus\u0173 parkas\",\"isPartOf\":{\"@id\":\"https:\/\/raseiniuautobusuparkas.lt\/#website\"},\"datePublished\":\"2020-04-06T10:36:25+00:00\",\"dateModified\":\"2020-07-01T12:42:24+00:00\",\"breadcrumb\":{\"@id\":\"https:\/\/raseiniuautobusuparkas.lt\/karantino-laikotarpis\/#breadcrumb\"},\"inLanguage\":\"en-US\",\"potentialAction\":[{\"@type\":\"ReadAction\",\"target\":[\"https:\/\/raseiniuautobusuparkas.lt\/karantino-laikotarpis\/\"]}]},{\"@type\":\"BreadcrumbList\",\"@id\":\"https:\/\/raseiniuautobusuparkas.lt\/karantino-laikotarpis\/#breadcrumb\",\"itemListElement\":[{\"@type\":\"ListItem\",\"position\":1,\"name\":\"Home\",\"item\":\"https:\/\/raseiniuautobusuparkas.lt\/\"},{\"@type\":\"ListItem\",\"position\":2,\"name\":\"KARANTINO LAIKOTARPIS\"}]},{\"@type\":\"WebSite\",\"@id\":\"https:\/\/raseiniuautobusuparkas.lt\/#website\",\"url\":\"https:\/\/raseiniuautobusuparkas.lt\/\",\"name\":\"Raseini\u0173 autobus\u0173 parkas\",\"description\":\"Autobus\u0173 kompanija\",\"publisher\":{\"@id\":\"https:\/\/raseiniuautobusuparkas.lt\/#organization\"},\"potentialAction\":[{\"@type\":\"SearchAction\",\"target\":{\"@type\":\"EntryPoint\",\"urlTemplate\":\"https:\/\/raseiniuautobusuparkas.lt\/?s={search_term_string}\"},\"query-input\":{\"@type\":\"PropertyValueSpecification\",\"valueRequired\":true,\"valueName\":\"search_term_string\"}}],\"inLanguage\":\"en-US\"},{\"@type\":\"Organization\",\"@id\":\"https:\/\/raseiniuautobusuparkas.lt\/#organization\",\"name\":\"Raseini\u0173 autobus\u0173 parkas\",\"url\":\"https:\/\/raseiniuautobusuparkas.lt\/\",\"logo\":{\"@type\":\"ImageObject\",\"inLanguage\":\"en-US\",\"@id\":\"https:\/\/raseiniuautobusuparkas.lt\/#\/schema\/logo\/image\/\",\"url\":\"https:\/\/raseiniuautobusuparkas.lt\/wp-content\/uploads\/2020\/04\/output-onlinepngtools.png\",\"contentUrl\":\"https:\/\/raseiniuautobusuparkas.lt\/wp-content\/uploads\/2020\/04\/output-onlinepngtools.png\",\"width\":511,\"height\":98,\"caption\":\"Raseini\u0173 autobus\u0173 parkas\"},\"image\":{\"@id\":\"https:\/\/raseiniuautobusuparkas.lt\/#\/schema\/logo\/image\/\"}}]}<\/script>\n<!-- \/ Yoast SEO plugin. -->","yoast_head_json":{"title":"KARANTINO LAIKOTARPIS | Raseini\u0173 autobus\u0173 parkas","robots":{"index":"index","follow":"follow","max-snippet":"max-snippet:-1","max-image-preview":"max-image-preview:large","max-video-preview":"max-video-preview:-1"},"canonical":"https:\/\/raseiniuautobusuparkas.lt\/en\/karantino-laikotarpis\/","og_locale":"en_US","og_type":"article","og_title":"KARANTINO LAIKOTARPIS | Raseini\u0173 autobus\u0173 parkas","og_description":"KELEIVI\u0172 D\u0116MESIUI Nuo 2020 m. liepos 1 d. i\u0161 Raseini\u0173 autobus\u0173 stoties i\u0161vyksta autobusai \u0161iais mar\u0161rutais: Druskininkus per Kaun\u0105, Alyt\u0173 11.10 val. Jurbark\u0105 \u2013 8.00 val. be S, 14.00 val. be S, 15.30 val.; Kaun\u0105 \u2013 7.00 val. be S; 7.45 val. pirmadieniais ir penktadieniais, 8.45 val. be S., 10.45 val., 13.05 val., 15.00 val., [&hellip;]","og_url":"https:\/\/raseiniuautobusuparkas.lt\/en\/karantino-laikotarpis\/","og_site_name":"Raseini\u0173 autobus\u0173 parkas","article_modified_time":"2020-07-01T12:42:24+00:00","twitter_card":"summary_large_image","twitter_misc":{"Est. reading time":"2 minutes"},"schema":{"@context":"https:\/\/schema.org","@graph":[{"@type":"WebPage","@id":"https:\/\/raseiniuautobusuparkas.lt\/karantino-laikotarpis\/","url":"https:\/\/raseiniuautobusuparkas.lt\/karantino-laikotarpis\/","name":"KARANTINO LAIKOTARPIS | Raseini\u0173 autobus\u0173 parkas","isPartOf":{"@id":"https:\/\/raseiniuautobusuparkas.lt\/#website"},"datePublished":"2020-04-06T10:36:25+00:00","dateModified":"2020-07-01T12:42:24+00:00","breadcrumb":{"@id":"https:\/\/raseiniuautobusuparkas.lt\/karantino-laikotarpis\/#breadcrumb"},"inLanguage":"en-US","potentialAction":[{"@type":"ReadAction","target":["https:\/\/raseiniuautobusuparkas.lt\/karantino-laikotarpis\/"]}]},{"@type":"BreadcrumbList","@id":"https:\/\/raseiniuautobusuparkas.lt\/karantino-laikotarpis\/#breadcrumb","itemListElement":[{"@type":"ListItem","position":1,"name":"Home","item":"https:\/\/raseiniuautobusuparkas.lt\/"},{"@type":"ListItem","position":2,"name":"KARANTINO LAIKOTARPIS"}]},{"@type":"WebSite","@id":"https:\/\/raseiniuautobusuparkas.lt\/#website","url":"https:\/\/raseiniuautobusuparkas.lt\/","name":"Raseini\u0173 autobus\u0173 parkas","description":"Autobus\u0173 kompanija","publisher":{"@id":"https:\/\/raseiniuautobusuparkas.lt\/#organization"},"potentialAction":[{"@type":"SearchAction","target":{"@type":"EntryPoint","urlTemplate":"https:\/\/raseiniuautobusuparkas.lt\/?s={search_term_string}"},"query-input":{"@type":"PropertyValueSpecification","valueRequired":true,"valueName":"search_term_string"}}],"inLanguage":"en-US"},{"@type":"Organization","@id":"https:\/\/raseiniuautobusuparkas.lt\/#organization","name":"Raseini\u0173 autobus\u0173 parkas","url":"https:\/\/raseiniuautobusuparkas.lt\/","logo":{"@type":"ImageObject","inLanguage":"en-US","@id":"https:\/\/raseiniuautobusuparkas.lt\/#\/schema\/logo\/image\/","url":"https:\/\/raseiniuautobusuparkas.lt\/wp-content\/uploads\/2020\/04\/output-onlinepngtools.png","contentUrl":"https:\/\/raseiniuautobusuparkas.lt\/wp-content\/uploads\/2020\/04\/output-onlinepngtools.png","width":511,"height":98,"caption":"Raseini\u0173 autobus\u0173 parkas"},"image":{"@id":"https:\/\/raseiniuautobusuparkas.lt\/#\/schema\/logo\/image\/"}}]}},"uagb_featured_image_src":{"full":false,"thumbnail":false,"medium":false,"medium_large":false,"large":false,"1536x1536":false,"2048x2048":false,"trp-custom-language-flag":false,"htmega_size_585x295":false,"htmega_size_1170x536":false,"htmega_size_396x360":false},"uagb_author_info":{"display_name":"just.pipiras","author_link":"https:\/\/raseiniuautobusuparkas.lt\/en\/author\/just-pipiras\/"},"uagb_comment_info":0,"uagb_excerpt":"KELEIVI\u0172 D\u0116MESIUI Nuo 2020 m. liepos 1 d. i\u0161 Raseini\u0173 autobus\u0173 stoties i\u0161vyksta autobusai \u0161iais mar\u0161rutais: Druskininkus per Kaun\u0105, Alyt\u0173 11.10 val. Jurbark\u0105 \u2013 8.00 val. be S, 14.00 val. be S, 15.30 val.; Kaun\u0105 \u2013 7.00 val. be S; 7.45 val. pirmadieniais ir penktadieniais, 8.45 val. be S., 10.45 val., 13.05 val., 15.00 val.,&hellip;","_links":{"self":[{"href":"https:\/\/raseiniuautobusuparkas.lt\/en\/wp-json\/wp\/v2\/pages\/3181","targetHints":{"allow":["GET"]}}],"collection":[{"href":"https:\/\/raseiniuautobusuparkas.lt\/en\/wp-json\/wp\/v2\/pages"}],"about":[{"href":"https:\/\/raseiniuautobusuparkas.lt\/en\/wp-json\/wp\/v2\/types\/page"}],"author":[{"embeddable":true,"href":"https:\/\/raseiniuautobusuparkas.lt\/en\/wp-json\/wp\/v2\/users\/1"}],"replies":[{"embeddable":true,"href":"https:\/\/raseiniuautobusuparkas.lt\/en\/wp-json\/wp\/v2\/comments?post=3181"}],"version-history":[{"count":0,"href":"https:\/\/raseiniuautobusuparkas.lt\/en\/wp-json\/wp\/v2\/pages\/3181\/revisions"}],"wp:attachment":[{"href":"https:\/\/raseiniuautobusuparkas.lt\/en\/wp-json\/wp\/v2\/media?parent=3181"}],"curies":[{"name":"wp","href":"https:\/\/api.w.org\/{rel}","templated":true}]}}