{"id":2941,"date":"2020-03-31T13:57:34","date_gmt":"2020-03-31T13:57:34","guid":{"rendered":"http:\/\/raseiniuautobusuparkas.lt\/?page_id=2941"},"modified":"2025-08-21T10:51:01","modified_gmt":"2025-08-21T10:51:01","slug":"isvykimas-is-raseiniu-autobusu-stoties","status":"publish","type":"page","link":"https:\/\/raseiniuautobusuparkas.lt\/en\/isvykimas-is-raseiniu-autobusu-stoties\/","title":{"rendered":"Tarpmies\u010dio autobus\u0173 tvarkara\u0161tis"},"content":{"rendered":"<div data-elementor-type=\"wp-page\" data-elementor-id=\"2941\" class=\"elementor elementor-2941\">\n\t\t\t\t\t\t<section class=\"elementor-section elementor-top-section elementor-element elementor-element-6d495b1 elementor-section-boxed elementor-section-height-default elementor-section-height-default\" data-id=\"6d495b1\" data-element_type=\"section\">\n\t\t\t\t\t\t<div class=\"elementor-container elementor-column-gap-default\">\n\t\t\t\t\t<div class=\"elementor-column elementor-col-20 elementor-top-column elementor-element elementor-element-dc79276\" data-id=\"dc79276\" data-element_type=\"column\">\n\t\t\t<div class=\"elementor-widget-wrap\">\n\t\t\t\t\t\t\t<\/div>\n\t\t<\/div>\n\t\t\t\t<div class=\"elementor-column elementor-col-20 elementor-top-column elementor-element elementor-element-2ec3133\" data-id=\"2ec3133\" data-element_type=\"column\">\n\t\t\t<div class=\"elementor-widget-wrap\">\n\t\t\t\t\t\t\t<\/div>\n\t\t<\/div>\n\t\t\t\t<div class=\"elementor-column elementor-col-20 elementor-top-column elementor-element elementor-element-9ea802d\" data-id=\"9ea802d\" data-element_type=\"column\">\n\t\t\t<div class=\"elementor-widget-wrap elementor-element-populated\">\n\t\t\t\t\t\t<div class=\"elementor-element elementor-element-7e187b7 elementor-widget elementor-widget-text-editor\" data-id=\"7e187b7\" data-element_type=\"widget\" data-widget_type=\"text-editor.default\">\n\t\t\t\t<div class=\"elementor-widget-container\">\n\t\t\t\t\t\t\t\t\t<p style=\"text-align: center;\"><strong>LEGENDA<\/strong><br \/><strong>Pr<\/strong> &#8211; Va\u017eiuoja pirmadieniais<br \/><strong> A<\/strong> &#8211; Va\u017eiuoja antradieniais<br \/><strong> T<\/strong> &#8211; Va\u017eiuoja tre\u010diadieniais<br \/><strong> K<\/strong> &#8211; Va\u017eiuoja ketvirtadieniais<br \/><strong> Pn<\/strong> &#8211; Va\u017eiuoja penktadieniais<br \/><strong>\u0160<\/strong> &#8211; Va\u017eiuoja \u0161e\u0161tadieniais<br \/><strong>S<\/strong> &#8211; Va\u017eiuoja sekmadieniais<br \/><strong>D.d<\/strong>. &#8211; Va\u017eiuoja darbo dienomis<\/p>\t\t\t\t\t\t\t\t<\/div>\n\t\t\t\t<\/div>\n\t\t\t\t\t<\/div>\n\t\t<\/div>\n\t\t\t\t<div class=\"elementor-column elementor-col-20 elementor-top-column elementor-element elementor-element-79ffde4\" data-id=\"79ffde4\" data-element_type=\"column\">\n\t\t\t<div class=\"elementor-widget-wrap\">\n\t\t\t\t\t\t\t<\/div>\n\t\t<\/div>\n\t\t\t\t<div class=\"elementor-column elementor-col-20 elementor-top-column elementor-element elementor-element-0550f77\" data-id=\"0550f77\" data-element_type=\"column\">\n\t\t\t<div class=\"elementor-widget-wrap\">\n\t\t\t\t\t\t\t<\/div>\n\t\t<\/div>\n\t\t\t\t\t<\/div>\n\t\t<\/section>\n\t\t\t\t<section class=\"elementor-section elementor-top-section elementor-element elementor-element-2d08010 elementor-section-boxed elementor-section-height-default elementor-section-height-default\" data-id=\"2d08010\" data-element_type=\"section\">\n\t\t\t\t\t\t<div class=\"elementor-container elementor-column-gap-default\">\n\t\t\t\t\t<div class=\"elementor-column elementor-col-100 elementor-top-column elementor-element elementor-element-fce97c2\" data-id=\"fce97c2\" data-element_type=\"column\">\n\t\t\t<div class=\"elementor-widget-wrap elementor-element-populated\">\n\t\t\t\t\t\t<div class=\"elementor-element elementor-element-c744d62 elementor-widget elementor-widget-shortcode\" data-id=\"c744d62\" data-element_type=\"widget\" data-widget_type=\"shortcode.default\">\n\t\t\t\t<div class=\"elementor-widget-container\">\n\t\t\t\t\t\t\t<div class=\"elementor-shortcode\">\n<table id=\"tablepress-3\" class=\"tablepress tablepress-id-3\">\n<thead>\n<tr class=\"row-1\">\n\t<th class=\"column-1\">Kryptis<\/th><th class=\"column-2\">Aik\u0161tel\u0117<\/th><th class=\"column-3\">Laikas<\/th>\n<\/tr>\n<\/thead>\n<tbody class=\"row-striping row-hover\">\n<tr class=\"row-2\">\n\t<td class=\"column-1\">Alytus<\/td><td class=\"column-2\">Nr. 3<\/td><td class=\"column-3\">11.10 val.<br \/>\n<\/td>\n<\/tr>\n<tr class=\"row-3\">\n\t<td class=\"column-1\">Druskininkai<\/td><td class=\"column-2\">Nr. 3<\/td><td class=\"column-3\">11.10 val.<br \/>\n<\/td>\n<\/tr>\n<tr class=\"row-4\">\n\t<td class=\"column-1\">Jurbarkas<\/td><td class=\"column-2\">Nr. 1<\/td><td class=\"column-3\">8.00 val. be S.<br \/>\n14.00 val. be S.<\/td>\n<\/tr>\n<tr class=\"row-5\">\n\t<td class=\"column-1\">Kaunas<\/td><td class=\"column-2\">Nr. 3<\/td><td class=\"column-3\">7.45 val. Pr; Pn;<br \/>\n8.45 val. be Sk.;<br \/>\n9.55 val.<br \/>\n10.45 val.<br \/>\n11.10 val.<br \/>\n13.45 val.<br \/>\n16.10 val.<br \/>\n17.00 val.<br \/>\n19.25 val. be \u0160;<\/td>\n<\/tr>\n<tr class=\"row-6\">\n\t<td class=\"column-1\">Kelm\u0117 (per \u0160iluv\u0105)<\/td><td class=\"column-2\">Nr. 5<br \/>\n<\/td><td class=\"column-3\">9.10 val.<br \/>\n<\/td>\n<\/tr>\n<tr class=\"row-7\">\n\t<td class=\"column-1\">Kelm\u0117 (per Liolius)<\/td><td class=\"column-2\">Nr. 3<br \/>\nNr. 3<\/td><td class=\"column-3\">10.00 val. D. d.<br \/>\n17.05 val. D. d.<\/td>\n<\/tr>\n<tr class=\"row-8\">\n\t<td class=\"column-1\">Klaip\u0117da<\/td><td class=\"column-2\">Nr. 6<\/td><td class=\"column-3\">9.55 val.<br \/>\n11.10 val.<br \/>\n12.55 val.<\/td>\n<\/tr>\n<tr class=\"row-9\">\n\t<td class=\"column-1\">Palanga<\/td><td class=\"column-2\">Nr. 6 eksp.<br \/>\nNr. 6<br \/>\n<\/td><td class=\"column-3\">11.10 val.<br \/>\n12.55 val. <\/td>\n<\/tr>\n<tr class=\"row-10\">\n\t<td class=\"column-1\">Plung\u0117<br \/>\n<\/td><td class=\"column-2\">Nr. 5<\/td><td class=\"column-3\">18.25 val.<br \/>\n<\/td>\n<\/tr>\n<tr class=\"row-11\">\n\t<td class=\"column-1\">Skuodas (per Plung\u0119)<\/td><td class=\"column-2\">Nr. 5<\/td><td class=\"column-3\">18.25 val.<\/td>\n<\/tr>\n<tr class=\"row-12\">\n\t<td class=\"column-1\"><\/td><td class=\"column-2\"><\/td><td class=\"column-3\"><\/td>\n<\/tr>\n<tr class=\"row-13\">\n\t<td class=\"column-1\">Tel\u0161iai<\/td><td class=\"column-2\">Nr. 5<br \/>\nNr. 2 <br \/>\n<\/td><td class=\"column-3\">13.55 val. be S. <br \/>\n15.45 val. P., Pn.;<br \/>\n<br \/>\n<\/td>\n<\/tr>\n<tr class=\"row-14\">\n\t<td class=\"column-1\"><\/td><td class=\"column-2\"><\/td><td class=\"column-3\"><\/td>\n<\/tr>\n<tr class=\"row-15\">\n\t<td class=\"column-1\">Taurag\u0117<\/td><td class=\"column-2\">Nr. 5<\/td><td class=\"column-3\">8.35 val.<br \/>\n11.00 val. <br \/>\n15.30 val. <br \/>\n<\/td>\n<\/tr>\n<tr class=\"row-16\">\n\t<td class=\"column-1\">Vilnius<\/td><td class=\"column-2\">Nr. 3 eksp.<br \/>\nNr. 3<br \/>\nNr. 3<br \/>\nNr. 3 eksp.<br \/>\nNr. 3<br \/>\nNr. 3<br \/>\nNr. 3 eksp.<\/td><td class=\"column-3\">8.00 val.<br \/>\n9.55 val.<br \/>\n13.45 val.<br \/>\n14.05 val.<br \/>\n17.00 val.<br \/>\n17.50 val. (be Ariogalos)<br \/>\n19.30 val.<br \/>\n<\/td>\n<\/tr>\n<tr class=\"row-17\">\n\t<td class=\"column-1\">Ma\u017eeikiai<\/td><td class=\"column-2\">Nr. 5<\/td><td class=\"column-3\">11.45 val.<br \/>\n14.45 val.<\/td>\n<\/tr>\n<tr class=\"row-18\">\n\t<td class=\"column-1\">\u0160ilal\u0117 (per Taurag\u0119)<\/td><td class=\"column-2\">Nr. 5<\/td><td class=\"column-3\">8.34 val.<br \/>\n11.00 val.<br \/>\n15.30 val.<\/td>\n<\/tr>\n<tr class=\"row-19\">\n\t<td class=\"column-1\">Laukuva (per Kaltin\u0117nus)<\/td><td class=\"column-2\">Nr. 5<br \/>\nNr. 6<br \/>\nNr. 5<br \/>\n<\/td><td class=\"column-3\">11.45 val.<br \/>\n12.55 val.<br \/>\n18.25 val.<\/td>\n<\/tr>\n<tr class=\"row-20\">\n\t<td class=\"column-1\">Rietavas<\/td><td class=\"column-2\">Nr. 5<br \/>\nNr. 6<br \/>\nNr. 6<br \/>\n<\/td><td class=\"column-3\">9.55 val.<br \/>\n12.55 val.<br \/>\n18.25 val.<\/td>\n<\/tr>\n<tr class=\"row-21\">\n\t<td class=\"column-1\">Garg\u017edai<\/td><td class=\"column-2\">Nr. 6<\/td><td class=\"column-3\">9.55 val.<br \/>\n12.55 val.<\/td>\n<\/tr>\n<tr class=\"row-22\">\n\t<td class=\"column-1\">Varniai<\/td><td class=\"column-2\">Nr. 5<\/td><td class=\"column-3\">11.45 val.<\/td>\n<\/tr>\n<tr class=\"row-23\">\n\t<td class=\"column-1\"><\/td><td class=\"column-2\"><\/td><td class=\"column-3\"><\/td>\n<\/tr>\n<\/tbody>\n<\/table>\n<!-- #tablepress-3 from cache -->\n<\/div>\n\t\t\t\t\t\t<\/div>\n\t\t\t\t<\/div>\n\t\t\t\t\t<\/div>\n\t\t<\/div>\n\t\t\t\t\t<\/div>\n\t\t<\/section>\n\t\t\t\t<\/div>","protected":false},"excerpt":{"rendered":"<p>LEGENDAPr &#8211; Va\u017eiuoja pirmadieniais A &#8211; Va\u017eiuoja antradieniais T &#8211; Va\u017eiuoja tre\u010diadieniais K &#8211; Va\u017eiuoja ketvirtadieniais Pn &#8211; Va\u017eiuoja penktadieniais\u0160 &#8211; Va\u017eiuoja \u0161e\u0161tadieniaisS &#8211; Va\u017eiuoja sekmadieniaisD.d. &#8211; Va\u017eiuoja darbo dienomis<\/p>","protected":false},"author":1,"featured_media":0,"parent":0,"menu_order":0,"comment_status":"closed","ping_status":"closed","template":"","meta":{"_uag_custom_page_level_css":"","site-sidebar-layout":"default","site-content-layout":"plain-container","ast-site-content-layout":"default","site-content-style":"default","site-sidebar-style":"default","ast-global-header-display":"","ast-banner-title-visibility":"","ast-main-header-display":"","ast-hfb-above-header-display":"","ast-hfb-below-header-display":"","ast-hfb-mobile-header-display":"","site-post-title":"disabled","ast-breadcrumbs-content":"","ast-featured-img":"","footer-sml-layout":"","theme-transparent-header-meta":"default","adv-header-id-meta":"","stick-header-meta":"","header-above-stick-meta":"","header-main-stick-meta":"","header-below-stick-meta":"","astra-migrate-meta-layouts":"default","ast-page-background-enabled":"default","ast-page-background-meta":{"desktop":{"background-color":"var(--ast-global-color-4)","background-image":"","background-repeat":"repeat","background-position":"center center","background-size":"auto","background-attachment":"scroll","background-type":"","background-media":"","overlay-type":"","overlay-color":"","overlay-opacity":"","overlay-gradient":""},"tablet":{"background-color":"","background-image":"","background-repeat":"repeat","background-position":"center center","background-size":"auto","background-attachment":"scroll","background-type":"","background-media":"","overlay-type":"","overlay-color":"","overlay-opacity":"","overlay-gradient":""},"mobile":{"background-color":"","background-image":"","background-repeat":"repeat","background-position":"center center","background-size":"auto","background-attachment":"scroll","background-type":"","background-media":"","overlay-type":"","overlay-color":"","overlay-opacity":"","overlay-gradient":""}},"ast-content-background-meta":{"desktop":{"background-color":"var(--ast-global-color-5)","background-image":"","background-repeat":"repeat","background-position":"center center","background-size":"auto","background-attachment":"scroll","background-type":"","background-media":"","overlay-type":"","overlay-color":"","overlay-opacity":"","overlay-gradient":""},"tablet":{"background-color":"var(--ast-global-color-5)","background-image":"","background-repeat":"repeat","background-position":"center center","background-size":"auto","background-attachment":"scroll","background-type":"","background-media":"","overlay-type":"","overlay-color":"","overlay-opacity":"","overlay-gradient":""},"mobile":{"background-color":"var(--ast-global-color-5)","background-image":"","background-repeat":"repeat","background-position":"center center","background-size":"auto","background-attachment":"scroll","background-type":"","background-media":"","overlay-type":"","overlay-color":"","overlay-opacity":"","overlay-gradient":""}},"footnotes":""},"class_list":["post-2941","page","type-page","status-publish","hentry"],"yoast_head":"<!-- This site is optimized with the Yoast SEO plugin v25.7 - https:\/\/yoast.com\/wordpress\/plugins\/seo\/ -->\n<title>Tarpmies\u010dio autobus\u0173 tvarkara\u0161tis | Raseini\u0173 autobus\u0173 parkas<\/title>\n<meta name=\"robots\" content=\"index, follow, max-snippet:-1, max-image-preview:large, max-video-preview:-1\" \/>\n<link rel=\"canonical\" href=\"https:\/\/raseiniuautobusuparkas.lt\/en\/isvykimas-is-raseiniu-autobusu-stoties\/\" \/>\n<meta property=\"og:locale\" content=\"en_US\" \/>\n<meta property=\"og:type\" content=\"article\" \/>\n<meta property=\"og:title\" content=\"Tarpmies\u010dio autobus\u0173 tvarkara\u0161tis | Raseini\u0173 autobus\u0173 parkas\" \/>\n<meta property=\"og:description\" content=\"LEGENDAPr &#8211; Va\u017eiuoja pirmadieniais A &#8211; Va\u017eiuoja antradieniais T &#8211; Va\u017eiuoja tre\u010diadieniais K &#8211; Va\u017eiuoja ketvirtadieniais Pn &#8211; Va\u017eiuoja penktadieniais\u0160 &#8211; Va\u017eiuoja \u0161e\u0161tadieniaisS &#8211; Va\u017eiuoja sekmadieniaisD.d. &#8211; Va\u017eiuoja darbo dienomis\" \/>\n<meta property=\"og:url\" content=\"https:\/\/raseiniuautobusuparkas.lt\/en\/isvykimas-is-raseiniu-autobusu-stoties\/\" \/>\n<meta property=\"og:site_name\" content=\"Raseini\u0173 autobus\u0173 parkas\" \/>\n<meta property=\"article:modified_time\" content=\"2025-08-21T10:51:01+00:00\" \/>\n<meta name=\"twitter:card\" content=\"summary_large_image\" \/>\n<meta name=\"twitter:label1\" content=\"Est. reading time\" \/>\n\t<meta name=\"twitter:data1\" content=\"1 minute\" \/>\n<script type=\"application\/ld+json\" class=\"yoast-schema-graph\">{\"@context\":\"https:\/\/schema.org\",\"@graph\":[{\"@type\":\"WebPage\",\"@id\":\"https:\/\/raseiniuautobusuparkas.lt\/isvykimas-is-raseiniu-autobusu-stoties\/\",\"url\":\"https:\/\/raseiniuautobusuparkas.lt\/isvykimas-is-raseiniu-autobusu-stoties\/\",\"name\":\"Tarpmies\u010dio autobus\u0173 tvarkara\u0161tis | Raseini\u0173 autobus\u0173 parkas\",\"isPartOf\":{\"@id\":\"https:\/\/raseiniuautobusuparkas.lt\/#website\"},\"datePublished\":\"2020-03-31T13:57:34+00:00\",\"dateModified\":\"2025-08-21T10:51:01+00:00\",\"breadcrumb\":{\"@id\":\"https:\/\/raseiniuautobusuparkas.lt\/isvykimas-is-raseiniu-autobusu-stoties\/#breadcrumb\"},\"inLanguage\":\"en-US\",\"potentialAction\":[{\"@type\":\"ReadAction\",\"target\":[\"https:\/\/raseiniuautobusuparkas.lt\/isvykimas-is-raseiniu-autobusu-stoties\/\"]}]},{\"@type\":\"BreadcrumbList\",\"@id\":\"https:\/\/raseiniuautobusuparkas.lt\/isvykimas-is-raseiniu-autobusu-stoties\/#breadcrumb\",\"itemListElement\":[{\"@type\":\"ListItem\",\"position\":1,\"name\":\"Home\",\"item\":\"https:\/\/raseiniuautobusuparkas.lt\/\"},{\"@type\":\"ListItem\",\"position\":2,\"name\":\"Tarpmies\u010dio autobus\u0173 tvarkara\u0161tis\"}]},{\"@type\":\"WebSite\",\"@id\":\"https:\/\/raseiniuautobusuparkas.lt\/#website\",\"url\":\"https:\/\/raseiniuautobusuparkas.lt\/\",\"name\":\"Raseini\u0173 autobus\u0173 parkas\",\"description\":\"Autobus\u0173 kompanija\",\"publisher\":{\"@id\":\"https:\/\/raseiniuautobusuparkas.lt\/#organization\"},\"potentialAction\":[{\"@type\":\"SearchAction\",\"target\":{\"@type\":\"EntryPoint\",\"urlTemplate\":\"https:\/\/raseiniuautobusuparkas.lt\/?s={search_term_string}\"},\"query-input\":{\"@type\":\"PropertyValueSpecification\",\"valueRequired\":true,\"valueName\":\"search_term_string\"}}],\"inLanguage\":\"en-US\"},{\"@type\":\"Organization\",\"@id\":\"https:\/\/raseiniuautobusuparkas.lt\/#organization\",\"name\":\"Raseini\u0173 autobus\u0173 parkas\",\"url\":\"https:\/\/raseiniuautobusuparkas.lt\/\",\"logo\":{\"@type\":\"ImageObject\",\"inLanguage\":\"en-US\",\"@id\":\"https:\/\/raseiniuautobusuparkas.lt\/#\/schema\/logo\/image\/\",\"url\":\"https:\/\/raseiniuautobusuparkas.lt\/wp-content\/uploads\/2020\/04\/output-onlinepngtools.png\",\"contentUrl\":\"https:\/\/raseiniuautobusuparkas.lt\/wp-content\/uploads\/2020\/04\/output-onlinepngtools.png\",\"width\":511,\"height\":98,\"caption\":\"Raseini\u0173 autobus\u0173 parkas\"},\"image\":{\"@id\":\"https:\/\/raseiniuautobusuparkas.lt\/#\/schema\/logo\/image\/\"}}]}<\/script>\n<!-- \/ Yoast SEO plugin. -->","yoast_head_json":{"title":"Tarpmies\u010dio autobus\u0173 tvarkara\u0161tis | Raseini\u0173 autobus\u0173 parkas","robots":{"index":"index","follow":"follow","max-snippet":"max-snippet:-1","max-image-preview":"max-image-preview:large","max-video-preview":"max-video-preview:-1"},"canonical":"https:\/\/raseiniuautobusuparkas.lt\/en\/isvykimas-is-raseiniu-autobusu-stoties\/","og_locale":"en_US","og_type":"article","og_title":"Tarpmies\u010dio autobus\u0173 tvarkara\u0161tis | Raseini\u0173 autobus\u0173 parkas","og_description":"LEGENDAPr &#8211; Va\u017eiuoja pirmadieniais A &#8211; Va\u017eiuoja antradieniais T &#8211; Va\u017eiuoja tre\u010diadieniais K &#8211; Va\u017eiuoja ketvirtadieniais Pn &#8211; Va\u017eiuoja penktadieniais\u0160 &#8211; Va\u017eiuoja \u0161e\u0161tadieniaisS &#8211; Va\u017eiuoja sekmadieniaisD.d. &#8211; Va\u017eiuoja darbo dienomis","og_url":"https:\/\/raseiniuautobusuparkas.lt\/en\/isvykimas-is-raseiniu-autobusu-stoties\/","og_site_name":"Raseini\u0173 autobus\u0173 parkas","article_modified_time":"2025-08-21T10:51:01+00:00","twitter_card":"summary_large_image","twitter_misc":{"Est. reading time":"1 minute"},"schema":{"@context":"https:\/\/schema.org","@graph":[{"@type":"WebPage","@id":"https:\/\/raseiniuautobusuparkas.lt\/isvykimas-is-raseiniu-autobusu-stoties\/","url":"https:\/\/raseiniuautobusuparkas.lt\/isvykimas-is-raseiniu-autobusu-stoties\/","name":"Tarpmies\u010dio autobus\u0173 tvarkara\u0161tis | Raseini\u0173 autobus\u0173 parkas","isPartOf":{"@id":"https:\/\/raseiniuautobusuparkas.lt\/#website"},"datePublished":"2020-03-31T13:57:34+00:00","dateModified":"2025-08-21T10:51:01+00:00","breadcrumb":{"@id":"https:\/\/raseiniuautobusuparkas.lt\/isvykimas-is-raseiniu-autobusu-stoties\/#breadcrumb"},"inLanguage":"en-US","potentialAction":[{"@type":"ReadAction","target":["https:\/\/raseiniuautobusuparkas.lt\/isvykimas-is-raseiniu-autobusu-stoties\/"]}]},{"@type":"BreadcrumbList","@id":"https:\/\/raseiniuautobusuparkas.lt\/isvykimas-is-raseiniu-autobusu-stoties\/#breadcrumb","itemListElement":[{"@type":"ListItem","position":1,"name":"Home","item":"https:\/\/raseiniuautobusuparkas.lt\/"},{"@type":"ListItem","position":2,"name":"Tarpmies\u010dio autobus\u0173 tvarkara\u0161tis"}]},{"@type":"WebSite","@id":"https:\/\/raseiniuautobusuparkas.lt\/#website","url":"https:\/\/raseiniuautobusuparkas.lt\/","name":"Raseini\u0173 autobus\u0173 parkas","description":"Autobus\u0173 kompanija","publisher":{"@id":"https:\/\/raseiniuautobusuparkas.lt\/#organization"},"potentialAction":[{"@type":"SearchAction","target":{"@type":"EntryPoint","urlTemplate":"https:\/\/raseiniuautobusuparkas.lt\/?s={search_term_string}"},"query-input":{"@type":"PropertyValueSpecification","valueRequired":true,"valueName":"search_term_string"}}],"inLanguage":"en-US"},{"@type":"Organization","@id":"https:\/\/raseiniuautobusuparkas.lt\/#organization","name":"Raseini\u0173 autobus\u0173 parkas","url":"https:\/\/raseiniuautobusuparkas.lt\/","logo":{"@type":"ImageObject","inLanguage":"en-US","@id":"https:\/\/raseiniuautobusuparkas.lt\/#\/schema\/logo\/image\/","url":"https:\/\/raseiniuautobusuparkas.lt\/wp-content\/uploads\/2020\/04\/output-onlinepngtools.png","contentUrl":"https:\/\/raseiniuautobusuparkas.lt\/wp-content\/uploads\/2020\/04\/output-onlinepngtools.png","width":511,"height":98,"caption":"Raseini\u0173 autobus\u0173 parkas"},"image":{"@id":"https:\/\/raseiniuautobusuparkas.lt\/#\/schema\/logo\/image\/"}}]}},"uagb_featured_image_src":{"full":false,"thumbnail":false,"medium":false,"medium_large":false,"large":false,"1536x1536":false,"2048x2048":false,"trp-custom-language-flag":false,"htmega_size_585x295":false,"htmega_size_1170x536":false,"htmega_size_396x360":false},"uagb_author_info":{"display_name":"just.pipiras","author_link":"https:\/\/raseiniuautobusuparkas.lt\/en\/author\/just-pipiras\/"},"uagb_comment_info":0,"uagb_excerpt":"LEGENDAPr &#8211; Va\u017eiuoja pirmadieniais A &#8211; Va\u017eiuoja antradieniais T &#8211; Va\u017eiuoja tre\u010diadieniais K &#8211; Va\u017eiuoja ketvirtadieniais Pn &#8211; Va\u017eiuoja penktadieniais\u0160 &#8211; Va\u017eiuoja \u0161e\u0161tadieniaisS &#8211; Va\u017eiuoja sekmadieniaisD.d. &#8211; Va\u017eiuoja darbo dienomis","_links":{"self":[{"href":"https:\/\/raseiniuautobusuparkas.lt\/en\/wp-json\/wp\/v2\/pages\/2941","targetHints":{"allow":["GET"]}}],"collection":[{"href":"https:\/\/raseiniuautobusuparkas.lt\/en\/wp-json\/wp\/v2\/pages"}],"about":[{"href":"https:\/\/raseiniuautobusuparkas.lt\/en\/wp-json\/wp\/v2\/types\/page"}],"author":[{"embeddable":true,"href":"https:\/\/raseiniuautobusuparkas.lt\/en\/wp-json\/wp\/v2\/users\/1"}],"replies":[{"embeddable":true,"href":"https:\/\/raseiniuautobusuparkas.lt\/en\/wp-json\/wp\/v2\/comments?post=2941"}],"version-history":[{"count":0,"href":"https:\/\/raseiniuautobusuparkas.lt\/en\/wp-json\/wp\/v2\/pages\/2941\/revisions"}],"wp:attachment":[{"href":"https:\/\/raseiniuautobusuparkas.lt\/en\/wp-json\/wp\/v2\/media?parent=2941"}],"curies":[{"name":"wp","href":"https:\/\/api.w.org\/{rel}","templated":true}]}}