{"id":2768,"date":"2020-03-03T14:50:40","date_gmt":"2020-03-03T14:50:40","guid":{"rendered":"http:\/\/raseiniuautobusuparkas.lt\/?page_id=2768"},"modified":"2025-08-28T13:28:04","modified_gmt":"2025-08-28T13:28:04","slug":"raseiniu-autobusu-parko-istatai","status":"publish","type":"page","link":"https:\/\/raseiniuautobusuparkas.lt\/en\/raseiniu-autobusu-parko-istatai\/","title":{"rendered":"Raseini\u0173 autobus\u0173 parko \u012fstatai"},"content":{"rendered":"<div class=\"wp-block-uagb-advanced-heading uagb-block-afe4b739\"><h3 class=\"uagb-heading-text\"> <strong>\u201e<\/strong>UAB<strong>\u201d<\/strong>  RASEINI\u0172 AUTOBUS\u0172 PARKO \u012eSTATAI<\/h3><div class=\"uagb-separator\"><\/div><\/div>\n\n\n\n<div class=\"wp-block-buttons is-content-justification-center is-layout-flex wp-container-core-buttons-is-layout-a89b3969 wp-block-buttons-is-layout-flex\">\n<div class=\"wp-block-button\"><a class=\"wp-block-button__link has-black-color has-vivid-red-background-color has-text-color has-background wp-element-button\" href=\"https:\/\/raseiniuautobusuparkas.lt\/wp-content\/uploads\/2025\/08\/Imones-istatai-2025.pdf\" target=\"_blank\" rel=\"noreferrer noopener\">Raseini\u0173 autobus\u0173 parko \u012fstatai<\/a><\/div>\n<\/div>\n\n\n\n<p><\/p>\n\n\n\n<div class=\"wp-block-buttons is-content-justification-center is-layout-flex wp-container-core-buttons-is-layout-a89b3969 wp-block-buttons-is-layout-flex\">\n<div class=\"wp-block-button\"><a class=\"wp-block-button__link has-black-color has-vivid-red-background-color has-text-color has-background wp-element-button\" href=\"https:\/\/raseiniuautobusuparkas.lt\/wp-content\/uploads\/2025\/08\/Potvarkis-Del-UAB-\u201eRaseiniu-autobusu-parkas-istatu-patvirtinimo_2025.pdf\" target=\"_blank\" rel=\"noreferrer noopener\">Mero potvarkis RAP \u012fstatai<\/a><\/div>\n<\/div>\n\n\n\n<p><\/p>\n\n\n\n<div class=\"wp-block-buttons is-content-justification-center is-layout-flex wp-container-core-buttons-is-layout-a89b3969 wp-block-buttons-is-layout-flex\">\n<div class=\"wp-block-button\"><a class=\"wp-block-button__link has-black-color has-vivid-red-background-color has-text-color has-background wp-element-button\" href=\"https:\/\/raseiniuautobusuparkas.lt\/wp-content\/uploads\/2025\/08\/TS-93.pdf\" target=\"_blank\" rel=\"noreferrer noopener\">Sprendimas TS-93<\/a><\/div>\n<\/div>\n\n\n\n<p><\/p>","protected":false},"excerpt":{"rendered":"<p>\u201eUAB\u201d RASEINI\u0172 AUTOBUS\u0172 PARKO \u012eSTATAI<\/p>","protected":false},"author":1,"featured_media":0,"parent":0,"menu_order":0,"comment_status":"closed","ping_status":"closed","template":"","meta":{"_uag_custom_page_level_css":"","site-sidebar-layout":"default","site-content-layout":"default","ast-site-content-layout":"default","site-content-style":"default","site-sidebar-style":"default","ast-global-header-display":"","ast-banner-title-visibility":"","ast-main-header-display":"","ast-hfb-above-header-display":"","ast-hfb-below-header-display":"","ast-hfb-mobile-header-display":"","site-post-title":"disabled","ast-breadcrumbs-content":"","ast-featured-img":"","footer-sml-layout":"","theme-transparent-header-meta":"default","adv-header-id-meta":"","stick-header-meta":"","header-above-stick-meta":"","header-main-stick-meta":"","header-below-stick-meta":"","astra-migrate-meta-layouts":"set","ast-page-background-enabled":"default","ast-page-background-meta":{"desktop":{"background-color":"var(--ast-global-color-4)","background-image":"","background-repeat":"repeat","background-position":"center center","background-size":"auto","background-attachment":"scroll","background-type":"","background-media":"","overlay-type":"","overlay-color":"","overlay-opacity":"","overlay-gradient":""},"tablet":{"background-color":"","background-image":"","background-repeat":"repeat","background-position":"center center","background-size":"auto","background-attachment":"scroll","background-type":"","background-media":"","overlay-type":"","overlay-color":"","overlay-opacity":"","overlay-gradient":""},"mobile":{"background-color":"","background-image":"","background-repeat":"repeat","background-position":"center center","background-size":"auto","background-attachment":"scroll","background-type":"","background-media":"","overlay-type":"","overlay-color":"","overlay-opacity":"","overlay-gradient":""}},"ast-content-background-meta":{"desktop":{"background-color":"var(--ast-global-color-5)","background-image":"","background-repeat":"repeat","background-position":"center center","background-size":"auto","background-attachment":"scroll","background-type":"","background-media":"","overlay-type":"","overlay-color":"","overlay-opacity":"","overlay-gradient":""},"tablet":{"background-color":"var(--ast-global-color-5)","background-image":"","background-repeat":"repeat","background-position":"center center","background-size":"auto","background-attachment":"scroll","background-type":"","background-media":"","overlay-type":"","overlay-color":"","overlay-opacity":"","overlay-gradient":""},"mobile":{"background-color":"var(--ast-global-color-5)","background-image":"","background-repeat":"repeat","background-position":"center center","background-size":"auto","background-attachment":"scroll","background-type":"","background-media":"","overlay-type":"","overlay-color":"","overlay-opacity":"","overlay-gradient":""}},"footnotes":""},"class_list":["post-2768","page","type-page","status-publish","hentry"],"yoast_head":"<!-- This site is optimized with the Yoast SEO plugin v25.7 - https:\/\/yoast.com\/wordpress\/plugins\/seo\/ -->\n<title>Raseini\u0173 autobus\u0173 parko \u012fstatai | Raseini\u0173 autobus\u0173 parkas<\/title>\n<meta name=\"robots\" content=\"index, follow, max-snippet:-1, max-image-preview:large, max-video-preview:-1\" \/>\n<link rel=\"canonical\" href=\"https:\/\/raseiniuautobusuparkas.lt\/en\/raseiniu-autobusu-parko-istatai\/\" \/>\n<meta property=\"og:locale\" content=\"en_US\" \/>\n<meta property=\"og:type\" content=\"article\" \/>\n<meta property=\"og:title\" content=\"Raseini\u0173 autobus\u0173 parko \u012fstatai | Raseini\u0173 autobus\u0173 parkas\" \/>\n<meta property=\"og:description\" content=\"\u201eUAB\u201d RASEINI\u0172 AUTOBUS\u0172 PARKO \u012eSTATAI\" \/>\n<meta property=\"og:url\" content=\"https:\/\/raseiniuautobusuparkas.lt\/en\/raseiniu-autobusu-parko-istatai\/\" \/>\n<meta property=\"og:site_name\" content=\"Raseini\u0173 autobus\u0173 parkas\" \/>\n<meta property=\"article:modified_time\" content=\"2025-08-28T13:28:04+00:00\" \/>\n<meta name=\"twitter:card\" content=\"summary_large_image\" \/>\n<meta name=\"twitter:label1\" content=\"Est. reading time\" \/>\n\t<meta name=\"twitter:data1\" content=\"1 minute\" \/>\n<script type=\"application\/ld+json\" class=\"yoast-schema-graph\">{\"@context\":\"https:\/\/schema.org\",\"@graph\":[{\"@type\":\"WebPage\",\"@id\":\"https:\/\/raseiniuautobusuparkas.lt\/raseiniu-autobusu-parko-istatai\/\",\"url\":\"https:\/\/raseiniuautobusuparkas.lt\/raseiniu-autobusu-parko-istatai\/\",\"name\":\"Raseini\u0173 autobus\u0173 parko \u012fstatai | Raseini\u0173 autobus\u0173 parkas\",\"isPartOf\":{\"@id\":\"https:\/\/raseiniuautobusuparkas.lt\/#website\"},\"datePublished\":\"2020-03-03T14:50:40+00:00\",\"dateModified\":\"2025-08-28T13:28:04+00:00\",\"breadcrumb\":{\"@id\":\"https:\/\/raseiniuautobusuparkas.lt\/raseiniu-autobusu-parko-istatai\/#breadcrumb\"},\"inLanguage\":\"en-US\",\"potentialAction\":[{\"@type\":\"ReadAction\",\"target\":[\"https:\/\/raseiniuautobusuparkas.lt\/raseiniu-autobusu-parko-istatai\/\"]}]},{\"@type\":\"BreadcrumbList\",\"@id\":\"https:\/\/raseiniuautobusuparkas.lt\/raseiniu-autobusu-parko-istatai\/#breadcrumb\",\"itemListElement\":[{\"@type\":\"ListItem\",\"position\":1,\"name\":\"Home\",\"item\":\"https:\/\/raseiniuautobusuparkas.lt\/\"},{\"@type\":\"ListItem\",\"position\":2,\"name\":\"Raseini\u0173 autobus\u0173 parko \u012fstatai\"}]},{\"@type\":\"WebSite\",\"@id\":\"https:\/\/raseiniuautobusuparkas.lt\/#website\",\"url\":\"https:\/\/raseiniuautobusuparkas.lt\/\",\"name\":\"Raseini\u0173 autobus\u0173 parkas\",\"description\":\"Autobus\u0173 kompanija\",\"publisher\":{\"@id\":\"https:\/\/raseiniuautobusuparkas.lt\/#organization\"},\"potentialAction\":[{\"@type\":\"SearchAction\",\"target\":{\"@type\":\"EntryPoint\",\"urlTemplate\":\"https:\/\/raseiniuautobusuparkas.lt\/?s={search_term_string}\"},\"query-input\":{\"@type\":\"PropertyValueSpecification\",\"valueRequired\":true,\"valueName\":\"search_term_string\"}}],\"inLanguage\":\"en-US\"},{\"@type\":\"Organization\",\"@id\":\"https:\/\/raseiniuautobusuparkas.lt\/#organization\",\"name\":\"Raseini\u0173 autobus\u0173 parkas\",\"url\":\"https:\/\/raseiniuautobusuparkas.lt\/\",\"logo\":{\"@type\":\"ImageObject\",\"inLanguage\":\"en-US\",\"@id\":\"https:\/\/raseiniuautobusuparkas.lt\/#\/schema\/logo\/image\/\",\"url\":\"https:\/\/raseiniuautobusuparkas.lt\/wp-content\/uploads\/2020\/04\/output-onlinepngtools.png\",\"contentUrl\":\"https:\/\/raseiniuautobusuparkas.lt\/wp-content\/uploads\/2020\/04\/output-onlinepngtools.png\",\"width\":511,\"height\":98,\"caption\":\"Raseini\u0173 autobus\u0173 parkas\"},\"image\":{\"@id\":\"https:\/\/raseiniuautobusuparkas.lt\/#\/schema\/logo\/image\/\"}}]}<\/script>\n<!-- \/ Yoast SEO plugin. -->","yoast_head_json":{"title":"Raseini\u0173 autobus\u0173 parko \u012fstatai | Raseini\u0173 autobus\u0173 parkas","robots":{"index":"index","follow":"follow","max-snippet":"max-snippet:-1","max-image-preview":"max-image-preview:large","max-video-preview":"max-video-preview:-1"},"canonical":"https:\/\/raseiniuautobusuparkas.lt\/en\/raseiniu-autobusu-parko-istatai\/","og_locale":"en_US","og_type":"article","og_title":"Raseini\u0173 autobus\u0173 parko \u012fstatai | Raseini\u0173 autobus\u0173 parkas","og_description":"\u201eUAB\u201d RASEINI\u0172 AUTOBUS\u0172 PARKO \u012eSTATAI","og_url":"https:\/\/raseiniuautobusuparkas.lt\/en\/raseiniu-autobusu-parko-istatai\/","og_site_name":"Raseini\u0173 autobus\u0173 parkas","article_modified_time":"2025-08-28T13:28:04+00:00","twitter_card":"summary_large_image","twitter_misc":{"Est. reading time":"1 minute"},"schema":{"@context":"https:\/\/schema.org","@graph":[{"@type":"WebPage","@id":"https:\/\/raseiniuautobusuparkas.lt\/raseiniu-autobusu-parko-istatai\/","url":"https:\/\/raseiniuautobusuparkas.lt\/raseiniu-autobusu-parko-istatai\/","name":"Raseini\u0173 autobus\u0173 parko \u012fstatai | Raseini\u0173 autobus\u0173 parkas","isPartOf":{"@id":"https:\/\/raseiniuautobusuparkas.lt\/#website"},"datePublished":"2020-03-03T14:50:40+00:00","dateModified":"2025-08-28T13:28:04+00:00","breadcrumb":{"@id":"https:\/\/raseiniuautobusuparkas.lt\/raseiniu-autobusu-parko-istatai\/#breadcrumb"},"inLanguage":"en-US","potentialAction":[{"@type":"ReadAction","target":["https:\/\/raseiniuautobusuparkas.lt\/raseiniu-autobusu-parko-istatai\/"]}]},{"@type":"BreadcrumbList","@id":"https:\/\/raseiniuautobusuparkas.lt\/raseiniu-autobusu-parko-istatai\/#breadcrumb","itemListElement":[{"@type":"ListItem","position":1,"name":"Home","item":"https:\/\/raseiniuautobusuparkas.lt\/"},{"@type":"ListItem","position":2,"name":"Raseini\u0173 autobus\u0173 parko \u012fstatai"}]},{"@type":"WebSite","@id":"https:\/\/raseiniuautobusuparkas.lt\/#website","url":"https:\/\/raseiniuautobusuparkas.lt\/","name":"Raseini\u0173 autobus\u0173 parkas","description":"Autobus\u0173 kompanija","publisher":{"@id":"https:\/\/raseiniuautobusuparkas.lt\/#organization"},"potentialAction":[{"@type":"SearchAction","target":{"@type":"EntryPoint","urlTemplate":"https:\/\/raseiniuautobusuparkas.lt\/?s={search_term_string}"},"query-input":{"@type":"PropertyValueSpecification","valueRequired":true,"valueName":"search_term_string"}}],"inLanguage":"en-US"},{"@type":"Organization","@id":"https:\/\/raseiniuautobusuparkas.lt\/#organization","name":"Raseini\u0173 autobus\u0173 parkas","url":"https:\/\/raseiniuautobusuparkas.lt\/","logo":{"@type":"ImageObject","inLanguage":"en-US","@id":"https:\/\/raseiniuautobusuparkas.lt\/#\/schema\/logo\/image\/","url":"https:\/\/raseiniuautobusuparkas.lt\/wp-content\/uploads\/2020\/04\/output-onlinepngtools.png","contentUrl":"https:\/\/raseiniuautobusuparkas.lt\/wp-content\/uploads\/2020\/04\/output-onlinepngtools.png","width":511,"height":98,"caption":"Raseini\u0173 autobus\u0173 parkas"},"image":{"@id":"https:\/\/raseiniuautobusuparkas.lt\/#\/schema\/logo\/image\/"}}]}},"uagb_featured_image_src":{"full":false,"thumbnail":false,"medium":false,"medium_large":false,"large":false,"1536x1536":false,"2048x2048":false,"trp-custom-language-flag":false,"htmega_size_585x295":false,"htmega_size_1170x536":false,"htmega_size_396x360":false},"uagb_author_info":{"display_name":"just.pipiras","author_link":"https:\/\/raseiniuautobusuparkas.lt\/en\/author\/just-pipiras\/"},"uagb_comment_info":0,"uagb_excerpt":"\u201eUAB\u201d RASEINI\u0172 AUTOBUS\u0172 PARKO \u012eSTATAI","_links":{"self":[{"href":"https:\/\/raseiniuautobusuparkas.lt\/en\/wp-json\/wp\/v2\/pages\/2768","targetHints":{"allow":["GET"]}}],"collection":[{"href":"https:\/\/raseiniuautobusuparkas.lt\/en\/wp-json\/wp\/v2\/pages"}],"about":[{"href":"https:\/\/raseiniuautobusuparkas.lt\/en\/wp-json\/wp\/v2\/types\/page"}],"author":[{"embeddable":true,"href":"https:\/\/raseiniuautobusuparkas.lt\/en\/wp-json\/wp\/v2\/users\/1"}],"replies":[{"embeddable":true,"href":"https:\/\/raseiniuautobusuparkas.lt\/en\/wp-json\/wp\/v2\/comments?post=2768"}],"version-history":[{"count":0,"href":"https:\/\/raseiniuautobusuparkas.lt\/en\/wp-json\/wp\/v2\/pages\/2768\/revisions"}],"wp:attachment":[{"href":"https:\/\/raseiniuautobusuparkas.lt\/en\/wp-json\/wp\/v2\/media?parent=2768"}],"curies":[{"name":"wp","href":"https:\/\/api.w.org\/{rel}","templated":true}]}}