{"id":2743,"date":"2020-03-03T14:22:54","date_gmt":"2020-03-03T14:22:54","guid":{"rendered":"http:\/\/raseiniuautobusuparkas.lt\/?page_id=2743"},"modified":"2020-03-03T14:26:58","modified_gmt":"2020-03-03T14:26:58","slug":"2743-2","status":"publish","type":"page","link":"https:\/\/raseiniuautobusuparkas.lt\/en\/2743-2\/","title":{"rendered":"privatumo politika"},"content":{"rendered":"<div class=\"wp-block-uagb-advanced-heading uagb-block-7f21baaf-70b9-4104-b1f1-830f4a29f9cd\"><h3 class=\"uagb-heading-text\">PRIVATUMO POLITIKA<\/h3><div class=\"uagb-separator-wrap\"><div class=\"uagb-separator\"><\/div><\/div><p class=\"uagb-desc-text\"><\/p><\/div>\n\n\n\n<p class=\"has-text-align-left\">2018 m. bir\u017eelio 8 d.<\/p>\n\n\n\n<p class=\"has-text-color has-very-dark-gray-color\"><strong>UAB \u201eRaseini\u0173 autobus\u0173 parkas\u201c <\/strong>(pagrindin\u0117 veikla &#8211; keleivi\u0173 ve\u017eimas autobusais, transporto<br> priemoni\u0173 nuoma, siunt\u0173 gabenimas, autotransporto remonto darbai, toliau &#8211; Bendrov\u0117), vadovaudamasi<br> Europos Parlamento ir Tarybos reglamento (ES) 2016\/679 ir Lietuvos Respublikos asmens duomen\u0173<br> teisin\u0117s apsaugos \u012fstatymo nuostatomis, \u0161ia Privatumo politika Jus, kaip \u012fmon\u0117s klient\u0105, informuoja apie<br> Bendrov\u0117s, kaip duomen\u0173 valdytojo, vykdom\u0105 J\u016bs\u0173 asmens duomen\u0173 tvarkym\u0105.<\/p>\n\n\n\n<p><strong>I.          Duomen\u0173 valdytojas ir tikslas.<\/strong><\/p>\n\n\n\n<p>Bendrov\u0117 J\u016bs\u0173 asmens\nduomenis renka ir tvarko \u0161iais tikslais:<\/p>\n\n\n\n<ol class=\"wp-block-list\"><li>&nbsp;Siekiant teikti klient\u0173 aptarnavimo paslaugas;<\/li><li>&nbsp;Skol\u0173 administravimui;<\/li><li>&nbsp;Skund\u0173 ir pra\u0161ym\u0173 nagrin\u0117jimui;<\/li><li>&nbsp;Informavimo ir komunikacijos;<\/li><li>&nbsp;Administracini\u0173 nusi\u017eengim\u0173 keleiviniame transporte nagrin\u0117jimui;<\/li><li>&nbsp;U\u017etikrinti vie\u0161\u0105j\u012f interes\u0105, J\u016bs\u0173 ir tre\u010di\u0173j\u0173 asmen\u0173 teis\u0117t\u0173 interes\u0173 bei nuosavyb\u0117s teis\u0117s apsaug\u0105,<br> garantuoti turto saugum\u0105 ir nelie\u010diamum\u0105, i\u0161vengti veiklos sutrikdym\u0173, pavojaus asmen\u0173<br> sveikatai ir saugumui.<\/li><li>Tvarkomi asmens duomenys ir tvarkymo pagrindas.<\/li><\/ol>\n\n\n\n<p><strong>II.      Tvarkomi asmens duomenys ir tvarkymo pagrindas.<\/strong><\/p>\n\n\n\n<p>Bendrov\u0117 tvarko J\u016bs\u0173 asmens duomenis\nvykdydama teis\u0117s akt\u0173 reikalavimus, siekdama tinkamai<br>\nvykdyti su Jumis sudaryt\u0105 sutart\u012f ir teikti paslaugas, savo teisi\u0173 ir teis\u0117t\u0173\ninteres\u0173 u\u017etikrinimui bei<br>\npaslaug\u0173 kokyb\u0117s vystymo\/gerinimo tikslais. Bendrov\u0117, vadovaudamasi Lietuvos\nRespublikos ir<br>\nEuropos S\u0105jungos teis\u0117s aktais, tvarko klient\u0173:<\/p>\n\n\n\n<ol class=\"wp-block-list\"><li>&nbsp;Asmens tapatyb\u0117s duomenis: vard\u0105, pavard\u0119, asmens kod\u0105, gimimo dat\u0105;<\/li><li>&nbsp;Kontaktinius duomenis: adres\u0105, el. pa\u0161to adres\u0105, telefono numer\u012f;<\/li><li>&nbsp;Duomenis, gaunamus vykdant teis\u0117s akt\u0173 reikalavimus (tik asmen\u0173, kuriems taikomos valstyb\u0117s<br> teikiamos lengvatos) &#8211; transporto lengvat\u0105 patvirtinan\u010dio dokumento duomenis;<\/li><li>&nbsp;teismo sprendimo dat\u0105, numer\u012f, priteistos skolos dyd\u012f, duomenis apie vykdomus antstolio<br> i\u0161ie\u0161kojimo veiksmus;<\/li><li>&nbsp;asmen\u0173, patenkan\u010di\u0173 \u012f vaizdo steb\u0117jimo perimetr\u0105, vaizdo duomenis.<\/li><\/ol>\n\n\n\n<p><strong>III.     Asmens duomen\u0173 \u0161altinis.<\/strong><\/p>\n\n\n\n<p>Bendrov\u0117 J\u016bs\u0173 asmens duomenis gauna:<\/p>\n\n\n\n<ol class=\"wp-block-list\"><li>&nbsp;Tiesiogiai i\u0161 duomen\u0173 subjekt\u0173 (J\u016bs\u0173);<\/li><li>&nbsp;\u012estatym\u0173 numatytais atvejais &#8211; i\u0161 tre\u010di\u0173j\u0173 asmen\u0173, pavyzd\u017eiui, apylink\u0117s ir apygardos teism\u0173<br> (teismo sprendimo data, numeris, priteistos skolos dydis), antstolio (apie vykdomus antstolio<br> i\u0161ie\u0161kojimo veiksmus).<\/li><\/ol>\n\n\n\n<p><strong>IV.    Asmens duomen\u0173 gav\u0117jai.<\/strong><\/p>\n\n\n\n<p>UAB \u201eRaseini\u0173 autobus\u0173 parkas\u201c teikia\nJ\u016bs\u0173 duomenis kitiems gav\u0117jams, kai tai \u012fpareigoja<br>\ndaryti galiojantys teis\u0117s aktai. Asmens duomenys gali b\u016bti teikiami duomen\u0173\ngav\u0117jams, kai pagal<br>\n\u012fstatymus, teismo sprendimus ir kitus teis\u0117s aktus Bendrov\u0117 yra \u012fpareigota\npateikti asmens duomenis.<br>\nAsmens duomenys duomen\u0173 gav\u0117jams, esantiems Europos S\u0105jungos valstyb\u0117se nar\u0117se\nir kitose Europos<br>\nekonomin\u0117s erdv\u0117s valstyb\u0117se, teikiami tomis pa\u010diomis s\u0105lygomis ir tvarka kaip\nir duomen\u0173 gav\u0117jams,<br>\nesantiems Lietuvos Respublikoje. Teikiant asmens duomenis \u012f tre\u010di\u0105j\u0105 valstyb\u0119\nb\u016btina gauti Valstybin\u0117s<br>\nduomen\u0173 apsaugos inspekcijos leidim\u0105.<\/p>\n\n\n\n<p>Duomenys apie skolinink\u0105 ir skol\u0105 gali\nb\u016bti teikiami skol\u0173 i\u0161ie\u0161kojimo \u012fmon\u0117ms, teismams ir<br>\nantstoliams Lietuvos Respublikos civilinio proceso kodekso nustatyta tvarka\nvadovaujantis Bendrov\u0117s<br>\npatvirtintomis Asmens duomen\u0173 tvarkymo taisykl\u0117mis (toliau &#8211; Taisykl\u0117s),\nsiekiant priteisti ir i\u0161ie\u0161koti<br>\n\u012fsiskolinim\u0105 u\u017e suteiktas paslaugas. Bendrov\u0117 gali teikti klient\u0173, kurie yra\nskolingi, duomenis skol\u0173<br>\ni\u0161ie\u0161kojimo \u012fmon\u0117ms tik tuo atveju, jeigu ji klientui pa\u0161tu ir\/arba\nelektronini\u0173 ry\u0161i\u0173 priemon\u0117mis pateik\u0117<br>\nra\u0161ytin\u012f priminim\u0105 apie \u012fsipareigojim\u0173 ne\u012fvykdym\u0105 ir per 30 kalendorini\u0173 dien\u0173\nnuo dienos, kuri\u0105<br>\nBendrov\u0117 i\u0161siunt\u0117 (pateik\u0117) duomen\u0173 subjektui priminim\u0105, skola liko nepadengta\nir (arba) mok\u0117jimo<br>\nterminas nebuvo atid\u0117tas arba duomen\u0173 subjektas pagr\u012fstai negin\u010dijo skolos.<\/p>\n\n\n\n<p>Bendrov\u0117 turi teis\u0119 duomen\u0173 tvarkymo veiksmams (pvz. skol\u0173 administravimo) pasitelkti<br> duomen\u0173 tvarkytojus. Duomen\u0173 tvarkytojai atlieka duomen\u0173 subjekt\u0173 asmens duomen\u0173 tvarkymo<br> veiksmus, jiems pavestus ra\u0161ytine sutartimi arba atskiru nurodymu, i\u0161skyrus atvejus, kai \u012fstatymai ir kiti teis\u0117s aktai nustato kitaip.<br> <\/p>\n\n\n\n<p><strong>V.    Asmens duomen\u0173 saugojimo terminas.<\/strong><\/p>\n\n\n\n<p>Asmens duomen\u0173 saugojimo terminas nustatomas pagal Bendrov\u0117s Taisykl\u0117s, vadovaujantis<br> Lietuvos Respublikos \u012fstatym\u0173 ir Europos S\u0105jungos teis\u0117s akt\u0173 reikalvimus. J\u016bs\u0173 asmens duomenys<br> tvarkomi paslaug\u0173 teikimo metu ir 5 metus po paslaug\u0173 teikimo. Su\u0117jus duomen\u0173 saugojimo aktyvioje<br> duomen\u0173 baz\u0117je terminui, asmens duomenys perkeliami \u012f archyv\u0105. Su\u0117jus archyvavimo terminui<br> popierine ir skaitmenine forma saugomi duomenys sunaikinami Bendrov\u0117s \u012fgalioto darbuotojo. Asmens<br> duomenys saugomi ne ilgiau, negu to reikalauja duomen\u0173 tvarkymo tikslai.<\/p>\n\n\n\n<p><strong>VI.    Asmens duomen\u0173 tvarkymo s\u0105lygos.<\/strong><\/p>\n\n\n\n<p>J\u016bs\u0173 asmens duomenys gali b\u016bti renkami, saugomi, tvarkomi, \u012fskaitant teikiami, tiek skaitmenine<br> forma, tiek materialiose ar popierin\u0117se laikmenose bet kokiomis priemon\u0117mis, \u012fskaitant el.pa\u0161t\u0105 ir<br> interneto ry\u0161\u012f, kurios, atsi\u017evelgiant \u012f tvarkom\u0173 duomen\u0173 pob\u016bd\u012f, u\u017etikrint\u0173 saug\u0173 tvarkym\u0105 ir u\u017ekirst\u0173<br> keli\u0105 neleistinai prieigai prie J\u016bs\u0173 asmens duomen\u0173. Bendrov\u0117 \u012fgyvendina ir u\u017etikrina tinkamas<br> organizacines ir technines priemones, skirtas apsaugoti asmens nuo duomenis nuo atsitiktinio ar<br> neteis\u0117to sunaikinimo, pakeitimo, atskleidimo ar bet kokio kito neteis\u0117to tvarkymo. Dokument\u0173 kopijos,<br> kuriose nurodomi asmens duomenys, turi b\u016bti sunaikinti taip, kad \u0161i\u0173 dokument\u0173 neb\u016bt\u0173 galima atkurti<br> ir atpa\u017einti j\u0173 turinio.<\/p>\n\n\n\n<p><strong>VII.    J\u016bs\u0173 teis\u0117s<\/strong><\/p>\n\n\n\n<p>J\u016bs turite teis\u0119 \u017einoti apie asmens duomen\u0173 tvarkym\u0105, t.y., su\u017einoti, kokie J\u016bs\u0173 asmens duomenys yra renkami ir kokiu tikslu tvarkomi bei kam teikiami ir gauti tvarkom\u0173 asmens duomen\u0173 kopij\u0105, taip pat su pra\u0161ymu i\u0161taisyti netikslius asmens duomenis ar apriboti duomen\u0173 tvarkym\u0105, jei nustatote, kad tvarkymas neatitinka \u012fstatym\u0173 reikalavim\u0173, duomenys yra neteisingi, nei\u0161sam\u016bs ar netiksl\u016bs, surinkti neteis\u0117tai ar nes\u0105\u017einingai, su pra\u0161ymu i\u0161trinti asmens duomenis (\u201eb\u016bti pamir\u0161tam\u201c), su pra\u0161ymu perkelti asmens duomenis (asmens duomenis \u012fprastai naudojamu ir kompiuterio skaitomu formatu persi\u0173sti i\u0161 vieno duomen\u0173 valdytojo kitam, kai tai techni\u0161kai \u012fmanoma, kai to nedraud\u017eia teis\u0117s aktai ir kai duomenys tvarkomi automatizuotomis priemon\u0117mis), su prane\u0161imu apie savo sutikimo tvarkyti asmens duomenis at\u0161aukimu, jei toks buvo duotas anks\u010diau, o taip pat prane\u0161ti apie nesutikim\u0105 tvarkyti J\u016bs\u0173 duomenis. D\u0117l su J\u016bs\u0173 teis\u0117mis susijusi\u0173 pra\u0161ym\u0173 galite kreiptis \u012f Bendrov\u0119 el. pa\u0161to adresu <a href=\"mailto:autobusai@raseiniai.lt\">autobusai@raseiniai.lt. <\/a>J\u016bs\u0173 pra\u0161ymai bus i\u0161nagrin\u0117ti per 30 dien\u0173 termin\u0105. Taip pat, d\u0117l J\u016bs\u0173 asmens<br> duomen\u0173 tvakrymo, auk\u0161\u010diau i\u0161vardint\u0173 teisi\u0173 \u012fgyvendinimo galite kreiptis tiesiogiai \u012f Bendrov\u0117je<br> paskirt\u0105 duomen\u0173 apsaugos pareig\u016bn\u0105 &#8211; Advokat\u0173 profesin\u0117 bendrija \u201eKaminskien\u0117 ir partneriai<br> PROTEGO\u201c, kuris r\u016bpinasi J\u016bs\u0173 asmens duomen\u0173 apsauga ir tuo, kad Bendrov\u0117s veikla atitikt\u0173 Europos<br> Parlamento ir Tarybos Reglamento (ES) 2016\/679 nuostatas, el.pa\u0161tu<a href=\"mailto:duomenu.apsauga@protego.lt\"> duomenu.apsauga@prote go.lt <\/a>arba tel.nr. +370 694 90 339. D\u0117l neteis\u0117to J\u016bs\u0173 Asmens duomen\u0173 tvarkymo galite kreiptis su skundu \u012f Valstybin\u0119 duomen\u0173 apsaugos inspekcij\u0105. Teis\u0117mis naudojamasi nepa\u017eeid\u017eiant teis\u0117s akt\u0173 nustatyt\u0173 reikalavim\u0173.<\/p>\n\n\n\n<p>Siekiant u\u017etikrinti 2016 m. baland\u017eio 27 d. Europos Parlamento ir Tarybos reglamento (ES) Nr.<br> 2016\/679, Lietuvos Respublikos asmens duomen\u0173 teisin\u0117s apsaugos \u012fstatymo, Elektronini\u0173 ry\u0161i\u0173<br> \u012fstatymo, kit\u0173 \u012fstatym\u0173 bei teis\u0117s akt\u0173, reglamentuojan\u010di\u0173 asmens duomen\u0173 apsaugos tvarkym\u0105 ir apsaug\u0105, laikym\u0105si ir \u012fgyvendinim\u0105, patvirtiname, kad Bendrov\u0117, teikdama savo paslaugas, vadovaujasi visais auk\u0161\u010diau i\u0161vardintais teis\u0117s aktais.<\/p>\n\n\n\n<p>Laikantis Reglamento nuostat\u0173, \u012fmon\u0117 turi galiojan\u010dius Nuostatus, kuriuose aptarti pagrindiniai<br> asmens duomen\u0173 apsaugos klausimai, tokie kaip duomen\u0173 tvarkymo tikslai, apimtis, saugojimas,<br> teikimas, duomen\u0173 subjekt\u0173 teis\u0117s. Daugiau apie tai, kaip Bendrov\u0117 tvarko J\u016bs\u0173 asmens duomenis galite su\u017einoti Bendrov\u0117s interneto svetain\u0117je adresu<a href=\"http:\/\/www.avandenys.lt\/\"> www.raseiniuautobusuparkas.lt.<\/a><\/p>","protected":false},"excerpt":{"rendered":"<p>PRIVATUMO POLITIKA 2018 m. bir\u017eelio 8 d. UAB \u201eRaseini\u0173 autobus\u0173 parkas\u201c (pagrindin\u0117 veikla &#8211; keleivi\u0173 ve\u017eimas autobusais, transporto priemoni\u0173 nuoma, siunt\u0173 gabenimas, autotransporto remonto darbai, toliau &#8211; Bendrov\u0117), vadovaudamasi Europos Parlamento ir Tarybos reglamento (ES) 2016\/679 ir Lietuvos Respublikos asmens duomen\u0173 teisin\u0117s apsaugos \u012fstatymo nuostatomis, \u0161ia Privatumo politika Jus, kaip \u012fmon\u0117s klient\u0105, informuoja apie Bendrov\u0117s, [&hellip;]<\/p>","protected":false},"author":1,"featured_media":0,"parent":0,"menu_order":0,"comment_status":"closed","ping_status":"closed","template":"","meta":{"_uag_custom_page_level_css":"","site-sidebar-layout":"default","site-content-layout":"default","ast-site-content-layout":"default","site-content-style":"default","site-sidebar-style":"default","ast-global-header-display":"","ast-banner-title-visibility":"","ast-main-header-display":"","ast-hfb-above-header-display":"","ast-hfb-below-header-display":"","ast-hfb-mobile-header-display":"","site-post-title":"disabled","ast-breadcrumbs-content":"","ast-featured-img":"","footer-sml-layout":"","theme-transparent-header-meta":"default","adv-header-id-meta":"","stick-header-meta":"","header-above-stick-meta":"","header-main-stick-meta":"","header-below-stick-meta":"","astra-migrate-meta-layouts":"default","ast-page-background-enabled":"default","ast-page-background-meta":{"desktop":{"background-color":"var(--ast-global-color-4)","background-image":"","background-repeat":"repeat","background-position":"center center","background-size":"auto","background-attachment":"scroll","background-type":"","background-media":"","overlay-type":"","overlay-color":"","overlay-opacity":"","overlay-gradient":""},"tablet":{"background-color":"","background-image":"","background-repeat":"repeat","background-position":"center center","background-size":"auto","background-attachment":"scroll","background-type":"","background-media":"","overlay-type":"","overlay-color":"","overlay-opacity":"","overlay-gradient":""},"mobile":{"background-color":"","background-image":"","background-repeat":"repeat","background-position":"center center","background-size":"auto","background-attachment":"scroll","background-type":"","background-media":"","overlay-type":"","overlay-color":"","overlay-opacity":"","overlay-gradient":""}},"ast-content-background-meta":{"desktop":{"background-color":"var(--ast-global-color-5)","background-image":"","background-repeat":"repeat","background-position":"center center","background-size":"auto","background-attachment":"scroll","background-type":"","background-media":"","overlay-type":"","overlay-color":"","overlay-opacity":"","overlay-gradient":""},"tablet":{"background-color":"var(--ast-global-color-5)","background-image":"","background-repeat":"repeat","background-position":"center center","background-size":"auto","background-attachment":"scroll","background-type":"","background-media":"","overlay-type":"","overlay-color":"","overlay-opacity":"","overlay-gradient":""},"mobile":{"background-color":"var(--ast-global-color-5)","background-image":"","background-repeat":"repeat","background-position":"center center","background-size":"auto","background-attachment":"scroll","background-type":"","background-media":"","overlay-type":"","overlay-color":"","overlay-opacity":"","overlay-gradient":""}},"footnotes":""},"class_list":["post-2743","page","type-page","status-publish","hentry"],"yoast_head":"<!-- This site is optimized with the Yoast SEO plugin v25.7 - https:\/\/yoast.com\/wordpress\/plugins\/seo\/ -->\n<title>privatumo politika | Raseini\u0173 autobus\u0173 parkas<\/title>\n<meta name=\"robots\" content=\"index, follow, max-snippet:-1, max-image-preview:large, max-video-preview:-1\" \/>\n<link rel=\"canonical\" href=\"https:\/\/raseiniuautobusuparkas.lt\/en\/2743-2\/\" \/>\n<meta property=\"og:locale\" content=\"en_US\" \/>\n<meta property=\"og:type\" content=\"article\" \/>\n<meta property=\"og:title\" content=\"privatumo politika | Raseini\u0173 autobus\u0173 parkas\" \/>\n<meta property=\"og:description\" content=\"PRIVATUMO POLITIKA 2018 m. bir\u017eelio 8 d. UAB \u201eRaseini\u0173 autobus\u0173 parkas\u201c (pagrindin\u0117 veikla &#8211; keleivi\u0173 ve\u017eimas autobusais, transporto priemoni\u0173 nuoma, siunt\u0173 gabenimas, autotransporto remonto darbai, toliau &#8211; Bendrov\u0117), vadovaudamasi Europos Parlamento ir Tarybos reglamento (ES) 2016\/679 ir Lietuvos Respublikos asmens duomen\u0173 teisin\u0117s apsaugos \u012fstatymo nuostatomis, \u0161ia Privatumo politika Jus, kaip \u012fmon\u0117s klient\u0105, informuoja apie Bendrov\u0117s, [&hellip;]\" \/>\n<meta property=\"og:url\" content=\"https:\/\/raseiniuautobusuparkas.lt\/en\/2743-2\/\" \/>\n<meta property=\"og:site_name\" content=\"Raseini\u0173 autobus\u0173 parkas\" \/>\n<meta property=\"article:modified_time\" content=\"2020-03-03T14:26:58+00:00\" \/>\n<meta name=\"twitter:card\" content=\"summary_large_image\" \/>\n<meta name=\"twitter:label1\" content=\"Est. reading time\" \/>\n\t<meta name=\"twitter:data1\" content=\"6 minutes\" \/>\n<script type=\"application\/ld+json\" class=\"yoast-schema-graph\">{\"@context\":\"https:\/\/schema.org\",\"@graph\":[{\"@type\":\"WebPage\",\"@id\":\"https:\/\/raseiniuautobusuparkas.lt\/2743-2\/\",\"url\":\"https:\/\/raseiniuautobusuparkas.lt\/2743-2\/\",\"name\":\"privatumo politika | Raseini\u0173 autobus\u0173 parkas\",\"isPartOf\":{\"@id\":\"https:\/\/raseiniuautobusuparkas.lt\/#website\"},\"datePublished\":\"2020-03-03T14:22:54+00:00\",\"dateModified\":\"2020-03-03T14:26:58+00:00\",\"breadcrumb\":{\"@id\":\"https:\/\/raseiniuautobusuparkas.lt\/2743-2\/#breadcrumb\"},\"inLanguage\":\"en-US\",\"potentialAction\":[{\"@type\":\"ReadAction\",\"target\":[\"https:\/\/raseiniuautobusuparkas.lt\/2743-2\/\"]}]},{\"@type\":\"BreadcrumbList\",\"@id\":\"https:\/\/raseiniuautobusuparkas.lt\/2743-2\/#breadcrumb\",\"itemListElement\":[{\"@type\":\"ListItem\",\"position\":1,\"name\":\"Home\",\"item\":\"https:\/\/raseiniuautobusuparkas.lt\/\"},{\"@type\":\"ListItem\",\"position\":2,\"name\":\"privatumo politika\"}]},{\"@type\":\"WebSite\",\"@id\":\"https:\/\/raseiniuautobusuparkas.lt\/#website\",\"url\":\"https:\/\/raseiniuautobusuparkas.lt\/\",\"name\":\"Raseini\u0173 autobus\u0173 parkas\",\"description\":\"Autobus\u0173 kompanija\",\"publisher\":{\"@id\":\"https:\/\/raseiniuautobusuparkas.lt\/#organization\"},\"potentialAction\":[{\"@type\":\"SearchAction\",\"target\":{\"@type\":\"EntryPoint\",\"urlTemplate\":\"https:\/\/raseiniuautobusuparkas.lt\/?s={search_term_string}\"},\"query-input\":{\"@type\":\"PropertyValueSpecification\",\"valueRequired\":true,\"valueName\":\"search_term_string\"}}],\"inLanguage\":\"en-US\"},{\"@type\":\"Organization\",\"@id\":\"https:\/\/raseiniuautobusuparkas.lt\/#organization\",\"name\":\"Raseini\u0173 autobus\u0173 parkas\",\"url\":\"https:\/\/raseiniuautobusuparkas.lt\/\",\"logo\":{\"@type\":\"ImageObject\",\"inLanguage\":\"en-US\",\"@id\":\"https:\/\/raseiniuautobusuparkas.lt\/#\/schema\/logo\/image\/\",\"url\":\"https:\/\/raseiniuautobusuparkas.lt\/wp-content\/uploads\/2020\/04\/output-onlinepngtools.png\",\"contentUrl\":\"https:\/\/raseiniuautobusuparkas.lt\/wp-content\/uploads\/2020\/04\/output-onlinepngtools.png\",\"width\":511,\"height\":98,\"caption\":\"Raseini\u0173 autobus\u0173 parkas\"},\"image\":{\"@id\":\"https:\/\/raseiniuautobusuparkas.lt\/#\/schema\/logo\/image\/\"}}]}<\/script>\n<!-- \/ Yoast SEO plugin. -->","yoast_head_json":{"title":"privatumo politika | Raseini\u0173 autobus\u0173 parkas","robots":{"index":"index","follow":"follow","max-snippet":"max-snippet:-1","max-image-preview":"max-image-preview:large","max-video-preview":"max-video-preview:-1"},"canonical":"https:\/\/raseiniuautobusuparkas.lt\/en\/2743-2\/","og_locale":"en_US","og_type":"article","og_title":"privatumo politika | Raseini\u0173 autobus\u0173 parkas","og_description":"PRIVATUMO POLITIKA 2018 m. bir\u017eelio 8 d. UAB \u201eRaseini\u0173 autobus\u0173 parkas\u201c (pagrindin\u0117 veikla &#8211; keleivi\u0173 ve\u017eimas autobusais, transporto priemoni\u0173 nuoma, siunt\u0173 gabenimas, autotransporto remonto darbai, toliau &#8211; Bendrov\u0117), vadovaudamasi Europos Parlamento ir Tarybos reglamento (ES) 2016\/679 ir Lietuvos Respublikos asmens duomen\u0173 teisin\u0117s apsaugos \u012fstatymo nuostatomis, \u0161ia Privatumo politika Jus, kaip \u012fmon\u0117s klient\u0105, informuoja apie Bendrov\u0117s, [&hellip;]","og_url":"https:\/\/raseiniuautobusuparkas.lt\/en\/2743-2\/","og_site_name":"Raseini\u0173 autobus\u0173 parkas","article_modified_time":"2020-03-03T14:26:58+00:00","twitter_card":"summary_large_image","twitter_misc":{"Est. reading time":"6 minutes"},"schema":{"@context":"https:\/\/schema.org","@graph":[{"@type":"WebPage","@id":"https:\/\/raseiniuautobusuparkas.lt\/2743-2\/","url":"https:\/\/raseiniuautobusuparkas.lt\/2743-2\/","name":"privatumo politika | Raseini\u0173 autobus\u0173 parkas","isPartOf":{"@id":"https:\/\/raseiniuautobusuparkas.lt\/#website"},"datePublished":"2020-03-03T14:22:54+00:00","dateModified":"2020-03-03T14:26:58+00:00","breadcrumb":{"@id":"https:\/\/raseiniuautobusuparkas.lt\/2743-2\/#breadcrumb"},"inLanguage":"en-US","potentialAction":[{"@type":"ReadAction","target":["https:\/\/raseiniuautobusuparkas.lt\/2743-2\/"]}]},{"@type":"BreadcrumbList","@id":"https:\/\/raseiniuautobusuparkas.lt\/2743-2\/#breadcrumb","itemListElement":[{"@type":"ListItem","position":1,"name":"Home","item":"https:\/\/raseiniuautobusuparkas.lt\/"},{"@type":"ListItem","position":2,"name":"privatumo politika"}]},{"@type":"WebSite","@id":"https:\/\/raseiniuautobusuparkas.lt\/#website","url":"https:\/\/raseiniuautobusuparkas.lt\/","name":"Raseini\u0173 autobus\u0173 parkas","description":"Autobus\u0173 kompanija","publisher":{"@id":"https:\/\/raseiniuautobusuparkas.lt\/#organization"},"potentialAction":[{"@type":"SearchAction","target":{"@type":"EntryPoint","urlTemplate":"https:\/\/raseiniuautobusuparkas.lt\/?s={search_term_string}"},"query-input":{"@type":"PropertyValueSpecification","valueRequired":true,"valueName":"search_term_string"}}],"inLanguage":"en-US"},{"@type":"Organization","@id":"https:\/\/raseiniuautobusuparkas.lt\/#organization","name":"Raseini\u0173 autobus\u0173 parkas","url":"https:\/\/raseiniuautobusuparkas.lt\/","logo":{"@type":"ImageObject","inLanguage":"en-US","@id":"https:\/\/raseiniuautobusuparkas.lt\/#\/schema\/logo\/image\/","url":"https:\/\/raseiniuautobusuparkas.lt\/wp-content\/uploads\/2020\/04\/output-onlinepngtools.png","contentUrl":"https:\/\/raseiniuautobusuparkas.lt\/wp-content\/uploads\/2020\/04\/output-onlinepngtools.png","width":511,"height":98,"caption":"Raseini\u0173 autobus\u0173 parkas"},"image":{"@id":"https:\/\/raseiniuautobusuparkas.lt\/#\/schema\/logo\/image\/"}}]}},"uagb_featured_image_src":{"full":false,"thumbnail":false,"medium":false,"medium_large":false,"large":false,"1536x1536":false,"2048x2048":false,"trp-custom-language-flag":false,"htmega_size_585x295":false,"htmega_size_1170x536":false,"htmega_size_396x360":false},"uagb_author_info":{"display_name":"just.pipiras","author_link":"https:\/\/raseiniuautobusuparkas.lt\/en\/author\/just-pipiras\/"},"uagb_comment_info":0,"uagb_excerpt":"PRIVATUMO POLITIKA 2018 m. bir\u017eelio 8 d. UAB \u201eRaseini\u0173 autobus\u0173 parkas\u201c (pagrindin\u0117 veikla &#8211; keleivi\u0173 ve\u017eimas autobusais, transporto priemoni\u0173 nuoma, siunt\u0173 gabenimas, autotransporto remonto darbai, toliau &#8211; Bendrov\u0117), vadovaudamasi Europos Parlamento ir Tarybos reglamento (ES) 2016\/679 ir Lietuvos Respublikos asmens duomen\u0173 teisin\u0117s apsaugos \u012fstatymo nuostatomis, \u0161ia Privatumo politika Jus, kaip \u012fmon\u0117s klient\u0105, informuoja apie Bendrov\u0117s,&hellip;","_links":{"self":[{"href":"https:\/\/raseiniuautobusuparkas.lt\/en\/wp-json\/wp\/v2\/pages\/2743","targetHints":{"allow":["GET"]}}],"collection":[{"href":"https:\/\/raseiniuautobusuparkas.lt\/en\/wp-json\/wp\/v2\/pages"}],"about":[{"href":"https:\/\/raseiniuautobusuparkas.lt\/en\/wp-json\/wp\/v2\/types\/page"}],"author":[{"embeddable":true,"href":"https:\/\/raseiniuautobusuparkas.lt\/en\/wp-json\/wp\/v2\/users\/1"}],"replies":[{"embeddable":true,"href":"https:\/\/raseiniuautobusuparkas.lt\/en\/wp-json\/wp\/v2\/comments?post=2743"}],"version-history":[{"count":0,"href":"https:\/\/raseiniuautobusuparkas.lt\/en\/wp-json\/wp\/v2\/pages\/2743\/revisions"}],"wp:attachment":[{"href":"https:\/\/raseiniuautobusuparkas.lt\/en\/wp-json\/wp\/v2\/media?parent=2743"}],"curies":[{"name":"wp","href":"https:\/\/api.w.org\/{rel}","templated":true}]}}