{"id":2712,"date":"2020-03-03T10:58:27","date_gmt":"2020-03-03T10:58:27","guid":{"rendered":"http:\/\/raseiniuautobusuparkas.lt\/?page_id=2712"},"modified":"2020-03-03T10:59:09","modified_gmt":"2020-03-03T10:59:09","slug":"korupcijos-prevencija","status":"publish","type":"page","link":"https:\/\/raseiniuautobusuparkas.lt\/en\/korupcijos-prevencija\/","title":{"rendered":"KORUPCIJOS PREVENCIJA"},"content":{"rendered":"<p><span style=\"color: #000000;\">Korupcija\u00a0yra bet koks asmens elgesys, neatitinkantis jiems suteikt\u0173 \u012fgaliojim\u0173 ar nustatyt\u0173 elgesio standart\u0173, ar tokio elgesio skatinimas siekiant naudos sau ar kitiems asmenims ir taip pakenkiant asmen\u0173 ir valstyb\u0117s interesams.<\/span><\/p>\n<p><span style=\"color: #000000;\">Korupcijos prevencija\u00a0\u2013 korupcijos prie\u017eas\u010di\u0173, s\u0105lyg\u0173 atskleidimas ir \u0161alinimas sudarant bei \u012fgyvendinant atitinkam\u0173 priemoni\u0173 sistem\u0105, taip pat poveikis asmenims siekiant atgrasinti nuo korupcinio pob\u016bd\u017eio nusikalstam\u0173 veik\u0173 darymo.<\/span><\/p>\n<p><span style=\"color: #000000;\">Susid\u016br\u0119 su neteis\u0117tais UAB &#8222;Raseini\u0173 autobus\u0173 parkas&#8221; (toliau &#8211; bendrov\u0117) darbuotoj\u0173 veiksmais, matydami darom\u0105 nusikaltim\u0105 arba kitok\u012f pa\u017eeidim\u0105, susijus\u012f su korupcija bei bendrov\u0117s darbuotoj\u0173 tiesiogini\u0173\u00a0pareig\u0173\u00a0netinkamu\u00a0vykdymu ar j\u0173 nevykdymu,\u00a0prane\u0161kite tel.: (8 428) 51098, el. p. autobusai@raseiniai.lt arba bendrov\u0117s vadovams autobus\u0173 stotyje adresu Vilniaus g. 87, Raseiniai.<\/span><\/p>","protected":false},"excerpt":{"rendered":"<p>Korupcija\u00a0yra bet koks asmens elgesys, neatitinkantis jiems suteikt\u0173 \u012fgaliojim\u0173 ar nustatyt\u0173 elgesio standart\u0173, ar tokio elgesio skatinimas siekiant naudos sau ar kitiems asmenims ir taip pakenkiant asmen\u0173 ir valstyb\u0117s interesams. Korupcijos prevencija\u00a0\u2013 korupcijos prie\u017eas\u010di\u0173, s\u0105lyg\u0173 atskleidimas ir \u0161alinimas sudarant bei \u012fgyvendinant atitinkam\u0173 priemoni\u0173 sistem\u0105, taip pat poveikis asmenims siekiant atgrasinti nuo korupcinio pob\u016bd\u017eio nusikalstam\u0173 veik\u0173 [&hellip;]<\/p>","protected":false},"author":1,"featured_media":0,"parent":0,"menu_order":0,"comment_status":"closed","ping_status":"closed","template":"","meta":{"_uag_custom_page_level_css":"","site-sidebar-layout":"default","site-content-layout":"default","ast-site-content-layout":"default","site-content-style":"default","site-sidebar-style":"default","ast-global-header-display":"","ast-banner-title-visibility":"","ast-main-header-display":"","ast-hfb-above-header-display":"","ast-hfb-below-header-display":"","ast-hfb-mobile-header-display":"","site-post-title":"","ast-breadcrumbs-content":"","ast-featured-img":"","footer-sml-layout":"","theme-transparent-header-meta":"default","adv-header-id-meta":"","stick-header-meta":"","header-above-stick-meta":"","header-main-stick-meta":"","header-below-stick-meta":"","astra-migrate-meta-layouts":"default","ast-page-background-enabled":"default","ast-page-background-meta":{"desktop":{"background-color":"var(--ast-global-color-4)","background-image":"","background-repeat":"repeat","background-position":"center center","background-size":"auto","background-attachment":"scroll","background-type":"","background-media":"","overlay-type":"","overlay-color":"","overlay-opacity":"","overlay-gradient":""},"tablet":{"background-color":"","background-image":"","background-repeat":"repeat","background-position":"center center","background-size":"auto","background-attachment":"scroll","background-type":"","background-media":"","overlay-type":"","overlay-color":"","overlay-opacity":"","overlay-gradient":""},"mobile":{"background-color":"","background-image":"","background-repeat":"repeat","background-position":"center center","background-size":"auto","background-attachment":"scroll","background-type":"","background-media":"","overlay-type":"","overlay-color":"","overlay-opacity":"","overlay-gradient":""}},"ast-content-background-meta":{"desktop":{"background-color":"var(--ast-global-color-5)","background-image":"","background-repeat":"repeat","background-position":"center center","background-size":"auto","background-attachment":"scroll","background-type":"","background-media":"","overlay-type":"","overlay-color":"","overlay-opacity":"","overlay-gradient":""},"tablet":{"background-color":"var(--ast-global-color-5)","background-image":"","background-repeat":"repeat","background-position":"center center","background-size":"auto","background-attachment":"scroll","background-type":"","background-media":"","overlay-type":"","overlay-color":"","overlay-opacity":"","overlay-gradient":""},"mobile":{"background-color":"var(--ast-global-color-5)","background-image":"","background-repeat":"repeat","background-position":"center center","background-size":"auto","background-attachment":"scroll","background-type":"","background-media":"","overlay-type":"","overlay-color":"","overlay-opacity":"","overlay-gradient":""}},"footnotes":""},"class_list":["post-2712","page","type-page","status-publish","hentry"],"yoast_head":"<!-- This site is optimized with the Yoast SEO plugin v25.7 - https:\/\/yoast.com\/wordpress\/plugins\/seo\/ -->\n<title>KORUPCIJOS PREVENCIJA | Raseini\u0173 autobus\u0173 parkas<\/title>\n<meta name=\"robots\" content=\"index, follow, max-snippet:-1, max-image-preview:large, max-video-preview:-1\" \/>\n<link rel=\"canonical\" href=\"https:\/\/raseiniuautobusuparkas.lt\/en\/korupcijos-prevencija\/\" \/>\n<meta property=\"og:locale\" content=\"en_US\" \/>\n<meta property=\"og:type\" content=\"article\" \/>\n<meta property=\"og:title\" content=\"KORUPCIJOS PREVENCIJA | Raseini\u0173 autobus\u0173 parkas\" \/>\n<meta property=\"og:description\" content=\"Korupcija\u00a0yra bet koks asmens elgesys, neatitinkantis jiems suteikt\u0173 \u012fgaliojim\u0173 ar nustatyt\u0173 elgesio standart\u0173, ar tokio elgesio skatinimas siekiant naudos sau ar kitiems asmenims ir taip pakenkiant asmen\u0173 ir valstyb\u0117s interesams. Korupcijos prevencija\u00a0\u2013 korupcijos prie\u017eas\u010di\u0173, s\u0105lyg\u0173 atskleidimas ir \u0161alinimas sudarant bei \u012fgyvendinant atitinkam\u0173 priemoni\u0173 sistem\u0105, taip pat poveikis asmenims siekiant atgrasinti nuo korupcinio pob\u016bd\u017eio nusikalstam\u0173 veik\u0173 [&hellip;]\" \/>\n<meta property=\"og:url\" content=\"https:\/\/raseiniuautobusuparkas.lt\/en\/korupcijos-prevencija\/\" \/>\n<meta property=\"og:site_name\" content=\"Raseini\u0173 autobus\u0173 parkas\" \/>\n<meta property=\"article:modified_time\" content=\"2020-03-03T10:59:09+00:00\" \/>\n<meta name=\"twitter:card\" content=\"summary_large_image\" \/>\n<meta name=\"twitter:label1\" content=\"Est. reading time\" \/>\n\t<meta name=\"twitter:data1\" content=\"1 minute\" \/>\n<script type=\"application\/ld+json\" class=\"yoast-schema-graph\">{\"@context\":\"https:\/\/schema.org\",\"@graph\":[{\"@type\":\"WebPage\",\"@id\":\"https:\/\/raseiniuautobusuparkas.lt\/korupcijos-prevencija\/\",\"url\":\"https:\/\/raseiniuautobusuparkas.lt\/korupcijos-prevencija\/\",\"name\":\"KORUPCIJOS PREVENCIJA | Raseini\u0173 autobus\u0173 parkas\",\"isPartOf\":{\"@id\":\"https:\/\/raseiniuautobusuparkas.lt\/#website\"},\"datePublished\":\"2020-03-03T10:58:27+00:00\",\"dateModified\":\"2020-03-03T10:59:09+00:00\",\"breadcrumb\":{\"@id\":\"https:\/\/raseiniuautobusuparkas.lt\/korupcijos-prevencija\/#breadcrumb\"},\"inLanguage\":\"en-US\",\"potentialAction\":[{\"@type\":\"ReadAction\",\"target\":[\"https:\/\/raseiniuautobusuparkas.lt\/korupcijos-prevencija\/\"]}]},{\"@type\":\"BreadcrumbList\",\"@id\":\"https:\/\/raseiniuautobusuparkas.lt\/korupcijos-prevencija\/#breadcrumb\",\"itemListElement\":[{\"@type\":\"ListItem\",\"position\":1,\"name\":\"Home\",\"item\":\"https:\/\/raseiniuautobusuparkas.lt\/\"},{\"@type\":\"ListItem\",\"position\":2,\"name\":\"KORUPCIJOS PREVENCIJA\"}]},{\"@type\":\"WebSite\",\"@id\":\"https:\/\/raseiniuautobusuparkas.lt\/#website\",\"url\":\"https:\/\/raseiniuautobusuparkas.lt\/\",\"name\":\"Raseini\u0173 autobus\u0173 parkas\",\"description\":\"Autobus\u0173 kompanija\",\"publisher\":{\"@id\":\"https:\/\/raseiniuautobusuparkas.lt\/#organization\"},\"potentialAction\":[{\"@type\":\"SearchAction\",\"target\":{\"@type\":\"EntryPoint\",\"urlTemplate\":\"https:\/\/raseiniuautobusuparkas.lt\/?s={search_term_string}\"},\"query-input\":{\"@type\":\"PropertyValueSpecification\",\"valueRequired\":true,\"valueName\":\"search_term_string\"}}],\"inLanguage\":\"en-US\"},{\"@type\":\"Organization\",\"@id\":\"https:\/\/raseiniuautobusuparkas.lt\/#organization\",\"name\":\"Raseini\u0173 autobus\u0173 parkas\",\"url\":\"https:\/\/raseiniuautobusuparkas.lt\/\",\"logo\":{\"@type\":\"ImageObject\",\"inLanguage\":\"en-US\",\"@id\":\"https:\/\/raseiniuautobusuparkas.lt\/#\/schema\/logo\/image\/\",\"url\":\"https:\/\/raseiniuautobusuparkas.lt\/wp-content\/uploads\/2020\/04\/output-onlinepngtools.png\",\"contentUrl\":\"https:\/\/raseiniuautobusuparkas.lt\/wp-content\/uploads\/2020\/04\/output-onlinepngtools.png\",\"width\":511,\"height\":98,\"caption\":\"Raseini\u0173 autobus\u0173 parkas\"},\"image\":{\"@id\":\"https:\/\/raseiniuautobusuparkas.lt\/#\/schema\/logo\/image\/\"}}]}<\/script>\n<!-- \/ Yoast SEO plugin. -->","yoast_head_json":{"title":"KORUPCIJOS PREVENCIJA | Raseini\u0173 autobus\u0173 parkas","robots":{"index":"index","follow":"follow","max-snippet":"max-snippet:-1","max-image-preview":"max-image-preview:large","max-video-preview":"max-video-preview:-1"},"canonical":"https:\/\/raseiniuautobusuparkas.lt\/en\/korupcijos-prevencija\/","og_locale":"en_US","og_type":"article","og_title":"KORUPCIJOS PREVENCIJA | Raseini\u0173 autobus\u0173 parkas","og_description":"Korupcija\u00a0yra bet koks asmens elgesys, neatitinkantis jiems suteikt\u0173 \u012fgaliojim\u0173 ar nustatyt\u0173 elgesio standart\u0173, ar tokio elgesio skatinimas siekiant naudos sau ar kitiems asmenims ir taip pakenkiant asmen\u0173 ir valstyb\u0117s interesams. Korupcijos prevencija\u00a0\u2013 korupcijos prie\u017eas\u010di\u0173, s\u0105lyg\u0173 atskleidimas ir \u0161alinimas sudarant bei \u012fgyvendinant atitinkam\u0173 priemoni\u0173 sistem\u0105, taip pat poveikis asmenims siekiant atgrasinti nuo korupcinio pob\u016bd\u017eio nusikalstam\u0173 veik\u0173 [&hellip;]","og_url":"https:\/\/raseiniuautobusuparkas.lt\/en\/korupcijos-prevencija\/","og_site_name":"Raseini\u0173 autobus\u0173 parkas","article_modified_time":"2020-03-03T10:59:09+00:00","twitter_card":"summary_large_image","twitter_misc":{"Est. reading time":"1 minute"},"schema":{"@context":"https:\/\/schema.org","@graph":[{"@type":"WebPage","@id":"https:\/\/raseiniuautobusuparkas.lt\/korupcijos-prevencija\/","url":"https:\/\/raseiniuautobusuparkas.lt\/korupcijos-prevencija\/","name":"KORUPCIJOS PREVENCIJA | Raseini\u0173 autobus\u0173 parkas","isPartOf":{"@id":"https:\/\/raseiniuautobusuparkas.lt\/#website"},"datePublished":"2020-03-03T10:58:27+00:00","dateModified":"2020-03-03T10:59:09+00:00","breadcrumb":{"@id":"https:\/\/raseiniuautobusuparkas.lt\/korupcijos-prevencija\/#breadcrumb"},"inLanguage":"en-US","potentialAction":[{"@type":"ReadAction","target":["https:\/\/raseiniuautobusuparkas.lt\/korupcijos-prevencija\/"]}]},{"@type":"BreadcrumbList","@id":"https:\/\/raseiniuautobusuparkas.lt\/korupcijos-prevencija\/#breadcrumb","itemListElement":[{"@type":"ListItem","position":1,"name":"Home","item":"https:\/\/raseiniuautobusuparkas.lt\/"},{"@type":"ListItem","position":2,"name":"KORUPCIJOS PREVENCIJA"}]},{"@type":"WebSite","@id":"https:\/\/raseiniuautobusuparkas.lt\/#website","url":"https:\/\/raseiniuautobusuparkas.lt\/","name":"Raseini\u0173 autobus\u0173 parkas","description":"Autobus\u0173 kompanija","publisher":{"@id":"https:\/\/raseiniuautobusuparkas.lt\/#organization"},"potentialAction":[{"@type":"SearchAction","target":{"@type":"EntryPoint","urlTemplate":"https:\/\/raseiniuautobusuparkas.lt\/?s={search_term_string}"},"query-input":{"@type":"PropertyValueSpecification","valueRequired":true,"valueName":"search_term_string"}}],"inLanguage":"en-US"},{"@type":"Organization","@id":"https:\/\/raseiniuautobusuparkas.lt\/#organization","name":"Raseini\u0173 autobus\u0173 parkas","url":"https:\/\/raseiniuautobusuparkas.lt\/","logo":{"@type":"ImageObject","inLanguage":"en-US","@id":"https:\/\/raseiniuautobusuparkas.lt\/#\/schema\/logo\/image\/","url":"https:\/\/raseiniuautobusuparkas.lt\/wp-content\/uploads\/2020\/04\/output-onlinepngtools.png","contentUrl":"https:\/\/raseiniuautobusuparkas.lt\/wp-content\/uploads\/2020\/04\/output-onlinepngtools.png","width":511,"height":98,"caption":"Raseini\u0173 autobus\u0173 parkas"},"image":{"@id":"https:\/\/raseiniuautobusuparkas.lt\/#\/schema\/logo\/image\/"}}]}},"uagb_featured_image_src":{"full":false,"thumbnail":false,"medium":false,"medium_large":false,"large":false,"1536x1536":false,"2048x2048":false,"trp-custom-language-flag":false,"htmega_size_585x295":false,"htmega_size_1170x536":false,"htmega_size_396x360":false},"uagb_author_info":{"display_name":"just.pipiras","author_link":"https:\/\/raseiniuautobusuparkas.lt\/en\/author\/just-pipiras\/"},"uagb_comment_info":0,"uagb_excerpt":"Korupcija\u00a0yra bet koks asmens elgesys, neatitinkantis jiems suteikt\u0173 \u012fgaliojim\u0173 ar nustatyt\u0173 elgesio standart\u0173, ar tokio elgesio skatinimas siekiant naudos sau ar kitiems asmenims ir taip pakenkiant asmen\u0173 ir valstyb\u0117s interesams. Korupcijos prevencija\u00a0\u2013 korupcijos prie\u017eas\u010di\u0173, s\u0105lyg\u0173 atskleidimas ir \u0161alinimas sudarant bei \u012fgyvendinant atitinkam\u0173 priemoni\u0173 sistem\u0105, taip pat poveikis asmenims siekiant atgrasinti nuo korupcinio pob\u016bd\u017eio nusikalstam\u0173 veik\u0173&hellip;","_links":{"self":[{"href":"https:\/\/raseiniuautobusuparkas.lt\/en\/wp-json\/wp\/v2\/pages\/2712","targetHints":{"allow":["GET"]}}],"collection":[{"href":"https:\/\/raseiniuautobusuparkas.lt\/en\/wp-json\/wp\/v2\/pages"}],"about":[{"href":"https:\/\/raseiniuautobusuparkas.lt\/en\/wp-json\/wp\/v2\/types\/page"}],"author":[{"embeddable":true,"href":"https:\/\/raseiniuautobusuparkas.lt\/en\/wp-json\/wp\/v2\/users\/1"}],"replies":[{"embeddable":true,"href":"https:\/\/raseiniuautobusuparkas.lt\/en\/wp-json\/wp\/v2\/comments?post=2712"}],"version-history":[{"count":0,"href":"https:\/\/raseiniuautobusuparkas.lt\/en\/wp-json\/wp\/v2\/pages\/2712\/revisions"}],"wp:attachment":[{"href":"https:\/\/raseiniuautobusuparkas.lt\/en\/wp-json\/wp\/v2\/media?parent=2712"}],"curies":[{"name":"wp","href":"https:\/\/api.w.org\/{rel}","templated":true}]}}