{"id":2417,"date":"2020-02-27T12:10:13","date_gmt":"2020-02-27T12:10:13","guid":{"rendered":"http:\/\/raseiniuautobusuparkas.lt\/?page_id=2417"},"modified":"2022-02-08T07:41:12","modified_gmt":"2022-02-08T07:41:12","slug":"miesto-autobusu-tvarkarasciai","status":"publish","type":"page","link":"https:\/\/raseiniuautobusuparkas.lt\/en\/miesto-autobusu-tvarkarasciai\/","title":{"rendered":"City bus schedules"},"content":{"rendered":"<h3 style=\"text-align: center;\"><span style=\"color: #000000;\"><strong>MIESTO AUTOBUS\u0172 TVARKARA\u0160\u010cIAI<\/strong><\/span><\/h3>\n<p style=\"text-align: center;\">Mar\u0161rutai galioja nuo 2021-09-01 iki 2022-06-30<\/p>\n\n\n<div style=\"height:20px\" aria-hidden=\"true\" class=\"wp-block-spacer\"><\/div>\n\n\n<p style=\"text-align: center;\"><strong><u>Stotel\u0117 (Autobus\u0173 stotis) i\u0161vykimo laikas<\/u><\/strong><\/p>\n<p style=\"text-align: center;\">Galioja nuo 2021-09-01 iki 2022-06-30<\/p>\n<p style=\"text-align: center;\"><strong>Darbo dienomis<\/strong><\/p>\n<p style=\"text-align: center;\">\u00a0\u012f Mi\u0161k\u0173 ur\u0117dij\u0105:\u00a0 6.20\u00a0 6.50\u00a0 7.40\u00a0 9.55\u00a0 12.30\u00a0 13.06\u00a0 13.55\u00a0 16.15\u00a0 17.05<\/p>\n<p style=\"text-align: center;\"><strong>\u0160e\u0161tadieniais<\/strong><\/p>\n<p style=\"text-align: center;\">\u012f Mi\u0161k\u0173 ur\u0117dij\u0105:\u00a0 \u00a06.50\u00a0 7.40\u00a0 8.50\u00a0 9.45\u00a0 11.00<\/p>\n<p style=\"text-align: center;\"><strong>Sekmadieniais<\/strong><\/p>\n<p style=\"text-align: center;\">\u00a0\u012f Mi\u0161k\u0173 ur\u0117dij\u0105:\u00a0 9.10\u00a0 11.40\u00a0 13.50<\/p>\n<p style=\"text-align: center;\">\u012e Ston\u0173 sodus:\u00a0 11.25<\/p>\n<p style=\"text-align: center;\"><strong><u>Stotel\u0117 (Autobus\u0173 stotis prie prekyviet\u0117s) i\u0161vykimo laikas<\/u><\/strong><\/p>\n<p style=\"text-align: center;\">\u00a0Nuo 2021-09-01 iki 2022-06-30<\/p>\n<p style=\"text-align: center;\"><strong>Darbo dienomis<\/strong><\/p>\n<p style=\"text-align: center;\">\u012e Ston\u0173 sodus:\u00a0 6.33\u00a0 7.55\u00a0 10.09\u00a0 12.48\u00a0 13.23\u00a0 16.26\u00a0 17.21<\/p>\n<p style=\"text-align: center;\">\u012e Ston\u0173 sodus, pro turg\u0173, UAB \u201eRaseini\u0173 statyba\u201c, pro Ramonus:\u00a0 6.58\u00a0 14.12<\/p>\n<p style=\"text-align: center;\"><strong>\u0160e\u0161tadieniais<\/strong><\/p>\n<p style=\"text-align: center;\">\u012e Ston\u0173 sodus pro turg\u0173:\u00a0 \u00a07.10\u00a0 \u00a08.05\u00a0 9.15<\/p>\n<p style=\"text-align: center;\"><strong>Sekmadieniais<\/strong><\/p>\n<p style=\"text-align: center;\">\u00a0\u00a0\u00a0\u00a0\u00a0\u00a0\u00a0 \u012e Ston\u0173 sodus:\u00a0 \u00a09.25\u00a0 14.07<\/p>\n<p style=\"text-align: center;\"><strong><u>Stotel\u0117( V. Petkaus pagr. m-kla) i\u0161vykimo laikas<\/u><\/strong><\/p>\n<p style=\"text-align: center;\">Nuo 2021-09-01 iki 2022-06-30<\/p>\n<p style=\"text-align: center;\"><strong>Darbo dienomis<\/strong><\/p>\n<p style=\"text-align: center;\">\u00a0\u012f Mi\u0161k\u0173 ur\u0117dij\u0105:\u00a0 6.24\u00a0 6.52\u00a0 7.43\u00a0 9.58\u00a0 12.35\u00a0 13.09\u00a0 13.58\u00a0 16.18\u00a0 17.08<\/p>\n<p style=\"text-align: center;\"><strong>\u0160e\u0161tadieniais<\/strong><\/p>\n<p style=\"text-align: center;\">\u012f Mi\u0161k\u0173 ur\u0117dij\u0105:\u00a0 6.54\u00a0 7.47\u00a0 8.54\u00a0 9.49\u00a0 11.01<\/p>\n<p style=\"text-align: center;\">\u00a0<strong>Sekmadieniais<\/strong><\/p>\n<p style=\"text-align: center;\">\u00a0\u012f Mi\u0161k\u0173 ur\u0117dij\u0105:\u00a0 9.13\u00a0 11.44\u00a0 13.53<\/p>\n<p style=\"text-align: center;\"><strong><u>Stotel\u0117 (V. Petkaus pagr. m-kla) i\u0161vykimo laikas<\/u><\/strong><\/p>\n<p style=\"text-align: center;\">Nuo 2021-09-01 iki 2022-06-30<\/p>\n<p style=\"text-align: center;\"><strong>Darbo dienomis<\/strong><\/p>\n<p style=\"text-align: center;\">\u00a0\u012f Ston\u0173 sodus pro autobus\u0173 stot\u012f:\u00a0 6.31\u00a0 6.56\u00a0 7.52\u00a0 10.07\u00a0 12.45\u00a0 13.20\u00a0 14.09\u00a0 16.25\u00a0 17.18<\/p>\n<p style=\"text-align: center;\"><strong>\u0160e\u0161tadieniais<\/strong><\/p>\n<p style=\"text-align: center;\">\u012f autobus\u0173 stot\u012f:\u00a0 7.04\u00a0 7.47\u00a0 8.54\u00a0 9.49\u00a0 11.01.<\/p>\n<p style=\"text-align: center;\"><strong>Sekmadieniais<\/strong><\/p>\n<p style=\"text-align: center;\">\u00a0\u012f Mi\u0161k\u0173 ur\u0117dij\u0105 &#8211;\u00a0 9.13\u00a0 11.44\u00a0 13.53<\/p>\n<p style=\"text-align: center;\"><strong><u>Stotel\u0117(\u201eStonai l\u201c <\/u><\/strong><strong><u>Stonu g<\/u><\/strong><strong><u>.) i\u0161vykimo laikas<\/u><\/strong><\/p>\n<p style=\"text-align: center;\">Nuo 2021-09-01 iki 2022-06-30<\/p>\n<p style=\"text-align: center;\"><strong>Darbo dienomis <\/strong><\/p>\n<p style=\"text-align: center;\">\u012e autobus\u0173 stot\u012f pro Ston\u0173 sodus:<\/p>\n<p style=\"text-align: center;\">6.40\u00a0 7.29\u00a0 8.03\u00a0 10.16\u00a0 12.55\u00a0 13.30 14.43\u00a0 16.36\u00a0 17.24<\/p>\n<p style=\"text-align: center;\"><strong>\u0160e\u0161tadieniais<\/strong><\/p>\n<p style=\"text-align: center;\">Pro Ston\u0173 sodus, pro turg\u0173 \u012f autobus\u0173 stot\u012f:\u00a0 7.22\u00a0 8.25<\/p>\n<p style=\"text-align: center;\">\u012e autobus\u0173 stot\u012f pro Ston\u0173 sodus:\u00a0 9.31<\/p>\n<p style=\"text-align: center;\"><strong>Sekmadieniais<\/strong><\/p>\n<p style=\"text-align: center;\">\u00a0\u012e autobus\u0173 stot\u012f pro Ston\u0173 sodus: 9.32\u00a0 11.30\u00a0 14.14<\/p>\n<p style=\"text-align: center;\"><strong><u>Stotel\u0117 (\u201eSton\u0173 granitas\u201c) i\u0161vykimo laikas<\/u><\/strong><\/p>\n<p style=\"text-align: center;\">Nuo 2021-09-01 iki 2022-06-30<\/p>\n<p style=\"text-align: center;\"><strong>Darbo dienomis <\/strong><\/p>\n<p style=\"text-align: center;\">\u012e autobus\u0173 stot\u012f: 6.43\u00a0 7.32\u00a0 8.06\u00a0 10.19\u00a0 12.58\u00a0 13.33\u00a0 14.46\u00a0 16.39\u00a0 17.27<\/p>\n<p style=\"text-align: center;\"><strong>\u0160e\u0161tadieniais<\/strong><\/p>\n<p style=\"text-align: center;\">Pro turg\u0173 \u012f autobus\u0173 stot\u012f:\u00a0 7.25\u00a0 8.28<\/p>\n<p style=\"text-align: center;\">\u012e autobus\u0173 stot\u012f:\u00a0 9.35<\/p>\n<p style=\"text-align: center;\"><strong>Sekmadieniais<\/strong><\/p>\n<p style=\"text-align: center;\">\u00a0\u012e autobus\u0173 stot\u012f:\u00a0 9.35\u00a0 11.33 14.17<\/p>\n<p style=\"text-align: center;\"><strong><u>Stotel\u0117(Ston\u0173 sodai) i\u0161vykimo laikas<\/u><\/strong><\/p>\n<p style=\"text-align: center;\">Nuo 2021-09-01 iki 2022-06-30<\/p>\n<p style=\"text-align: center;\"><strong>Darbo dienomis <\/strong><\/p>\n<p style=\"text-align: center;\">\u012e autobus\u0173 stot\u012f: 6.44\u00a0 7.33\u00a0 8.07\u00a0 10.20\u00a0 12.59\u00a0 13.34\u00a0 14.47\u00a0 16.41\u00a0 17.30<\/p>\n<p style=\"text-align: center;\"><strong>\u0160e\u0161tadieniais<\/strong><\/p>\n<p style=\"text-align: center;\">Pro turg\u0173 \u012f autobus\u0173 stot\u012f:\u00a0 7.26\u00a0 8.29<\/p>\n<p style=\"text-align: center;\">\u012e autobus\u0173 stot\u012f:\u00a0 9.36<\/p>\n<p style=\"text-align: center;\"><strong>Sekmadieniais<\/strong><\/p>\n<p style=\"text-align: center;\">\u00a0\u012f autobus\u0173 stot\u012f:\u00a0 9.36\u00a0 11.34\u00a0 14.18<\/p>\n<p style=\"text-align: center;\"><strong><u>Stotel\u0117(\u201eStonai III\u201c <\/u><\/strong><strong><u>Ston\u0173 g<\/u><\/strong><strong><u>.)i\u0161vykimo laikas<\/u><\/strong><\/p>\n<p style=\"text-align: center;\">Nuo 2021-09-01 iki 2022-06-30<\/p>\n<p style=\"text-align: center;\"><strong>Darbo dienomis <\/strong><\/p>\n<p style=\"text-align: center;\">\u012f autobus\u0173 stot\u012f pro Ston\u0173 sodus,<\/p>\n<p style=\"text-align: center;\">6.42 7.31 8.05\u00a0 10.18\u00a0 12.57 13.32\u00a0 14.45\u00a0 16.38\u00a0 17.26<\/p>\n<p style=\"text-align: center;\"><strong>\u0160e\u0161tadieniais<\/strong><\/p>\n<p style=\"text-align: center;\">\u00a0\u012e autobus\u0173 stot\u012f pro Ston\u0173 sodus, turg\u0173: 7.24\u00a0 8.27<\/p>\n<p style=\"text-align: center;\">\u012e autobus\u0173 stot\u012f pro Ston\u0173 sodus: 9.33<\/p>\n<p style=\"text-align: center;\"><strong>Sekmadieniais<\/strong><\/p>\n<p style=\"text-align: center;\">\u00a0\u012f autobus\u0173 stot\u012f pro Ston\u0173 sodus: 9.34\u00a0 11.32\u00a0 14.16<\/p>\n<p style=\"text-align: center;\"><strong><u>Stotel\u0117( Mi\u0161k\u0173 ur\u0117dija) i\u0161vykimo laikas<\/u><\/strong><\/p>\n<p style=\"text-align: center;\">Nuo 2021-09-01 iki 2022-06-30<\/p>\n<p style=\"text-align: center;\"><strong>Darbo dienomis <\/strong><\/p>\n<p style=\"text-align: center;\">\u00a0\u012e autobus\u0173 stot\u012f(stotel\u0117 -Prekyviet\u0117),Ston\u0173 sodus:\u00a0 6.27\u00a0 6.56\u00a0 7.48\u00a0 10.03\u00a0 12.40 13.15\u00a0 14.04\u00a0 \u00a016.22\u00a0 17.13<\/p>\n<p style=\"text-align: center;\"><strong>\u0160e\u0161tadieniais<\/strong><\/p>\n<p style=\"text-align: center;\">\u012e autobus\u0173 stot\u012f(stotel\u0117-Prekyviet\u0117),\u012f turg\u0173:\u00a0 7.00\u00a0 7.55 \u00a09.05 10.00\u00a0 11.05\u00a0<\/p>\n<p style=\"text-align: center;\"><strong>Sekmadieniais <\/strong><\/p>\n<p style=\"text-align: center;\">\u012f Ston\u0173 sodus pro autobus\u0173 stot\u012f:\u00a0 9.17\u00a0 \u00a013.58<\/p>\n<p style=\"text-align: center;\">\u012e autobus\u0173 stot\u012f:\u00a0 11.48<\/p>\n<p style=\"text-align: center;\"><strong><u>Stotel\u0117 (LIGONIN\u0116) i\u0161vykimo laikas<\/u><\/strong><\/p>\n<p style=\"text-align: center;\">Nuo 2021-09-01 iki 2022-06-30<\/p>\n<p style=\"text-align: center;\"><strong>Darbo dienomis<\/strong><\/p>\n<p style=\"text-align: center;\">\u012e Ramonus:\u00a0 \u00a07.07\u00a0 14.19<\/p>\n<p style=\"text-align: center;\">Pro Ston\u0173 sodus \u012f autobus\u0173 stot\u012f:\u00a0 7.25\u00a0 14.37<\/p>\n<p style=\"text-align: center;\"><strong>\u0160e\u0161tadieniais<\/strong><\/p>\n<p style=\"text-align: center;\">\u012e Ston\u0173 sodus:\u00a0 7.16\u00a0 8.15\u00a0 9.25<\/p>\n<p style=\"text-align: center;\"><strong><u>Stotel\u0117(\u201eRaseini\u0173 Statyba\u201c)i\u0161vykimo laikas<\/u><\/strong><\/p>\n<p style=\"text-align: center;\">Nuo 2021-09-01 iki 2022-06-30<\/p>\n<p style=\"text-align: center;\"><strong><u>\u00a0<\/u><\/strong><\/p>\n<p style=\"text-align: center;\"><strong><u>\u00a0<\/u><\/strong><\/p>\n<p style=\"text-align: center;\"><strong>Darbo dienomis<\/strong><\/p>\n<p style=\"text-align: center;\">\u012e autobus\u0173 stot\u012f pro\u00a0 Ramonus, pro Ston\u0173 sodus:\u00a0 7.06\u00a0 14.18<\/p>\n<p style=\"text-align: center;\"><strong><u>Stotel\u0117(Ramonai) i\u0161vykimo laikas<\/u><\/strong><\/p>\n<p style=\"text-align: center;\">Nuo 2021-09-01 iki 2022-06-30<\/p>\n<p style=\"text-align: center;\"><strong>Darbo dienomis <\/strong><\/p>\n<p style=\"text-align: center;\">\u012e autobus\u0173 stot\u012f per\u00a0 Ston\u0173 sodus:\u00a0 7.15\u00a0 14.27<\/p>","protected":false},"excerpt":{"rendered":"<p>MIESTO AUTOBUS\u0172 TVARKARA\u0160\u010cIAI Mar\u0161rutai galioja nuo 2021-09-01 iki 2022-06-30 Stotel\u0117 (Autobus\u0173 stotis) i\u0161vykimo laikas Galioja nuo 2021-09-01 iki 2022-06-30 Darbo dienomis \u00a0\u012f Mi\u0161k\u0173 ur\u0117dij\u0105:\u00a0 6.20\u00a0 6.50\u00a0 7.40\u00a0 9.55\u00a0 12.30\u00a0 13.06\u00a0 13.55\u00a0 16.15\u00a0 17.05 \u0160e\u0161tadieniais \u012f Mi\u0161k\u0173 ur\u0117dij\u0105:\u00a0 \u00a06.50\u00a0 7.40\u00a0 8.50\u00a0 9.45\u00a0 11.00 Sekmadieniais \u00a0\u012f Mi\u0161k\u0173 ur\u0117dij\u0105:\u00a0 9.10\u00a0 11.40\u00a0 13.50 \u012e Ston\u0173 sodus:\u00a0 11.25 Stotel\u0117 (Autobus\u0173 [&hellip;]<\/p>","protected":false},"author":1,"featured_media":0,"parent":0,"menu_order":0,"comment_status":"closed","ping_status":"closed","template":"","meta":{"_uag_custom_page_level_css":"","site-sidebar-layout":"default","site-content-layout":"default","ast-site-content-layout":"default","site-content-style":"default","site-sidebar-style":"default","ast-global-header-display":"","ast-banner-title-visibility":"","ast-main-header-display":"","ast-hfb-above-header-display":"","ast-hfb-below-header-display":"","ast-hfb-mobile-header-display":"","site-post-title":"disabled","ast-breadcrumbs-content":"","ast-featured-img":"","footer-sml-layout":"","theme-transparent-header-meta":"default","adv-header-id-meta":"","stick-header-meta":"","header-above-stick-meta":"","header-main-stick-meta":"","header-below-stick-meta":"","astra-migrate-meta-layouts":"default","ast-page-background-enabled":"default","ast-page-background-meta":{"desktop":{"background-color":"var(--ast-global-color-4)","background-image":"","background-repeat":"repeat","background-position":"center center","background-size":"auto","background-attachment":"scroll","background-type":"","background-media":"","overlay-type":"","overlay-color":"","overlay-opacity":"","overlay-gradient":""},"tablet":{"background-color":"","background-image":"","background-repeat":"repeat","background-position":"center center","background-size":"auto","background-attachment":"scroll","background-type":"","background-media":"","overlay-type":"","overlay-color":"","overlay-opacity":"","overlay-gradient":""},"mobile":{"background-color":"","background-image":"","background-repeat":"repeat","background-position":"center center","background-size":"auto","background-attachment":"scroll","background-type":"","background-media":"","overlay-type":"","overlay-color":"","overlay-opacity":"","overlay-gradient":""}},"ast-content-background-meta":{"desktop":{"background-color":"var(--ast-global-color-5)","background-image":"","background-repeat":"repeat","background-position":"center center","background-size":"auto","background-attachment":"scroll","background-type":"","background-media":"","overlay-type":"","overlay-color":"","overlay-opacity":"","overlay-gradient":""},"tablet":{"background-color":"var(--ast-global-color-5)","background-image":"","background-repeat":"repeat","background-position":"center center","background-size":"auto","background-attachment":"scroll","background-type":"","background-media":"","overlay-type":"","overlay-color":"","overlay-opacity":"","overlay-gradient":""},"mobile":{"background-color":"var(--ast-global-color-5)","background-image":"","background-repeat":"repeat","background-position":"center center","background-size":"auto","background-attachment":"scroll","background-type":"","background-media":"","overlay-type":"","overlay-color":"","overlay-opacity":"","overlay-gradient":""}},"footnotes":""},"class_list":["post-2417","page","type-page","status-publish","hentry"],"yoast_head":"<!-- This site is optimized with the Yoast SEO plugin v25.7 - https:\/\/yoast.com\/wordpress\/plugins\/seo\/ -->\n<title>Miesto autobus\u0173 tvarkara\u0161\u010diai | Raseini\u0173 autobus\u0173 parkas<\/title>\n<meta name=\"robots\" content=\"index, follow, max-snippet:-1, max-image-preview:large, max-video-preview:-1\" \/>\n<link rel=\"canonical\" href=\"https:\/\/raseiniuautobusuparkas.lt\/en\/miesto-autobusu-tvarkarasciai\/\" \/>\n<meta property=\"og:locale\" content=\"en_US\" \/>\n<meta property=\"og:type\" content=\"article\" \/>\n<meta property=\"og:title\" content=\"Miesto autobus\u0173 tvarkara\u0161\u010diai | Raseini\u0173 autobus\u0173 parkas\" \/>\n<meta property=\"og:description\" content=\"MIESTO AUTOBUS\u0172 TVARKARA\u0160\u010cIAI Mar\u0161rutai galioja nuo 2021-09-01 iki 2022-06-30 Stotel\u0117 (Autobus\u0173 stotis) i\u0161vykimo laikas Galioja nuo 2021-09-01 iki 2022-06-30 Darbo dienomis \u00a0\u012f Mi\u0161k\u0173 ur\u0117dij\u0105:\u00a0 6.20\u00a0 6.50\u00a0 7.40\u00a0 9.55\u00a0 12.30\u00a0 13.06\u00a0 13.55\u00a0 16.15\u00a0 17.05 \u0160e\u0161tadieniais \u012f Mi\u0161k\u0173 ur\u0117dij\u0105:\u00a0 \u00a06.50\u00a0 7.40\u00a0 8.50\u00a0 9.45\u00a0 11.00 Sekmadieniais \u00a0\u012f Mi\u0161k\u0173 ur\u0117dij\u0105:\u00a0 9.10\u00a0 11.40\u00a0 13.50 \u012e Ston\u0173 sodus:\u00a0 11.25 Stotel\u0117 (Autobus\u0173 [&hellip;]\" \/>\n<meta property=\"og:url\" content=\"https:\/\/raseiniuautobusuparkas.lt\/en\/miesto-autobusu-tvarkarasciai\/\" \/>\n<meta property=\"og:site_name\" content=\"Raseini\u0173 autobus\u0173 parkas\" \/>\n<meta property=\"article:modified_time\" content=\"2022-02-08T07:41:12+00:00\" \/>\n<meta name=\"twitter:card\" content=\"summary_large_image\" \/>\n<meta name=\"twitter:label1\" content=\"Est. reading time\" \/>\n\t<meta name=\"twitter:data1\" content=\"2 minutes\" \/>\n<script type=\"application\/ld+json\" class=\"yoast-schema-graph\">{\"@context\":\"https:\/\/schema.org\",\"@graph\":[{\"@type\":\"WebPage\",\"@id\":\"https:\/\/raseiniuautobusuparkas.lt\/miesto-autobusu-tvarkarasciai\/\",\"url\":\"https:\/\/raseiniuautobusuparkas.lt\/miesto-autobusu-tvarkarasciai\/\",\"name\":\"Miesto autobus\u0173 tvarkara\u0161\u010diai | Raseini\u0173 autobus\u0173 parkas\",\"isPartOf\":{\"@id\":\"https:\/\/raseiniuautobusuparkas.lt\/#website\"},\"datePublished\":\"2020-02-27T12:10:13+00:00\",\"dateModified\":\"2022-02-08T07:41:12+00:00\",\"breadcrumb\":{\"@id\":\"https:\/\/raseiniuautobusuparkas.lt\/miesto-autobusu-tvarkarasciai\/#breadcrumb\"},\"inLanguage\":\"en-US\",\"potentialAction\":[{\"@type\":\"ReadAction\",\"target\":[\"https:\/\/raseiniuautobusuparkas.lt\/miesto-autobusu-tvarkarasciai\/\"]}]},{\"@type\":\"BreadcrumbList\",\"@id\":\"https:\/\/raseiniuautobusuparkas.lt\/miesto-autobusu-tvarkarasciai\/#breadcrumb\",\"itemListElement\":[{\"@type\":\"ListItem\",\"position\":1,\"name\":\"Home\",\"item\":\"https:\/\/raseiniuautobusuparkas.lt\/\"},{\"@type\":\"ListItem\",\"position\":2,\"name\":\"Miesto autobus\u0173 tvarkara\u0161\u010diai\"}]},{\"@type\":\"WebSite\",\"@id\":\"https:\/\/raseiniuautobusuparkas.lt\/#website\",\"url\":\"https:\/\/raseiniuautobusuparkas.lt\/\",\"name\":\"Raseini\u0173 autobus\u0173 parkas\",\"description\":\"Autobus\u0173 kompanija\",\"publisher\":{\"@id\":\"https:\/\/raseiniuautobusuparkas.lt\/#organization\"},\"potentialAction\":[{\"@type\":\"SearchAction\",\"target\":{\"@type\":\"EntryPoint\",\"urlTemplate\":\"https:\/\/raseiniuautobusuparkas.lt\/?s={search_term_string}\"},\"query-input\":{\"@type\":\"PropertyValueSpecification\",\"valueRequired\":true,\"valueName\":\"search_term_string\"}}],\"inLanguage\":\"en-US\"},{\"@type\":\"Organization\",\"@id\":\"https:\/\/raseiniuautobusuparkas.lt\/#organization\",\"name\":\"Raseini\u0173 autobus\u0173 parkas\",\"url\":\"https:\/\/raseiniuautobusuparkas.lt\/\",\"logo\":{\"@type\":\"ImageObject\",\"inLanguage\":\"en-US\",\"@id\":\"https:\/\/raseiniuautobusuparkas.lt\/#\/schema\/logo\/image\/\",\"url\":\"https:\/\/raseiniuautobusuparkas.lt\/wp-content\/uploads\/2020\/04\/output-onlinepngtools.png\",\"contentUrl\":\"https:\/\/raseiniuautobusuparkas.lt\/wp-content\/uploads\/2020\/04\/output-onlinepngtools.png\",\"width\":511,\"height\":98,\"caption\":\"Raseini\u0173 autobus\u0173 parkas\"},\"image\":{\"@id\":\"https:\/\/raseiniuautobusuparkas.lt\/#\/schema\/logo\/image\/\"}}]}<\/script>\n<!-- \/ Yoast SEO plugin. -->","yoast_head_json":{"title":"Miesto autobus\u0173 tvarkara\u0161\u010diai | Raseini\u0173 autobus\u0173 parkas","robots":{"index":"index","follow":"follow","max-snippet":"max-snippet:-1","max-image-preview":"max-image-preview:large","max-video-preview":"max-video-preview:-1"},"canonical":"https:\/\/raseiniuautobusuparkas.lt\/en\/miesto-autobusu-tvarkarasciai\/","og_locale":"en_US","og_type":"article","og_title":"Miesto autobus\u0173 tvarkara\u0161\u010diai | Raseini\u0173 autobus\u0173 parkas","og_description":"MIESTO AUTOBUS\u0172 TVARKARA\u0160\u010cIAI Mar\u0161rutai galioja nuo 2021-09-01 iki 2022-06-30 Stotel\u0117 (Autobus\u0173 stotis) i\u0161vykimo laikas Galioja nuo 2021-09-01 iki 2022-06-30 Darbo dienomis \u00a0\u012f Mi\u0161k\u0173 ur\u0117dij\u0105:\u00a0 6.20\u00a0 6.50\u00a0 7.40\u00a0 9.55\u00a0 12.30\u00a0 13.06\u00a0 13.55\u00a0 16.15\u00a0 17.05 \u0160e\u0161tadieniais \u012f Mi\u0161k\u0173 ur\u0117dij\u0105:\u00a0 \u00a06.50\u00a0 7.40\u00a0 8.50\u00a0 9.45\u00a0 11.00 Sekmadieniais \u00a0\u012f Mi\u0161k\u0173 ur\u0117dij\u0105:\u00a0 9.10\u00a0 11.40\u00a0 13.50 \u012e Ston\u0173 sodus:\u00a0 11.25 Stotel\u0117 (Autobus\u0173 [&hellip;]","og_url":"https:\/\/raseiniuautobusuparkas.lt\/en\/miesto-autobusu-tvarkarasciai\/","og_site_name":"Raseini\u0173 autobus\u0173 parkas","article_modified_time":"2022-02-08T07:41:12+00:00","twitter_card":"summary_large_image","twitter_misc":{"Est. reading time":"2 minutes"},"schema":{"@context":"https:\/\/schema.org","@graph":[{"@type":"WebPage","@id":"https:\/\/raseiniuautobusuparkas.lt\/miesto-autobusu-tvarkarasciai\/","url":"https:\/\/raseiniuautobusuparkas.lt\/miesto-autobusu-tvarkarasciai\/","name":"Miesto autobus\u0173 tvarkara\u0161\u010diai | Raseini\u0173 autobus\u0173 parkas","isPartOf":{"@id":"https:\/\/raseiniuautobusuparkas.lt\/#website"},"datePublished":"2020-02-27T12:10:13+00:00","dateModified":"2022-02-08T07:41:12+00:00","breadcrumb":{"@id":"https:\/\/raseiniuautobusuparkas.lt\/miesto-autobusu-tvarkarasciai\/#breadcrumb"},"inLanguage":"en-US","potentialAction":[{"@type":"ReadAction","target":["https:\/\/raseiniuautobusuparkas.lt\/miesto-autobusu-tvarkarasciai\/"]}]},{"@type":"BreadcrumbList","@id":"https:\/\/raseiniuautobusuparkas.lt\/miesto-autobusu-tvarkarasciai\/#breadcrumb","itemListElement":[{"@type":"ListItem","position":1,"name":"Home","item":"https:\/\/raseiniuautobusuparkas.lt\/"},{"@type":"ListItem","position":2,"name":"Miesto autobus\u0173 tvarkara\u0161\u010diai"}]},{"@type":"WebSite","@id":"https:\/\/raseiniuautobusuparkas.lt\/#website","url":"https:\/\/raseiniuautobusuparkas.lt\/","name":"Raseini\u0173 autobus\u0173 parkas","description":"Autobus\u0173 kompanija","publisher":{"@id":"https:\/\/raseiniuautobusuparkas.lt\/#organization"},"potentialAction":[{"@type":"SearchAction","target":{"@type":"EntryPoint","urlTemplate":"https:\/\/raseiniuautobusuparkas.lt\/?s={search_term_string}"},"query-input":{"@type":"PropertyValueSpecification","valueRequired":true,"valueName":"search_term_string"}}],"inLanguage":"en-US"},{"@type":"Organization","@id":"https:\/\/raseiniuautobusuparkas.lt\/#organization","name":"Raseini\u0173 autobus\u0173 parkas","url":"https:\/\/raseiniuautobusuparkas.lt\/","logo":{"@type":"ImageObject","inLanguage":"en-US","@id":"https:\/\/raseiniuautobusuparkas.lt\/#\/schema\/logo\/image\/","url":"https:\/\/raseiniuautobusuparkas.lt\/wp-content\/uploads\/2020\/04\/output-onlinepngtools.png","contentUrl":"https:\/\/raseiniuautobusuparkas.lt\/wp-content\/uploads\/2020\/04\/output-onlinepngtools.png","width":511,"height":98,"caption":"Raseini\u0173 autobus\u0173 parkas"},"image":{"@id":"https:\/\/raseiniuautobusuparkas.lt\/#\/schema\/logo\/image\/"}}]}},"uagb_featured_image_src":{"full":false,"thumbnail":false,"medium":false,"medium_large":false,"large":false,"1536x1536":false,"2048x2048":false,"trp-custom-language-flag":false,"htmega_size_585x295":false,"htmega_size_1170x536":false,"htmega_size_396x360":false},"uagb_author_info":{"display_name":"just.pipiras","author_link":"https:\/\/raseiniuautobusuparkas.lt\/en\/author\/just-pipiras\/"},"uagb_comment_info":0,"uagb_excerpt":"MIESTO AUTOBUS\u0172 TVARKARA\u0160\u010cIAI Mar\u0161rutai galioja nuo 2021-09-01 iki 2022-06-30 Stotel\u0117 (Autobus\u0173 stotis) i\u0161vykimo laikas Galioja nuo 2021-09-01 iki 2022-06-30 Darbo dienomis \u00a0\u012f Mi\u0161k\u0173 ur\u0117dij\u0105:\u00a0 6.20\u00a0 6.50\u00a0 7.40\u00a0 9.55\u00a0 12.30\u00a0 13.06\u00a0 13.55\u00a0 16.15\u00a0 17.05 \u0160e\u0161tadieniais \u012f Mi\u0161k\u0173 ur\u0117dij\u0105:\u00a0 \u00a06.50\u00a0 7.40\u00a0 8.50\u00a0 9.45\u00a0 11.00 Sekmadieniais \u00a0\u012f Mi\u0161k\u0173 ur\u0117dij\u0105:\u00a0 9.10\u00a0 11.40\u00a0 13.50 \u012e Ston\u0173 sodus:\u00a0 11.25 Stotel\u0117 (Autobus\u0173&hellip;","_links":{"self":[{"href":"https:\/\/raseiniuautobusuparkas.lt\/en\/wp-json\/wp\/v2\/pages\/2417","targetHints":{"allow":["GET"]}}],"collection":[{"href":"https:\/\/raseiniuautobusuparkas.lt\/en\/wp-json\/wp\/v2\/pages"}],"about":[{"href":"https:\/\/raseiniuautobusuparkas.lt\/en\/wp-json\/wp\/v2\/types\/page"}],"author":[{"embeddable":true,"href":"https:\/\/raseiniuautobusuparkas.lt\/en\/wp-json\/wp\/v2\/users\/1"}],"replies":[{"embeddable":true,"href":"https:\/\/raseiniuautobusuparkas.lt\/en\/wp-json\/wp\/v2\/comments?post=2417"}],"version-history":[{"count":0,"href":"https:\/\/raseiniuautobusuparkas.lt\/en\/wp-json\/wp\/v2\/pages\/2417\/revisions"}],"wp:attachment":[{"href":"https:\/\/raseiniuautobusuparkas.lt\/en\/wp-json\/wp\/v2\/media?parent=2417"}],"curies":[{"name":"wp","href":"https:\/\/api.w.org\/{rel}","templated":true}]}}