{"id":2388,"date":"2020-02-27T09:40:15","date_gmt":"2020-02-27T09:40:15","guid":{"rendered":"http:\/\/raseiniuautobusuparkas.lt\/?page_id=2388"},"modified":"2025-08-21T10:57:30","modified_gmt":"2025-08-21T10:57:30","slug":"priemiestiniai-autobusu-tvarkarasciai","status":"publish","type":"page","link":"https:\/\/raseiniuautobusuparkas.lt\/en\/priemiestiniai-autobusu-tvarkarasciai\/","title":{"rendered":"Priemiestiniai tvarkara\u0161\u010diai"},"content":{"rendered":"<div data-elementor-type=\"wp-page\" data-elementor-id=\"2388\" class=\"elementor elementor-2388\">\n\t\t\t\t\t\t<section class=\"elementor-section elementor-top-section elementor-element elementor-element-29661a11 elementor-section-boxed elementor-section-height-default elementor-section-height-default\" data-id=\"29661a11\" data-element_type=\"section\">\n\t\t\t\t\t\t<div class=\"elementor-container elementor-column-gap-default\">\n\t\t\t\t\t<div class=\"elementor-column elementor-col-100 elementor-top-column elementor-element elementor-element-3686a05a\" data-id=\"3686a05a\" data-element_type=\"column\">\n\t\t\t<div class=\"elementor-widget-wrap elementor-element-populated\">\n\t\t\t\t\t\t<div class=\"elementor-element elementor-element-3f7dbc9b elementor-widget elementor-widget-text-editor\" data-id=\"3f7dbc9b\" data-element_type=\"widget\" data-widget_type=\"text-editor.default\">\n\t\t\t\t<div class=\"elementor-widget-container\">\n\t\t\t\t\t\t\t\t\t<table id=\"tablepress-5\" class=\"tablepress tablepress-id-5\">\n<thead>\n<tr class=\"row-1\">\n<th class=\"column-1\">Kryptis<\/th>\n<th class=\"column-2\">Laikas<\/th>\n<th class=\"column-3\">Pastabos<br \/>\nnuo 2025-09-01 iki 2026-06-30<\/th>\n<\/tr>\n<\/thead>\n<tbody class=\"row-striping row-hover\">\n<tr class=\"row-2\">\n<td class=\"column-1\">Ariogala (tiesioginis)<\/td>\n<td class=\"column-2\">6.00 val. D.d;<br \/>\n17.15 val. D.d;<\/td>\n<td class=\"column-3\">D.d; &#8211; darbo dienomis<\/td>\n<\/tr>\n<tr class=\"row-3\">\n<td class=\"column-1\">Ariogala per Betygal\u0105<\/td>\n<td class=\"column-2\">5.55 val. D.d;<br \/>\n10.45 val. D.d;<\/td>\n<td class=\"column-3\">D.d; &#8211; darbo dienomis<\/td>\n<\/tr>\n<tr class=\"row-4\">\n<td class=\"column-1\">Ariogala per Kups\u010dius<\/td>\n<td class=\"column-2\">6.10 val. D. d.;<br \/>\n13.20 val. D. d.;<\/td>\n<td class=\"column-3\">D.d.: &#8211; darbo dienomis<\/td>\n<\/tr>\n<tr class=\"row-5\">\n<td class=\"column-1\">Betygala per Pik\u010di\u016bnus<\/td>\n<td class=\"column-2\">17.15 val. D.d;<\/td>\n<td class=\"column-3\">D.d; &#8211; darbo dienomis<\/td>\n<\/tr>\n<tr class=\"row-6\">\n<td class=\"column-1\">Betygala per Saugailius<\/td>\n<td class=\"column-2\">7.20 val. D. d.;<\/td>\n<td class=\"column-3\">D.d.: &#8211; darbo dienomis<\/td>\n<\/tr>\n<tr class=\"row-7\">\n<td class=\"column-1\">Budrai\u010dius per \u0160iluv\u0105, Tytuv\u0117nus<\/td>\n<td class=\"column-2\">9.00 val. D.d;<\/td>\n<td class=\"column-3\">D.d; &#8211; darbo dienomis<\/td>\n<\/tr>\n<tr class=\"row-8\">\n<td class=\"column-1\">Gyliai per Al\u0117jus, \u0160ienlauk\u012f<\/td>\n<td class=\"column-2\">15.55 val. D.d.;<\/td>\n<td class=\"column-3\">D.d; &#8211; darbo dienomis<\/td>\n<\/tr>\n<tr class=\"row-9\">\n<td class=\"column-1\">Ilgi\u017eiai per Saugailius<\/td>\n<td class=\"column-2\">14.25 val. D. d.: <\/td>\n<td class=\"column-3\">D.d.: &#8211; darbo dienomis<\/td>\n<\/tr>\n<tr class=\"row-10\">\n<td class=\"column-1\">Litvinai per Akstinus<\/td>\n<td class=\"column-2\">7.45 val. Tr.;<br \/>\n13.35 val. Tr.;<\/td>\n<td class=\"column-3\">Tr. &#8211; tre\u010diadieniais<\/td>\n<\/tr>\n<tr class=\"row-11\">\n<td class=\"column-1\">Lyduv\u0117nus, \u0160iluv\u0105<\/td>\n<td class=\"column-2\">7.20 val. P., Pn.;\n<\/td>\n<td class=\"column-3\">P.: &#8211; pirmadieniais<br \/>\nPn; &#8211;  penktadieniais\n<\/td>\n<\/tr>\n<tr class=\"row-12\">\n<td class=\"column-1\">Lyduv\u0117nai per \u0160iluv\u0105<\/td>\n<td class=\"column-2\">14.05 val. D. d.;<\/td>\n<td class=\"column-3\">D.d.: &#8211; darbo dienomis<\/td>\n<\/tr>\n<tr class=\"row-13\">\n<td class=\"column-1\">Mila\u0161ai\u010diai<\/td>\n<td class=\"column-2\">6.25 val. D. d.: <br \/>\n13.50 val. D. d.:<br \/>\n15.45 val. D. d.:<\/td>\n<td class=\"column-3\">D. d.: &#8211; darbo dienomis<\/td>\n<\/tr>\n<tr class=\"row-14\">\n<td class=\"column-1\">Nemak\u0161\u010diai per Vidukl\u0119<\/td>\n<td class=\"column-2\">6.25 val. D. d;<br \/>\n12.25 val. D. d.:<br \/>\n15.10 val. D. d.:<\/td>\n<td class=\"column-3\">D.d; &#8211; darbo dienomis<\/td>\n<\/tr>\n<tr class=\"row-15\">\n<td class=\"column-1\">Bli\u016bd\u017eius per Pa\u0161altuon\u012f <\/td>\n<td class=\"column-2\">17.25 val. D.d;<\/td>\n<td class=\"column-3\">D.d; &#8211; darbo dienomis<\/td>\n<\/tr>\n<tr class=\"row-16\">\n<td class=\"column-1\">Kalnuj\u0173 gyvenviet\u0119 per Gab\u0161ius<\/td>\n<td class=\"column-2\">9.20 val.  D. d.;<\/td>\n<td class=\"column-3\">D.d.: &#8211; darbo dienomis<\/td>\n<\/tr>\n<tr class=\"row-17\">\n<td class=\"column-1\">Plikiai per Ariogal\u0105<\/td>\n<td class=\"column-2\">5.25 val. D. d.:<br \/>\n13.25 val. D. d.:<\/td>\n<td class=\"column-3\">D. d.: &#8211; darbo dienomis<\/td>\n<\/tr>\n<tr class=\"row-18\">\n<td class=\"column-1\">Girkalnis<\/td>\n<td class=\"column-2\">7.30 val. D.d.;<\/td>\n<td class=\"column-3\">D.d.; &#8211; darbo dienomis<\/td>\n<\/tr>\n<tr class=\"row-19\">\n<td class=\"column-1\">Pram\u0117d\u017eiava per Girkaln\u012f<\/td>\n<td class=\"column-2\">17.15 val. D.d;<\/td>\n<td class=\"column-3\">D.d; &#8211; darbo dienomis<\/td>\n<\/tr>\n<tr class=\"row-20\">\n<td class=\"column-1\">Ra\u017eait\u0117liai per Girkaln\u012f<\/td>\n<td class=\"column-2\">6.05 val. D.d;<br \/>\n11.00 val. D.d;<br \/>\n15.00 val. D.d.:<\/td>\n<td class=\"column-3\">D.d; &#8211; darbo dienomis<\/td>\n<\/tr>\n<tr class=\"row-21\">\n<td class=\"column-1\">Rimki\u0161kiai<\/td>\n<td class=\"column-2\">6.30 val. An; Tr; K; Pn; <\/td>\n<td class=\"column-3\">An &#8211; antradieniais<br \/>\nTr &#8211; tre\u010diadieniais<br \/>\nK &#8211; ketvirtadieniais<br \/>\nPn &#8211; penktadieniais<\/td>\n<\/tr>\n<tr class=\"row-22\">\n<td class=\"column-1\">\u0160auklius per Bli\u016bd\u017eius, Volungi\u0161k\u0119<\/td>\n<td class=\"column-2\">6.10 val. D. d.;<br \/>\n14.00 val. D. d.:<\/td>\n<td class=\"column-3\">D.d.: &#8211; darbo dienomis<\/td>\n<\/tr>\n<tr class=\"row-23\">\n<td class=\"column-1\">\u0160iluva<\/td>\n<td class=\"column-2\">17.15 val. D.d;\n<\/td>\n<td class=\"column-3\">D.d; &#8211; darbo dienomis<\/td>\n<\/tr>\n<tr class=\"row-24\">\n<td class=\"column-1\">\u0160iluva per \u017daigin\u012f<\/td>\n<td class=\"column-2\">6.25 val. D. d.:<br \/>\n15.15 val. D. d.:<br \/>\n6.25 val. 2 ir 4 \u0161e\u0161tadien\u012f;<br \/>\n12.00 val. 2 ir 4 \u0161e\u0161tadien\u012f \n<\/td>\n<td class=\"column-3\">D.d.: &#8211; darbo dienomis<br \/>\n2 ir 4 \u0161e\u0161tadien\u012f<\/td>\n<\/tr>\n<tr class=\"row-25\">\n<td class=\"column-1\">\u0160iluva <\/td>\n<td class=\"column-2\">7.20 val. An..; Tr.; K.<\/p>\n<\/td>\n<td class=\"column-3\">A &#8211; antradieniais<br \/>\nTr &#8211; tre\u010diadieniais<br \/>\nK &#8211; ketvirtadieniais<\/td>\n<\/tr>\n<tr class=\"row-26\">\n<td class=\"column-1\">Tytuv\u0117nus per \u0160iluva<\/td>\n<td class=\"column-2\">13.10 val. D.d;<\/td>\n<td class=\"column-3\">D.d; &#8211; darbo dienomis<\/td>\n<\/tr>\n<tr class=\"row-27\">\n<td class=\"column-1\">Vidukl\u0117 per Paup\u012f<\/td>\n<td class=\"column-2\">5.50 val. D. d.:<br \/>\n15.15 val. D. d.:<\/td>\n<td class=\"column-3\">D. d.: &#8211; darbo dienomis <\/td>\n<\/tr>\n<tr class=\"row-28\">\n<td class=\"column-1\">Vidukl\u0117 per Pry\u0161man\u010dius<\/td>\n<td class=\"column-2\">6.15 val. P.; <br \/>\n14.00 val. D., d.:<\/p>\n<\/td>\n<td class=\"column-3\">P.: &#8211; pirmadieniais<br \/>\nD. d.: &#8211; darbo dienomis<\/td>\n<\/tr>\n<tr class=\"row-29\">\n<td class=\"column-1\">Virgainius per Vidukl\u0119<\/td>\n<td class=\"column-2\">10.40 val. D.d;\n<\/td>\n<td class=\"column-3\">D.d; &#8211; darbo dienomis<\/td>\n<\/tr>\n<tr class=\"row-30\">\n<td class=\"column-1\">Kry\u017ekalnis per Vidukl\u0119, Virgainius, Nemak\u0161\u010dius<\/td>\n<td class=\"column-2\">17.25 val. D. d.;<\/td>\n<td class=\"column-3\">D.d.; &#8211; darbo dienomis<\/td>\n<\/tr>\n<tr class=\"row-31\">\n<td class=\"column-1\">Vosili\u0161k\u012f per Kaulakius<\/td>\n<td class=\"column-2\">5.50 val. D. d. moksleivi\u0173 mokymosi dienomis<br \/>\n15.20 val. D. d. moksleivi\u0173 mokymosi dienomis<\/td>\n<td class=\"column-3\">D. d.: &#8211; darbo dienomis moksleivi\u0173 mokymosi dienomis<\/td>\n<\/tr>\n<tr class=\"row-32\">\n<td class=\"column-1\">Volungi\u0161kes per Kalnujus<\/td>\n<td class=\"column-2\">15.25 val. D. d.:<\/td>\n<td class=\"column-3\">D.d.: &#8211; darbo dienomis<\/td>\n<\/tr>\n<tr class=\"row-33\">\n<td class=\"column-1\">Vosili\u0161k\u012f per Kaulakius<\/td>\n<td class=\"column-2\">5.50 val. D. d.; moksleivi\u0173 mokymosi laikotarpiu<br \/>\n15.20 val. D. d.; moksleivi\u0173 mokymosi laikotarpiu<\/td>\n<td class=\"column-3\">D. d.: &#8211; darbo diienomis<br \/>\nmoksleivi\u0173 mokymosi laikotarpiu \n<\/td>\n<\/tr>\n<\/tbody>\n<\/table>\n<p><!-- #tablepress-5 from cache --><\/p>\n\n<div class=\"wp-block-group\">\n<div class=\"wp-block-group__inner-container is-layout-flow wp-block-group-is-layout-flow\">\n<p>\u00a0<\/p>\n<\/div>\n<\/div>\n\t\t\t\t\t\t\t\t<\/div>\n\t\t\t\t<\/div>\n\t\t\t\t\t<\/div>\n\t\t<\/div>\n\t\t\t\t\t<\/div>\n\t\t<\/section>\n\t\t\t\t<\/div>","protected":false},"excerpt":{"rendered":"<p>\u00a0<\/p>","protected":false},"author":1,"featured_media":0,"parent":0,"menu_order":0,"comment_status":"closed","ping_status":"closed","template":"","meta":{"_uag_custom_page_level_css":"","site-sidebar-layout":"default","site-content-layout":"plain-container","ast-site-content-layout":"default","site-content-style":"default","site-sidebar-style":"default","ast-global-header-display":"","ast-banner-title-visibility":"","ast-main-header-display":"","ast-hfb-above-header-display":"","ast-hfb-below-header-display":"","ast-hfb-mobile-header-display":"","site-post-title":"disabled","ast-breadcrumbs-content":"","ast-featured-img":"","footer-sml-layout":"","theme-transparent-header-meta":"default","adv-header-id-meta":"","stick-header-meta":"","header-above-stick-meta":"","header-main-stick-meta":"","header-below-stick-meta":"","astra-migrate-meta-layouts":"default","ast-page-background-enabled":"default","ast-page-background-meta":{"desktop":{"background-color":"var(--ast-global-color-4)","background-image":"","background-repeat":"repeat","background-position":"center center","background-size":"auto","background-attachment":"scroll","background-type":"","background-media":"","overlay-type":"","overlay-color":"","overlay-opacity":"","overlay-gradient":""},"tablet":{"background-color":"","background-image":"","background-repeat":"repeat","background-position":"center center","background-size":"auto","background-attachment":"scroll","background-type":"","background-media":"","overlay-type":"","overlay-color":"","overlay-opacity":"","overlay-gradient":""},"mobile":{"background-color":"","background-image":"","background-repeat":"repeat","background-position":"center center","background-size":"auto","background-attachment":"scroll","background-type":"","background-media":"","overlay-type":"","overlay-color":"","overlay-opacity":"","overlay-gradient":""}},"ast-content-background-meta":{"desktop":{"background-color":"var(--ast-global-color-5)","background-image":"","background-repeat":"repeat","background-position":"center center","background-size":"auto","background-attachment":"scroll","background-type":"","background-media":"","overlay-type":"","overlay-color":"","overlay-opacity":"","overlay-gradient":""},"tablet":{"background-color":"var(--ast-global-color-5)","background-image":"","background-repeat":"repeat","background-position":"center center","background-size":"auto","background-attachment":"scroll","background-type":"","background-media":"","overlay-type":"","overlay-color":"","overlay-opacity":"","overlay-gradient":""},"mobile":{"background-color":"var(--ast-global-color-5)","background-image":"","background-repeat":"repeat","background-position":"center center","background-size":"auto","background-attachment":"scroll","background-type":"","background-media":"","overlay-type":"","overlay-color":"","overlay-opacity":"","overlay-gradient":""}},"footnotes":""},"class_list":["post-2388","page","type-page","status-publish","hentry"],"yoast_head":"<!-- This site is optimized with the Yoast SEO plugin v25.7 - https:\/\/yoast.com\/wordpress\/plugins\/seo\/ -->\n<title>Priemiestiniai tvarkara\u0161\u010diai | Raseini\u0173 autobus\u0173 parkas<\/title>\n<meta name=\"robots\" content=\"index, follow, max-snippet:-1, max-image-preview:large, max-video-preview:-1\" \/>\n<link rel=\"canonical\" href=\"https:\/\/raseiniuautobusuparkas.lt\/en\/priemiestiniai-autobusu-tvarkarasciai\/\" \/>\n<meta property=\"og:locale\" content=\"en_US\" \/>\n<meta property=\"og:type\" content=\"article\" \/>\n<meta property=\"og:title\" content=\"Priemiestiniai tvarkara\u0161\u010diai | Raseini\u0173 autobus\u0173 parkas\" \/>\n<meta property=\"og:description\" content=\"\u00a0\" \/>\n<meta property=\"og:url\" content=\"https:\/\/raseiniuautobusuparkas.lt\/en\/priemiestiniai-autobusu-tvarkarasciai\/\" \/>\n<meta property=\"og:site_name\" content=\"Raseini\u0173 autobus\u0173 parkas\" \/>\n<meta property=\"article:modified_time\" content=\"2025-08-21T10:57:30+00:00\" \/>\n<meta name=\"twitter:card\" content=\"summary_large_image\" \/>\n<meta name=\"twitter:label1\" content=\"Est. reading time\" \/>\n\t<meta name=\"twitter:data1\" content=\"3 minutes\" \/>\n<script type=\"application\/ld+json\" class=\"yoast-schema-graph\">{\"@context\":\"https:\/\/schema.org\",\"@graph\":[{\"@type\":\"WebPage\",\"@id\":\"https:\/\/raseiniuautobusuparkas.lt\/priemiestiniai-autobusu-tvarkarasciai\/\",\"url\":\"https:\/\/raseiniuautobusuparkas.lt\/priemiestiniai-autobusu-tvarkarasciai\/\",\"name\":\"Priemiestiniai tvarkara\u0161\u010diai | Raseini\u0173 autobus\u0173 parkas\",\"isPartOf\":{\"@id\":\"https:\/\/raseiniuautobusuparkas.lt\/#website\"},\"datePublished\":\"2020-02-27T09:40:15+00:00\",\"dateModified\":\"2025-08-21T10:57:30+00:00\",\"breadcrumb\":{\"@id\":\"https:\/\/raseiniuautobusuparkas.lt\/priemiestiniai-autobusu-tvarkarasciai\/#breadcrumb\"},\"inLanguage\":\"en-US\",\"potentialAction\":[{\"@type\":\"ReadAction\",\"target\":[\"https:\/\/raseiniuautobusuparkas.lt\/priemiestiniai-autobusu-tvarkarasciai\/\"]}]},{\"@type\":\"BreadcrumbList\",\"@id\":\"https:\/\/raseiniuautobusuparkas.lt\/priemiestiniai-autobusu-tvarkarasciai\/#breadcrumb\",\"itemListElement\":[{\"@type\":\"ListItem\",\"position\":1,\"name\":\"Home\",\"item\":\"https:\/\/raseiniuautobusuparkas.lt\/\"},{\"@type\":\"ListItem\",\"position\":2,\"name\":\"Priemiestiniai tvarkara\u0161\u010diai\"}]},{\"@type\":\"WebSite\",\"@id\":\"https:\/\/raseiniuautobusuparkas.lt\/#website\",\"url\":\"https:\/\/raseiniuautobusuparkas.lt\/\",\"name\":\"Raseini\u0173 autobus\u0173 parkas\",\"description\":\"Autobus\u0173 kompanija\",\"publisher\":{\"@id\":\"https:\/\/raseiniuautobusuparkas.lt\/#organization\"},\"potentialAction\":[{\"@type\":\"SearchAction\",\"target\":{\"@type\":\"EntryPoint\",\"urlTemplate\":\"https:\/\/raseiniuautobusuparkas.lt\/?s={search_term_string}\"},\"query-input\":{\"@type\":\"PropertyValueSpecification\",\"valueRequired\":true,\"valueName\":\"search_term_string\"}}],\"inLanguage\":\"en-US\"},{\"@type\":\"Organization\",\"@id\":\"https:\/\/raseiniuautobusuparkas.lt\/#organization\",\"name\":\"Raseini\u0173 autobus\u0173 parkas\",\"url\":\"https:\/\/raseiniuautobusuparkas.lt\/\",\"logo\":{\"@type\":\"ImageObject\",\"inLanguage\":\"en-US\",\"@id\":\"https:\/\/raseiniuautobusuparkas.lt\/#\/schema\/logo\/image\/\",\"url\":\"https:\/\/raseiniuautobusuparkas.lt\/wp-content\/uploads\/2020\/04\/output-onlinepngtools.png\",\"contentUrl\":\"https:\/\/raseiniuautobusuparkas.lt\/wp-content\/uploads\/2020\/04\/output-onlinepngtools.png\",\"width\":511,\"height\":98,\"caption\":\"Raseini\u0173 autobus\u0173 parkas\"},\"image\":{\"@id\":\"https:\/\/raseiniuautobusuparkas.lt\/#\/schema\/logo\/image\/\"}}]}<\/script>\n<!-- \/ Yoast SEO plugin. -->","yoast_head_json":{"title":"Priemiestiniai tvarkara\u0161\u010diai | Raseini\u0173 autobus\u0173 parkas","robots":{"index":"index","follow":"follow","max-snippet":"max-snippet:-1","max-image-preview":"max-image-preview:large","max-video-preview":"max-video-preview:-1"},"canonical":"https:\/\/raseiniuautobusuparkas.lt\/en\/priemiestiniai-autobusu-tvarkarasciai\/","og_locale":"en_US","og_type":"article","og_title":"Priemiestiniai tvarkara\u0161\u010diai | Raseini\u0173 autobus\u0173 parkas","og_description":"\u00a0","og_url":"https:\/\/raseiniuautobusuparkas.lt\/en\/priemiestiniai-autobusu-tvarkarasciai\/","og_site_name":"Raseini\u0173 autobus\u0173 parkas","article_modified_time":"2025-08-21T10:57:30+00:00","twitter_card":"summary_large_image","twitter_misc":{"Est. reading time":"3 minutes"},"schema":{"@context":"https:\/\/schema.org","@graph":[{"@type":"WebPage","@id":"https:\/\/raseiniuautobusuparkas.lt\/priemiestiniai-autobusu-tvarkarasciai\/","url":"https:\/\/raseiniuautobusuparkas.lt\/priemiestiniai-autobusu-tvarkarasciai\/","name":"Priemiestiniai tvarkara\u0161\u010diai | Raseini\u0173 autobus\u0173 parkas","isPartOf":{"@id":"https:\/\/raseiniuautobusuparkas.lt\/#website"},"datePublished":"2020-02-27T09:40:15+00:00","dateModified":"2025-08-21T10:57:30+00:00","breadcrumb":{"@id":"https:\/\/raseiniuautobusuparkas.lt\/priemiestiniai-autobusu-tvarkarasciai\/#breadcrumb"},"inLanguage":"en-US","potentialAction":[{"@type":"ReadAction","target":["https:\/\/raseiniuautobusuparkas.lt\/priemiestiniai-autobusu-tvarkarasciai\/"]}]},{"@type":"BreadcrumbList","@id":"https:\/\/raseiniuautobusuparkas.lt\/priemiestiniai-autobusu-tvarkarasciai\/#breadcrumb","itemListElement":[{"@type":"ListItem","position":1,"name":"Home","item":"https:\/\/raseiniuautobusuparkas.lt\/"},{"@type":"ListItem","position":2,"name":"Priemiestiniai tvarkara\u0161\u010diai"}]},{"@type":"WebSite","@id":"https:\/\/raseiniuautobusuparkas.lt\/#website","url":"https:\/\/raseiniuautobusuparkas.lt\/","name":"Raseini\u0173 autobus\u0173 parkas","description":"Autobus\u0173 kompanija","publisher":{"@id":"https:\/\/raseiniuautobusuparkas.lt\/#organization"},"potentialAction":[{"@type":"SearchAction","target":{"@type":"EntryPoint","urlTemplate":"https:\/\/raseiniuautobusuparkas.lt\/?s={search_term_string}"},"query-input":{"@type":"PropertyValueSpecification","valueRequired":true,"valueName":"search_term_string"}}],"inLanguage":"en-US"},{"@type":"Organization","@id":"https:\/\/raseiniuautobusuparkas.lt\/#organization","name":"Raseini\u0173 autobus\u0173 parkas","url":"https:\/\/raseiniuautobusuparkas.lt\/","logo":{"@type":"ImageObject","inLanguage":"en-US","@id":"https:\/\/raseiniuautobusuparkas.lt\/#\/schema\/logo\/image\/","url":"https:\/\/raseiniuautobusuparkas.lt\/wp-content\/uploads\/2020\/04\/output-onlinepngtools.png","contentUrl":"https:\/\/raseiniuautobusuparkas.lt\/wp-content\/uploads\/2020\/04\/output-onlinepngtools.png","width":511,"height":98,"caption":"Raseini\u0173 autobus\u0173 parkas"},"image":{"@id":"https:\/\/raseiniuautobusuparkas.lt\/#\/schema\/logo\/image\/"}}]}},"uagb_featured_image_src":{"full":false,"thumbnail":false,"medium":false,"medium_large":false,"large":false,"1536x1536":false,"2048x2048":false,"trp-custom-language-flag":false,"htmega_size_585x295":false,"htmega_size_1170x536":false,"htmega_size_396x360":false},"uagb_author_info":{"display_name":"just.pipiras","author_link":"https:\/\/raseiniuautobusuparkas.lt\/en\/author\/just-pipiras\/"},"uagb_comment_info":0,"uagb_excerpt":"\u00a0","_links":{"self":[{"href":"https:\/\/raseiniuautobusuparkas.lt\/en\/wp-json\/wp\/v2\/pages\/2388","targetHints":{"allow":["GET"]}}],"collection":[{"href":"https:\/\/raseiniuautobusuparkas.lt\/en\/wp-json\/wp\/v2\/pages"}],"about":[{"href":"https:\/\/raseiniuautobusuparkas.lt\/en\/wp-json\/wp\/v2\/types\/page"}],"author":[{"embeddable":true,"href":"https:\/\/raseiniuautobusuparkas.lt\/en\/wp-json\/wp\/v2\/users\/1"}],"replies":[{"embeddable":true,"href":"https:\/\/raseiniuautobusuparkas.lt\/en\/wp-json\/wp\/v2\/comments?post=2388"}],"version-history":[{"count":0,"href":"https:\/\/raseiniuautobusuparkas.lt\/en\/wp-json\/wp\/v2\/pages\/2388\/revisions"}],"wp:attachment":[{"href":"https:\/\/raseiniuautobusuparkas.lt\/en\/wp-json\/wp\/v2\/media?parent=2388"}],"curies":[{"name":"wp","href":"https:\/\/api.w.org\/{rel}","templated":true}]}}