{"id":2280,"date":"2020-02-07T12:24:12","date_gmt":"2020-02-07T12:24:12","guid":{"rendered":"http:\/\/raseiniuautobusuparkas.lt\/?page_id=2280"},"modified":"2024-10-18T08:44:47","modified_gmt":"2024-10-18T08:44:47","slug":"siuntos","status":"publish","type":"page","link":"https:\/\/raseiniuautobusuparkas.lt\/en\/siuntos\/","title":{"rendered":"Shipments"},"content":{"rendered":"<div class=\"wp-block-uagb-advanced-heading uagb-block-4607c4ef\"><h2 class=\"uagb-heading-text\">Shipments<\/h2><div class=\"uagb-separator-wrap\"><div class=\"uagb-separator\"><\/div><\/div><p class=\"uagb-desc-text\"><\/p><\/div>\n\n\n\n<div class=\"wp-block-pb-accordion-item c-accordion__item js-accordion-item no-js\"><h4 id=\"at-22800\" class=\"c-accordion__title js-accordion-controller\" role=\"button\">Shipments price<\/h4><div id=\"ac-22800\" class=\"c-accordion__content\">\n<figure class=\"wp-block-table\"><table><tbody><tr><td><strong>TYPE OF CONSIGNMENT<\/strong><\/td><td><strong>Iki 100 km<\/strong><\/td><td><strong>101-200 km<\/strong><\/td><td><strong>201-300 km<\/strong><\/td><\/tr><tr><td>Siunta iki 200g<\/td><td>1,50 Eur<\/td><td>2.50 Eur<\/td><td>2,50 Eur<\/td><\/tr><tr><td>Siunta iki 1 kg <\/td><td>2,00 Eur<\/td><td>3,50 Eur<\/td><td>3,50 Eur<\/td><\/tr><tr><td>Siunta 1- 5 kg<\/td><td>2,50 Eur<\/td><td>4,50 Eur<\/td><td>4,50 Eur<\/td><\/tr><tr><td>Siunta 5 &#8211; 10 kg<\/td><td>3,00 Eur<\/td><td>5,00 Eur<\/td><td>5,00 Eur<\/td><\/tr><tr><td>Siunta 10 &#8211; 15 kg<\/td><td>3,50 Eur<\/td><td>6,00 Eur<\/td><td>6,50 Eur<\/td><\/tr><tr><td>Siunta 15 &#8211; 20 kg<\/td><td>6,50 Eur<\/td><td>9,00 Eur<\/td><td>9,00 Eur<\/td><\/tr><tr><td>Siunta 20 &#8211; 25 kg<\/td><td>9,00 Eur<\/td><td>11,50 Eur<\/td><td>11,50 Eur<\/td><\/tr><tr><td>Siunta 25 &#8211; 30 kg<\/td><td>10,00 Eur<\/td><td>13,00 Eur<\/td><td>14,00 Eur<\/td><\/tr><\/tbody><\/table><\/figure>\n\n\n\n<p>Prices in euro for multipack packages<\/p>\n\n\n\n<figure class=\"wp-block-table\"><table><tbody><tr><td>30 &#8211; 40 kg<\/td><td>12,00 Eur<\/td><td>15,00 Eur<\/td><td>15,00 Eur<\/td><\/tr><tr><td>40 &#8211; 50 kg<\/td><td>15,00 Eur<\/td><td>20,00 Eur<\/td><td>20,00 Eur<\/td><\/tr><tr><td>50 &#8211; 60 kg<\/td><td>20,00 Eur<\/td><td>25,00 Eur<\/td><td>25,00 Eur<\/td><\/tr><\/tbody><\/table><\/figure>\n\n\n\n<p>* Prices include VAT<\/p>\n<\/div><\/div>\n\n\n<p style=\"background: white; margin: 12.0pt 0cm 12.0pt 0cm;\"><span style=\"font-size: 9.0pt; font-family: 'Arial','sans-serif'; color: #666666;\">The parcels are accepted at Raseiniai bus station at least half an hour before the bus departs, then it reaches the addressee on the same day.<\/span><\/p>\n<p><span style=\"font-size: 9.0pt; font-family: 'Arial','sans-serif'; color: #666666;\">Shipments are accepted from 8:00 a.m. to 5:00 p.m. on weekdays.<\/span><\/p>\n<p><span style=\"font-size: 9.0pt; font-family: 'Arial','sans-serif'; color: #666666;\">The consignment must bear the name, address and telephone number of the addressee and the consignor. Proper packaging of the consignment is not necessary. We help to pack unpacked items. The volume of the parcel delivered is not important: from a few grams to 20-30 kilograms. The sender is responsible for the proper packaging of the shipment, its legal content and confirms its responsibility by signing the shipment receipt. The packaging shall protect the consignment against damage and shall not damage other parcels, vehicles, the environment or the human environment.<\/span><\/p>\n<p><span style=\"font-size: 9.0pt; font-family: 'Arial','sans-serif'; color: #666666;\">The shipment is left in the city to which it is sent at the parcel terminal and can be picked up by the recipient at his or her convenience. Upon receipt of the consignment, it is necessary to present an identity document.<\/span><\/p>\n<p><span style=\"font-size: 9.0pt; font-family: 'Arial','sans-serif'; color: #666666;\">The shipping cost depends on the size and distance of the shipment. Parcels from Raseiniai station are sent to all cities in Lithuania.<\/span><\/p>\n\n\n<p><\/p>","protected":false},"excerpt":{"rendered":"<p>SIUNTOS Siuntos Raseini\u0173 autobus\u0173 stotyje priimamos ne v\u0117liau kaip pusvaland\u012f prie\u0161 autobusui i\u0161vykstant, tuomet adresat\u0105 ji pasiekia t\u0105 pa\u010di\u0105 dien\u0105. Siuntos priimamos nuo 8.00 val. iki 17.00 val. darbo dienomis. Ant siuntos b\u016btina nurodyti adresato ir siunt\u0117jo miest\u0105, vard\u0105, pavard\u0119 ir telefono numer\u012f. Tinkamas siuntos supakavimas n\u0117ra b\u016btinas. Nesupakuotas siuntas padedame supakuoti. Pristatomos siuntos t\u016bris [&hellip;]<\/p>","protected":false},"author":1,"featured_media":0,"parent":0,"menu_order":0,"comment_status":"closed","ping_status":"closed","template":"","meta":{"_uag_custom_page_level_css":"","site-sidebar-layout":"default","site-content-layout":"default","ast-site-content-layout":"default","site-content-style":"default","site-sidebar-style":"default","ast-global-header-display":"","ast-banner-title-visibility":"","ast-main-header-display":"","ast-hfb-above-header-display":"","ast-hfb-below-header-display":"","ast-hfb-mobile-header-display":"","site-post-title":"disabled","ast-breadcrumbs-content":"","ast-featured-img":"","footer-sml-layout":"","theme-transparent-header-meta":"default","adv-header-id-meta":"","stick-header-meta":"","header-above-stick-meta":"","header-main-stick-meta":"","header-below-stick-meta":"","astra-migrate-meta-layouts":"default","ast-page-background-enabled":"default","ast-page-background-meta":{"desktop":{"background-color":"var(--ast-global-color-4)","background-image":"","background-repeat":"repeat","background-position":"center center","background-size":"auto","background-attachment":"scroll","background-type":"","background-media":"","overlay-type":"","overlay-color":"","overlay-opacity":"","overlay-gradient":""},"tablet":{"background-color":"","background-image":"","background-repeat":"repeat","background-position":"center center","background-size":"auto","background-attachment":"scroll","background-type":"","background-media":"","overlay-type":"","overlay-color":"","overlay-opacity":"","overlay-gradient":""},"mobile":{"background-color":"","background-image":"","background-repeat":"repeat","background-position":"center center","background-size":"auto","background-attachment":"scroll","background-type":"","background-media":"","overlay-type":"","overlay-color":"","overlay-opacity":"","overlay-gradient":""}},"ast-content-background-meta":{"desktop":{"background-color":"var(--ast-global-color-5)","background-image":"","background-repeat":"repeat","background-position":"center center","background-size":"auto","background-attachment":"scroll","background-type":"","background-media":"","overlay-type":"","overlay-color":"","overlay-opacity":"","overlay-gradient":""},"tablet":{"background-color":"var(--ast-global-color-5)","background-image":"","background-repeat":"repeat","background-position":"center center","background-size":"auto","background-attachment":"scroll","background-type":"","background-media":"","overlay-type":"","overlay-color":"","overlay-opacity":"","overlay-gradient":""},"mobile":{"background-color":"var(--ast-global-color-5)","background-image":"","background-repeat":"repeat","background-position":"center center","background-size":"auto","background-attachment":"scroll","background-type":"","background-media":"","overlay-type":"","overlay-color":"","overlay-opacity":"","overlay-gradient":""}},"footnotes":""},"class_list":["post-2280","page","type-page","status-publish","hentry"],"yoast_head":"<!-- This site is optimized with the Yoast SEO plugin v25.7 - https:\/\/yoast.com\/wordpress\/plugins\/seo\/ -->\n<title>Siuntos | Raseini\u0173 autobus\u0173 parkas<\/title>\n<meta name=\"robots\" content=\"index, follow, max-snippet:-1, max-image-preview:large, max-video-preview:-1\" \/>\n<link rel=\"canonical\" href=\"https:\/\/raseiniuautobusuparkas.lt\/en\/siuntos\/\" \/>\n<meta property=\"og:locale\" content=\"en_US\" \/>\n<meta property=\"og:type\" content=\"article\" \/>\n<meta property=\"og:title\" content=\"Siuntos | Raseini\u0173 autobus\u0173 parkas\" \/>\n<meta property=\"og:description\" content=\"SIUNTOS Siuntos Raseini\u0173 autobus\u0173 stotyje priimamos ne v\u0117liau kaip pusvaland\u012f prie\u0161 autobusui i\u0161vykstant, tuomet adresat\u0105 ji pasiekia t\u0105 pa\u010di\u0105 dien\u0105. Siuntos priimamos nuo 8.00 val. iki 17.00 val. darbo dienomis. Ant siuntos b\u016btina nurodyti adresato ir siunt\u0117jo miest\u0105, vard\u0105, pavard\u0119 ir telefono numer\u012f. Tinkamas siuntos supakavimas n\u0117ra b\u016btinas. Nesupakuotas siuntas padedame supakuoti. Pristatomos siuntos t\u016bris [&hellip;]\" \/>\n<meta property=\"og:url\" content=\"https:\/\/raseiniuautobusuparkas.lt\/en\/siuntos\/\" \/>\n<meta property=\"og:site_name\" content=\"Raseini\u0173 autobus\u0173 parkas\" \/>\n<meta property=\"article:modified_time\" content=\"2024-10-18T08:44:47+00:00\" \/>\n<meta name=\"twitter:card\" content=\"summary_large_image\" \/>\n<meta name=\"twitter:label1\" content=\"Est. reading time\" \/>\n\t<meta name=\"twitter:data1\" content=\"1 minute\" \/>\n<script type=\"application\/ld+json\" class=\"yoast-schema-graph\">{\"@context\":\"https:\/\/schema.org\",\"@graph\":[{\"@type\":\"WebPage\",\"@id\":\"https:\/\/raseiniuautobusuparkas.lt\/siuntos\/\",\"url\":\"https:\/\/raseiniuautobusuparkas.lt\/siuntos\/\",\"name\":\"Siuntos | Raseini\u0173 autobus\u0173 parkas\",\"isPartOf\":{\"@id\":\"https:\/\/raseiniuautobusuparkas.lt\/#website\"},\"datePublished\":\"2020-02-07T12:24:12+00:00\",\"dateModified\":\"2024-10-18T08:44:47+00:00\",\"breadcrumb\":{\"@id\":\"https:\/\/raseiniuautobusuparkas.lt\/siuntos\/#breadcrumb\"},\"inLanguage\":\"en-US\",\"potentialAction\":[{\"@type\":\"ReadAction\",\"target\":[\"https:\/\/raseiniuautobusuparkas.lt\/siuntos\/\"]}]},{\"@type\":\"BreadcrumbList\",\"@id\":\"https:\/\/raseiniuautobusuparkas.lt\/siuntos\/#breadcrumb\",\"itemListElement\":[{\"@type\":\"ListItem\",\"position\":1,\"name\":\"Home\",\"item\":\"https:\/\/raseiniuautobusuparkas.lt\/\"},{\"@type\":\"ListItem\",\"position\":2,\"name\":\"Siuntos\"}]},{\"@type\":\"WebSite\",\"@id\":\"https:\/\/raseiniuautobusuparkas.lt\/#website\",\"url\":\"https:\/\/raseiniuautobusuparkas.lt\/\",\"name\":\"Raseini\u0173 autobus\u0173 parkas\",\"description\":\"Autobus\u0173 kompanija\",\"publisher\":{\"@id\":\"https:\/\/raseiniuautobusuparkas.lt\/#organization\"},\"potentialAction\":[{\"@type\":\"SearchAction\",\"target\":{\"@type\":\"EntryPoint\",\"urlTemplate\":\"https:\/\/raseiniuautobusuparkas.lt\/?s={search_term_string}\"},\"query-input\":{\"@type\":\"PropertyValueSpecification\",\"valueRequired\":true,\"valueName\":\"search_term_string\"}}],\"inLanguage\":\"en-US\"},{\"@type\":\"Organization\",\"@id\":\"https:\/\/raseiniuautobusuparkas.lt\/#organization\",\"name\":\"Raseini\u0173 autobus\u0173 parkas\",\"url\":\"https:\/\/raseiniuautobusuparkas.lt\/\",\"logo\":{\"@type\":\"ImageObject\",\"inLanguage\":\"en-US\",\"@id\":\"https:\/\/raseiniuautobusuparkas.lt\/#\/schema\/logo\/image\/\",\"url\":\"https:\/\/raseiniuautobusuparkas.lt\/wp-content\/uploads\/2020\/04\/output-onlinepngtools.png\",\"contentUrl\":\"https:\/\/raseiniuautobusuparkas.lt\/wp-content\/uploads\/2020\/04\/output-onlinepngtools.png\",\"width\":511,\"height\":98,\"caption\":\"Raseini\u0173 autobus\u0173 parkas\"},\"image\":{\"@id\":\"https:\/\/raseiniuautobusuparkas.lt\/#\/schema\/logo\/image\/\"}}]}<\/script>\n<!-- \/ Yoast SEO plugin. -->","yoast_head_json":{"title":"Siuntos | Raseini\u0173 autobus\u0173 parkas","robots":{"index":"index","follow":"follow","max-snippet":"max-snippet:-1","max-image-preview":"max-image-preview:large","max-video-preview":"max-video-preview:-1"},"canonical":"https:\/\/raseiniuautobusuparkas.lt\/en\/siuntos\/","og_locale":"en_US","og_type":"article","og_title":"Siuntos | Raseini\u0173 autobus\u0173 parkas","og_description":"SIUNTOS Siuntos Raseini\u0173 autobus\u0173 stotyje priimamos ne v\u0117liau kaip pusvaland\u012f prie\u0161 autobusui i\u0161vykstant, tuomet adresat\u0105 ji pasiekia t\u0105 pa\u010di\u0105 dien\u0105. Siuntos priimamos nuo 8.00 val. iki 17.00 val. darbo dienomis. Ant siuntos b\u016btina nurodyti adresato ir siunt\u0117jo miest\u0105, vard\u0105, pavard\u0119 ir telefono numer\u012f. Tinkamas siuntos supakavimas n\u0117ra b\u016btinas. Nesupakuotas siuntas padedame supakuoti. Pristatomos siuntos t\u016bris [&hellip;]","og_url":"https:\/\/raseiniuautobusuparkas.lt\/en\/siuntos\/","og_site_name":"Raseini\u0173 autobus\u0173 parkas","article_modified_time":"2024-10-18T08:44:47+00:00","twitter_card":"summary_large_image","twitter_misc":{"Est. reading time":"1 minute"},"schema":{"@context":"https:\/\/schema.org","@graph":[{"@type":"WebPage","@id":"https:\/\/raseiniuautobusuparkas.lt\/siuntos\/","url":"https:\/\/raseiniuautobusuparkas.lt\/siuntos\/","name":"Siuntos | Raseini\u0173 autobus\u0173 parkas","isPartOf":{"@id":"https:\/\/raseiniuautobusuparkas.lt\/#website"},"datePublished":"2020-02-07T12:24:12+00:00","dateModified":"2024-10-18T08:44:47+00:00","breadcrumb":{"@id":"https:\/\/raseiniuautobusuparkas.lt\/siuntos\/#breadcrumb"},"inLanguage":"en-US","potentialAction":[{"@type":"ReadAction","target":["https:\/\/raseiniuautobusuparkas.lt\/siuntos\/"]}]},{"@type":"BreadcrumbList","@id":"https:\/\/raseiniuautobusuparkas.lt\/siuntos\/#breadcrumb","itemListElement":[{"@type":"ListItem","position":1,"name":"Home","item":"https:\/\/raseiniuautobusuparkas.lt\/"},{"@type":"ListItem","position":2,"name":"Siuntos"}]},{"@type":"WebSite","@id":"https:\/\/raseiniuautobusuparkas.lt\/#website","url":"https:\/\/raseiniuautobusuparkas.lt\/","name":"Raseini\u0173 autobus\u0173 parkas","description":"Autobus\u0173 kompanija","publisher":{"@id":"https:\/\/raseiniuautobusuparkas.lt\/#organization"},"potentialAction":[{"@type":"SearchAction","target":{"@type":"EntryPoint","urlTemplate":"https:\/\/raseiniuautobusuparkas.lt\/?s={search_term_string}"},"query-input":{"@type":"PropertyValueSpecification","valueRequired":true,"valueName":"search_term_string"}}],"inLanguage":"en-US"},{"@type":"Organization","@id":"https:\/\/raseiniuautobusuparkas.lt\/#organization","name":"Raseini\u0173 autobus\u0173 parkas","url":"https:\/\/raseiniuautobusuparkas.lt\/","logo":{"@type":"ImageObject","inLanguage":"en-US","@id":"https:\/\/raseiniuautobusuparkas.lt\/#\/schema\/logo\/image\/","url":"https:\/\/raseiniuautobusuparkas.lt\/wp-content\/uploads\/2020\/04\/output-onlinepngtools.png","contentUrl":"https:\/\/raseiniuautobusuparkas.lt\/wp-content\/uploads\/2020\/04\/output-onlinepngtools.png","width":511,"height":98,"caption":"Raseini\u0173 autobus\u0173 parkas"},"image":{"@id":"https:\/\/raseiniuautobusuparkas.lt\/#\/schema\/logo\/image\/"}}]}},"uagb_featured_image_src":{"full":false,"thumbnail":false,"medium":false,"medium_large":false,"large":false,"1536x1536":false,"2048x2048":false,"trp-custom-language-flag":false,"htmega_size_585x295":false,"htmega_size_1170x536":false,"htmega_size_396x360":false},"uagb_author_info":{"display_name":"just.pipiras","author_link":"https:\/\/raseiniuautobusuparkas.lt\/en\/author\/just-pipiras\/"},"uagb_comment_info":0,"uagb_excerpt":"SIUNTOS Siuntos Raseini\u0173 autobus\u0173 stotyje priimamos ne v\u0117liau kaip pusvaland\u012f prie\u0161 autobusui i\u0161vykstant, tuomet adresat\u0105 ji pasiekia t\u0105 pa\u010di\u0105 dien\u0105. Siuntos priimamos nuo 8.00 val. iki 17.00 val. darbo dienomis. Ant siuntos b\u016btina nurodyti adresato ir siunt\u0117jo miest\u0105, vard\u0105, pavard\u0119 ir telefono numer\u012f. Tinkamas siuntos supakavimas n\u0117ra b\u016btinas. Nesupakuotas siuntas padedame supakuoti. Pristatomos siuntos t\u016bris&hellip;","_links":{"self":[{"href":"https:\/\/raseiniuautobusuparkas.lt\/en\/wp-json\/wp\/v2\/pages\/2280","targetHints":{"allow":["GET"]}}],"collection":[{"href":"https:\/\/raseiniuautobusuparkas.lt\/en\/wp-json\/wp\/v2\/pages"}],"about":[{"href":"https:\/\/raseiniuautobusuparkas.lt\/en\/wp-json\/wp\/v2\/types\/page"}],"author":[{"embeddable":true,"href":"https:\/\/raseiniuautobusuparkas.lt\/en\/wp-json\/wp\/v2\/users\/1"}],"replies":[{"embeddable":true,"href":"https:\/\/raseiniuautobusuparkas.lt\/en\/wp-json\/wp\/v2\/comments?post=2280"}],"version-history":[{"count":0,"href":"https:\/\/raseiniuautobusuparkas.lt\/en\/wp-json\/wp\/v2\/pages\/2280\/revisions"}],"wp:attachment":[{"href":"https:\/\/raseiniuautobusuparkas.lt\/en\/wp-json\/wp\/v2\/media?parent=2280"}],"curies":[{"name":"wp","href":"https:\/\/api.w.org\/{rel}","templated":true}]}}