{"id":2278,"date":"2020-02-07T12:23:46","date_gmt":"2020-02-07T12:23:46","guid":{"rendered":"http:\/\/raseiniuautobusuparkas.lt\/?page_id=2278"},"modified":"2020-03-31T13:25:39","modified_gmt":"2020-03-31T13:25:39","slug":"paslaugos","status":"publish","type":"page","link":"https:\/\/raseiniuautobusuparkas.lt\/en\/paslaugos\/","title":{"rendered":"Services"},"content":{"rendered":"<div data-elementor-type=\"wp-page\" data-elementor-id=\"2278\" class=\"elementor elementor-2278\">\n\t\t\t\t\t\t<section class=\"elementor-section elementor-top-section elementor-element elementor-element-890a654 elementor-section-boxed elementor-section-height-default elementor-section-height-default\" data-id=\"890a654\" data-element_type=\"section\">\n\t\t\t\t\t\t<div class=\"elementor-container elementor-column-gap-default\">\n\t\t\t\t\t<div class=\"elementor-column elementor-col-100 elementor-top-column elementor-element elementor-element-10b01b8\" data-id=\"10b01b8\" data-element_type=\"column\">\n\t\t\t<div class=\"elementor-widget-wrap elementor-element-populated\">\n\t\t\t\t\t\t<div class=\"elementor-element elementor-element-0c49e69 htmega-title-align-center elementor-widget elementor-widget-section-title-addons\" data-id=\"0c49e69\" data-element_type=\"widget\" data-widget_type=\"section-title-addons.default\">\n\t\t\t\t<div class=\"elementor-widget-container\">\n\t\t\t\t\t            <div class=\"htmega-0c49e69 htmega-section-title htmega-subtitle-position- title-style-four  image-bottom\">\n                <h2 class=\"section-title-txt\">Services<\/h2><div class=\"htmega-title-sperator-sec\"><span class=\"htmega-title-sperator\">&nbsp;<\/span><\/div>            <\/div>\n\n            \n        \t\t\t\t<\/div>\n\t\t\t\t<\/div>\n\t\t\t\t\t<\/div>\n\t\t<\/div>\n\t\t\t\t\t<\/div>\n\t\t<\/section>\n\t\t\t\t<section class=\"elementor-section elementor-top-section elementor-element elementor-element-96f425f elementor-section-boxed elementor-section-height-default elementor-section-height-default\" data-id=\"96f425f\" data-element_type=\"section\">\n\t\t\t\t\t\t\t<div class=\"elementor-background-overlay\"><\/div>\n\t\t\t\t\t\t\t<div class=\"elementor-container elementor-column-gap-default\">\n\t\t\t\t\t<div class=\"elementor-column elementor-col-50 elementor-top-column elementor-element elementor-element-c57d644\" data-id=\"c57d644\" data-element_type=\"column\" data-settings=\"{&quot;animation&quot;:&quot;none&quot;,&quot;background_background&quot;:&quot;gradient&quot;}\">\n\t\t\t<div class=\"elementor-widget-wrap elementor-element-populated\">\n\t\t\t\t\t\t<div class=\"elementor-element elementor-element-bd4f19d elementor-view-default elementor-position-top elementor-mobile-position-top elementor-widget elementor-widget-icon-box\" data-id=\"bd4f19d\" data-element_type=\"widget\" data-widget_type=\"icon-box.default\">\n\t\t\t\t<div class=\"elementor-widget-container\">\n\t\t\t\t\t\t\t<div class=\"elementor-icon-box-wrapper\">\n\n\t\t\t\t\t\t<div class=\"elementor-icon-box-icon\">\n\t\t\t\t<a href=\"http:\/\/raseiniuautobusuparkas.lt\/en\/autobusu-nuoma\/\" class=\"elementor-icon\" tabindex=\"-1\" aria-label=\"Bus rental\">\n\t\t\t\t<i aria-hidden=\"true\" class=\"fas fa-bus\"><\/i>\t\t\t\t<\/a>\n\t\t\t<\/div>\n\t\t\t\n\t\t\t\t\t\t<div class=\"elementor-icon-box-content\">\n\n\t\t\t\t\t\t\t\t\t<h3 class=\"elementor-icon-box-title\">\n\t\t\t\t\t\t<a href=\"http:\/\/raseiniuautobusuparkas.lt\/en\/autobusu-nuoma\/\" >\n\t\t\t\t\t\t\tBus rental\t\t\t\t\t\t<\/a>\n\t\t\t\t\t<\/h3>\n\t\t\t\t\n\t\t\t\t\t\t\t\t\t<p class=\"elementor-icon-box-description\">\n\t\t\t\t\t\tBus rental for trips both within Lithuania and abroad\t\t\t\t\t<\/p>\n\t\t\t\t\n\t\t\t<\/div>\n\t\t\t\n\t\t<\/div>\n\t\t\t\t\t\t<\/div>\n\t\t\t\t<\/div>\n\t\t\t\t\t<\/div>\n\t\t<\/div>\n\t\t\t\t<div class=\"elementor-column elementor-col-50 elementor-top-column elementor-element elementor-element-ef43ff0\" data-id=\"ef43ff0\" data-element_type=\"column\" data-settings=\"{&quot;animation&quot;:&quot;none&quot;,&quot;background_background&quot;:&quot;gradient&quot;}\">\n\t\t\t<div class=\"elementor-widget-wrap elementor-element-populated\">\n\t\t\t\t\t\t<div class=\"elementor-element elementor-element-40462c5 elementor-view-default elementor-position-top elementor-mobile-position-top elementor-widget elementor-widget-icon-box\" data-id=\"40462c5\" data-element_type=\"widget\" data-widget_type=\"icon-box.default\">\n\t\t\t\t<div class=\"elementor-widget-container\">\n\t\t\t\t\t\t\t<div class=\"elementor-icon-box-wrapper\">\n\n\t\t\t\t\t\t<div class=\"elementor-icon-box-icon\">\n\t\t\t\t<a href=\"http:\/\/raseiniuautobusuparkas.lt\/en\/siuntos\/\" class=\"elementor-icon\" tabindex=\"-1\" aria-label=\"Shipments\">\n\t\t\t\t<i aria-hidden=\"true\" class=\"fas fa-shipping-fast\"><\/i>\t\t\t\t<\/a>\n\t\t\t<\/div>\n\t\t\t\n\t\t\t\t\t\t<div class=\"elementor-icon-box-content\">\n\n\t\t\t\t\t\t\t\t\t<h3 class=\"elementor-icon-box-title\">\n\t\t\t\t\t\t<a href=\"http:\/\/raseiniuautobusuparkas.lt\/en\/siuntos\/\" >\n\t\t\t\t\t\t\tShipments\t\t\t\t\t\t<\/a>\n\t\t\t\t\t<\/h3>\n\t\t\t\t\n\t\t\t\t\t\t\t\t\t<p class=\"elementor-icon-box-description\">\n\t\t\t\t\t\tParcels by bus are the safest and fastest way to send a parcel.\t\t\t\t\t<\/p>\n\t\t\t\t\n\t\t\t<\/div>\n\t\t\t\n\t\t<\/div>\n\t\t\t\t\t\t<\/div>\n\t\t\t\t<\/div>\n\t\t\t\t\t<\/div>\n\t\t<\/div>\n\t\t\t\t\t<\/div>\n\t\t<\/section>\n\t\t\t\t<section class=\"elementor-section elementor-top-section elementor-element elementor-element-71b2930 elementor-section-boxed elementor-section-height-default elementor-section-height-default\" data-id=\"71b2930\" data-element_type=\"section\">\n\t\t\t\t\t\t\t<div class=\"elementor-background-overlay\"><\/div>\n\t\t\t\t\t\t\t<div class=\"elementor-container elementor-column-gap-default\">\n\t\t\t\t\t<div class=\"elementor-column elementor-col-50 elementor-top-column elementor-element elementor-element-7ef90e8\" data-id=\"7ef90e8\" data-element_type=\"column\" data-settings=\"{&quot;animation&quot;:&quot;none&quot;,&quot;background_background&quot;:&quot;gradient&quot;}\">\n\t\t\t<div class=\"elementor-widget-wrap elementor-element-populated\">\n\t\t\t\t\t\t<div class=\"elementor-element elementor-element-77030ef elementor-view-default elementor-position-top elementor-mobile-position-top elementor-widget elementor-widget-icon-box\" data-id=\"77030ef\" data-element_type=\"widget\" data-widget_type=\"icon-box.default\">\n\t\t\t\t<div class=\"elementor-widget-container\">\n\t\t\t\t\t\t\t<div class=\"elementor-icon-box-wrapper\">\n\n\t\t\t\t\t\t<div class=\"elementor-icon-box-icon\">\n\t\t\t\t<a href=\"http:\/\/raseiniuautobusuparkas.lt\/en\/reklama\/\" class=\"elementor-icon\" tabindex=\"-1\" aria-label=\"Advertising\">\n\t\t\t\t<i aria-hidden=\"true\" class=\"fas fa-bullhorn\"><\/i>\t\t\t\t<\/a>\n\t\t\t<\/div>\n\t\t\t\n\t\t\t\t\t\t<div class=\"elementor-icon-box-content\">\n\n\t\t\t\t\t\t\t\t\t<h3 class=\"elementor-icon-box-title\">\n\t\t\t\t\t\t<a href=\"http:\/\/raseiniuautobusuparkas.lt\/en\/reklama\/\" >\n\t\t\t\t\t\t\tAdvertising\t\t\t\t\t\t<\/a>\n\t\t\t\t\t<\/h3>\n\t\t\t\t\n\t\t\t\t\t\t\t\t\t<p class=\"elementor-icon-box-description\">\n\t\t\t\t\t\tWe offer various types of advertising spaces for presenting your product or service.\t\t\t\t\t<\/p>\n\t\t\t\t\n\t\t\t<\/div>\n\t\t\t\n\t\t<\/div>\n\t\t\t\t\t\t<\/div>\n\t\t\t\t<\/div>\n\t\t\t\t\t<\/div>\n\t\t<\/div>\n\t\t\t\t<div class=\"elementor-column elementor-col-50 elementor-top-column elementor-element elementor-element-c6c42f9\" data-id=\"c6c42f9\" data-element_type=\"column\" data-settings=\"{&quot;animation&quot;:&quot;none&quot;,&quot;background_background&quot;:&quot;gradient&quot;}\">\n\t\t\t<div class=\"elementor-widget-wrap elementor-element-populated\">\n\t\t\t\t\t\t<div class=\"elementor-element elementor-element-ec5dacb elementor-view-default elementor-position-top elementor-mobile-position-top elementor-widget elementor-widget-icon-box\" data-id=\"ec5dacb\" data-element_type=\"widget\" data-widget_type=\"icon-box.default\">\n\t\t\t\t<div class=\"elementor-widget-container\">\n\t\t\t\t\t\t\t<div class=\"elementor-icon-box-wrapper\">\n\n\t\t\t\t\t\t<div class=\"elementor-icon-box-icon\">\n\t\t\t\t<a href=\"http:\/\/raseiniuautobusuparkas.lt\/en\/krovininis-sunkvezimis\/\" class=\"elementor-icon\" tabindex=\"-1\" aria-label=\"Cargo truck \">\n\t\t\t\t<i aria-hidden=\"true\" class=\"fas fa-truck-moving\"><\/i>\t\t\t\t<\/a>\n\t\t\t<\/div>\n\t\t\t\n\t\t\t\t\t\t<div class=\"elementor-icon-box-content\">\n\n\t\t\t\t\t\t\t\t\t<h3 class=\"elementor-icon-box-title\">\n\t\t\t\t\t\t<a href=\"http:\/\/raseiniuautobusuparkas.lt\/en\/krovininis-sunkvezimis\/\" >\n\t\t\t\t\t\t\tCargo truck \t\t\t\t\t\t<\/a>\n\t\t\t\t\t<\/h3>\n\t\t\t\t\n\t\t\t\t\t\t\t\t\t<p class=\"elementor-icon-box-description\">\n\t\t\t\t\t\twith crane and forklift\t\t\t\t\t<\/p>\n\t\t\t\t\n\t\t\t<\/div>\n\t\t\t\n\t\t<\/div>\n\t\t\t\t\t\t<\/div>\n\t\t\t\t<\/div>\n\t\t\t\t\t<\/div>\n\t\t<\/div>\n\t\t\t\t\t<\/div>\n\t\t<\/section>\n\t\t\t\t<\/div>","protected":false},"excerpt":{"rendered":"<p>Paslaugos &nbsp; Autobus\u0173 nuoma Autobus\u0173 nuoma tiek kelion\u0117ms Lietuvos teritorijoje, tiek u\u017esienyje Siuntos Siuntos autobusu \u2013 tai saugiausias ir grei\u010diausias siuntos kelias Reklama Si\u016blome \u012fvairaus tipo reklaminius plotus J\u016bs\u0173 produkto ar paslaugos pristatymui. Krovininis sunkve\u017eimis su krano \u012frenginiu ir automobilinis krautuvas<\/p>","protected":false},"author":1,"featured_media":0,"parent":0,"menu_order":0,"comment_status":"closed","ping_status":"closed","template":"","meta":{"_uag_custom_page_level_css":"","site-sidebar-layout":"no-sidebar","site-content-layout":"content-boxed-container","ast-site-content-layout":"default","site-content-style":"default","site-sidebar-style":"default","ast-global-header-display":"","ast-banner-title-visibility":"","ast-main-header-display":"","ast-hfb-above-header-display":"","ast-hfb-below-header-display":"","ast-hfb-mobile-header-display":"","site-post-title":"disabled","ast-breadcrumbs-content":"","ast-featured-img":"disabled","footer-sml-layout":"","theme-transparent-header-meta":"default","adv-header-id-meta":"","stick-header-meta":"","header-above-stick-meta":"","header-main-stick-meta":"","header-below-stick-meta":"","astra-migrate-meta-layouts":"default","ast-page-background-enabled":"default","ast-page-background-meta":{"desktop":{"background-color":"var(--ast-global-color-4)","background-image":"","background-repeat":"repeat","background-position":"center center","background-size":"auto","background-attachment":"scroll","background-type":"","background-media":"","overlay-type":"","overlay-color":"","overlay-opacity":"","overlay-gradient":""},"tablet":{"background-color":"","background-image":"","background-repeat":"repeat","background-position":"center center","background-size":"auto","background-attachment":"scroll","background-type":"","background-media":"","overlay-type":"","overlay-color":"","overlay-opacity":"","overlay-gradient":""},"mobile":{"background-color":"","background-image":"","background-repeat":"repeat","background-position":"center center","background-size":"auto","background-attachment":"scroll","background-type":"","background-media":"","overlay-type":"","overlay-color":"","overlay-opacity":"","overlay-gradient":""}},"ast-content-background-meta":{"desktop":{"background-color":"var(--ast-global-color-5)","background-image":"","background-repeat":"repeat","background-position":"center center","background-size":"auto","background-attachment":"scroll","background-type":"","background-media":"","overlay-type":"","overlay-color":"","overlay-opacity":"","overlay-gradient":""},"tablet":{"background-color":"var(--ast-global-color-5)","background-image":"","background-repeat":"repeat","background-position":"center center","background-size":"auto","background-attachment":"scroll","background-type":"","background-media":"","overlay-type":"","overlay-color":"","overlay-opacity":"","overlay-gradient":""},"mobile":{"background-color":"var(--ast-global-color-5)","background-image":"","background-repeat":"repeat","background-position":"center center","background-size":"auto","background-attachment":"scroll","background-type":"","background-media":"","overlay-type":"","overlay-color":"","overlay-opacity":"","overlay-gradient":""}},"footnotes":""},"class_list":["post-2278","page","type-page","status-publish","hentry"],"yoast_head":"<!-- This site is optimized with the Yoast SEO plugin v25.7 - https:\/\/yoast.com\/wordpress\/plugins\/seo\/ -->\n<title>Paslaugos | Raseini\u0173 autobus\u0173 parkas<\/title>\n<meta name=\"robots\" content=\"index, follow, max-snippet:-1, max-image-preview:large, max-video-preview:-1\" \/>\n<link rel=\"canonical\" href=\"https:\/\/raseiniuautobusuparkas.lt\/en\/paslaugos\/\" \/>\n<meta property=\"og:locale\" content=\"en_US\" \/>\n<meta property=\"og:type\" content=\"article\" \/>\n<meta property=\"og:title\" content=\"Paslaugos | Raseini\u0173 autobus\u0173 parkas\" \/>\n<meta property=\"og:description\" content=\"Paslaugos &nbsp; Autobus\u0173 nuoma Autobus\u0173 nuoma tiek kelion\u0117ms Lietuvos teritorijoje, tiek u\u017esienyje Siuntos Siuntos autobusu \u2013 tai saugiausias ir grei\u010diausias siuntos kelias Reklama Si\u016blome \u012fvairaus tipo reklaminius plotus J\u016bs\u0173 produkto ar paslaugos pristatymui. Krovininis sunkve\u017eimis su krano \u012frenginiu ir automobilinis krautuvas\" \/>\n<meta property=\"og:url\" content=\"https:\/\/raseiniuautobusuparkas.lt\/en\/paslaugos\/\" \/>\n<meta property=\"og:site_name\" content=\"Raseini\u0173 autobus\u0173 parkas\" \/>\n<meta property=\"article:modified_time\" content=\"2020-03-31T13:25:39+00:00\" \/>\n<meta name=\"twitter:card\" content=\"summary_large_image\" \/>\n<script type=\"application\/ld+json\" class=\"yoast-schema-graph\">{\"@context\":\"https:\/\/schema.org\",\"@graph\":[{\"@type\":\"WebPage\",\"@id\":\"https:\/\/raseiniuautobusuparkas.lt\/paslaugos\/\",\"url\":\"https:\/\/raseiniuautobusuparkas.lt\/paslaugos\/\",\"name\":\"Paslaugos | Raseini\u0173 autobus\u0173 parkas\",\"isPartOf\":{\"@id\":\"https:\/\/raseiniuautobusuparkas.lt\/#website\"},\"datePublished\":\"2020-02-07T12:23:46+00:00\",\"dateModified\":\"2020-03-31T13:25:39+00:00\",\"breadcrumb\":{\"@id\":\"https:\/\/raseiniuautobusuparkas.lt\/paslaugos\/#breadcrumb\"},\"inLanguage\":\"en-US\",\"potentialAction\":[{\"@type\":\"ReadAction\",\"target\":[\"https:\/\/raseiniuautobusuparkas.lt\/paslaugos\/\"]}]},{\"@type\":\"BreadcrumbList\",\"@id\":\"https:\/\/raseiniuautobusuparkas.lt\/paslaugos\/#breadcrumb\",\"itemListElement\":[{\"@type\":\"ListItem\",\"position\":1,\"name\":\"Home\",\"item\":\"https:\/\/raseiniuautobusuparkas.lt\/\"},{\"@type\":\"ListItem\",\"position\":2,\"name\":\"Paslaugos\"}]},{\"@type\":\"WebSite\",\"@id\":\"https:\/\/raseiniuautobusuparkas.lt\/#website\",\"url\":\"https:\/\/raseiniuautobusuparkas.lt\/\",\"name\":\"Raseini\u0173 autobus\u0173 parkas\",\"description\":\"Autobus\u0173 kompanija\",\"publisher\":{\"@id\":\"https:\/\/raseiniuautobusuparkas.lt\/#organization\"},\"potentialAction\":[{\"@type\":\"SearchAction\",\"target\":{\"@type\":\"EntryPoint\",\"urlTemplate\":\"https:\/\/raseiniuautobusuparkas.lt\/?s={search_term_string}\"},\"query-input\":{\"@type\":\"PropertyValueSpecification\",\"valueRequired\":true,\"valueName\":\"search_term_string\"}}],\"inLanguage\":\"en-US\"},{\"@type\":\"Organization\",\"@id\":\"https:\/\/raseiniuautobusuparkas.lt\/#organization\",\"name\":\"Raseini\u0173 autobus\u0173 parkas\",\"url\":\"https:\/\/raseiniuautobusuparkas.lt\/\",\"logo\":{\"@type\":\"ImageObject\",\"inLanguage\":\"en-US\",\"@id\":\"https:\/\/raseiniuautobusuparkas.lt\/#\/schema\/logo\/image\/\",\"url\":\"https:\/\/raseiniuautobusuparkas.lt\/wp-content\/uploads\/2020\/04\/output-onlinepngtools.png\",\"contentUrl\":\"https:\/\/raseiniuautobusuparkas.lt\/wp-content\/uploads\/2020\/04\/output-onlinepngtools.png\",\"width\":511,\"height\":98,\"caption\":\"Raseini\u0173 autobus\u0173 parkas\"},\"image\":{\"@id\":\"https:\/\/raseiniuautobusuparkas.lt\/#\/schema\/logo\/image\/\"}}]}<\/script>\n<!-- \/ Yoast SEO plugin. -->","yoast_head_json":{"title":"Paslaugos | Raseini\u0173 autobus\u0173 parkas","robots":{"index":"index","follow":"follow","max-snippet":"max-snippet:-1","max-image-preview":"max-image-preview:large","max-video-preview":"max-video-preview:-1"},"canonical":"https:\/\/raseiniuautobusuparkas.lt\/en\/paslaugos\/","og_locale":"en_US","og_type":"article","og_title":"Paslaugos | Raseini\u0173 autobus\u0173 parkas","og_description":"Paslaugos &nbsp; Autobus\u0173 nuoma Autobus\u0173 nuoma tiek kelion\u0117ms Lietuvos teritorijoje, tiek u\u017esienyje Siuntos Siuntos autobusu \u2013 tai saugiausias ir grei\u010diausias siuntos kelias Reklama Si\u016blome \u012fvairaus tipo reklaminius plotus J\u016bs\u0173 produkto ar paslaugos pristatymui. Krovininis sunkve\u017eimis su krano \u012frenginiu ir automobilinis krautuvas","og_url":"https:\/\/raseiniuautobusuparkas.lt\/en\/paslaugos\/","og_site_name":"Raseini\u0173 autobus\u0173 parkas","article_modified_time":"2020-03-31T13:25:39+00:00","twitter_card":"summary_large_image","schema":{"@context":"https:\/\/schema.org","@graph":[{"@type":"WebPage","@id":"https:\/\/raseiniuautobusuparkas.lt\/paslaugos\/","url":"https:\/\/raseiniuautobusuparkas.lt\/paslaugos\/","name":"Paslaugos | Raseini\u0173 autobus\u0173 parkas","isPartOf":{"@id":"https:\/\/raseiniuautobusuparkas.lt\/#website"},"datePublished":"2020-02-07T12:23:46+00:00","dateModified":"2020-03-31T13:25:39+00:00","breadcrumb":{"@id":"https:\/\/raseiniuautobusuparkas.lt\/paslaugos\/#breadcrumb"},"inLanguage":"en-US","potentialAction":[{"@type":"ReadAction","target":["https:\/\/raseiniuautobusuparkas.lt\/paslaugos\/"]}]},{"@type":"BreadcrumbList","@id":"https:\/\/raseiniuautobusuparkas.lt\/paslaugos\/#breadcrumb","itemListElement":[{"@type":"ListItem","position":1,"name":"Home","item":"https:\/\/raseiniuautobusuparkas.lt\/"},{"@type":"ListItem","position":2,"name":"Paslaugos"}]},{"@type":"WebSite","@id":"https:\/\/raseiniuautobusuparkas.lt\/#website","url":"https:\/\/raseiniuautobusuparkas.lt\/","name":"Raseini\u0173 autobus\u0173 parkas","description":"Autobus\u0173 kompanija","publisher":{"@id":"https:\/\/raseiniuautobusuparkas.lt\/#organization"},"potentialAction":[{"@type":"SearchAction","target":{"@type":"EntryPoint","urlTemplate":"https:\/\/raseiniuautobusuparkas.lt\/?s={search_term_string}"},"query-input":{"@type":"PropertyValueSpecification","valueRequired":true,"valueName":"search_term_string"}}],"inLanguage":"en-US"},{"@type":"Organization","@id":"https:\/\/raseiniuautobusuparkas.lt\/#organization","name":"Raseini\u0173 autobus\u0173 parkas","url":"https:\/\/raseiniuautobusuparkas.lt\/","logo":{"@type":"ImageObject","inLanguage":"en-US","@id":"https:\/\/raseiniuautobusuparkas.lt\/#\/schema\/logo\/image\/","url":"https:\/\/raseiniuautobusuparkas.lt\/wp-content\/uploads\/2020\/04\/output-onlinepngtools.png","contentUrl":"https:\/\/raseiniuautobusuparkas.lt\/wp-content\/uploads\/2020\/04\/output-onlinepngtools.png","width":511,"height":98,"caption":"Raseini\u0173 autobus\u0173 parkas"},"image":{"@id":"https:\/\/raseiniuautobusuparkas.lt\/#\/schema\/logo\/image\/"}}]}},"uagb_featured_image_src":{"full":false,"thumbnail":false,"medium":false,"medium_large":false,"large":false,"1536x1536":false,"2048x2048":false,"trp-custom-language-flag":false,"htmega_size_585x295":false,"htmega_size_1170x536":false,"htmega_size_396x360":false},"uagb_author_info":{"display_name":"just.pipiras","author_link":"https:\/\/raseiniuautobusuparkas.lt\/en\/author\/just-pipiras\/"},"uagb_comment_info":0,"uagb_excerpt":"Paslaugos &nbsp; Autobus\u0173 nuoma Autobus\u0173 nuoma tiek kelion\u0117ms Lietuvos teritorijoje, tiek u\u017esienyje Siuntos Siuntos autobusu \u2013 tai saugiausias ir grei\u010diausias siuntos kelias Reklama Si\u016blome \u012fvairaus tipo reklaminius plotus J\u016bs\u0173 produkto ar paslaugos pristatymui. Krovininis sunkve\u017eimis su krano \u012frenginiu ir automobilinis krautuvas","_links":{"self":[{"href":"https:\/\/raseiniuautobusuparkas.lt\/en\/wp-json\/wp\/v2\/pages\/2278","targetHints":{"allow":["GET"]}}],"collection":[{"href":"https:\/\/raseiniuautobusuparkas.lt\/en\/wp-json\/wp\/v2\/pages"}],"about":[{"href":"https:\/\/raseiniuautobusuparkas.lt\/en\/wp-json\/wp\/v2\/types\/page"}],"author":[{"embeddable":true,"href":"https:\/\/raseiniuautobusuparkas.lt\/en\/wp-json\/wp\/v2\/users\/1"}],"replies":[{"embeddable":true,"href":"https:\/\/raseiniuautobusuparkas.lt\/en\/wp-json\/wp\/v2\/comments?post=2278"}],"version-history":[{"count":0,"href":"https:\/\/raseiniuautobusuparkas.lt\/en\/wp-json\/wp\/v2\/pages\/2278\/revisions"}],"wp:attachment":[{"href":"https:\/\/raseiniuautobusuparkas.lt\/en\/wp-json\/wp\/v2\/media?parent=2278"}],"curies":[{"name":"wp","href":"https:\/\/api.w.org\/{rel}","templated":true}]}}