{"id":2274,"date":"2020-02-07T12:23:04","date_gmt":"2020-02-07T12:23:04","guid":{"rendered":"http:\/\/raseiniuautobusuparkas.lt\/?page_id=2274"},"modified":"2020-02-07T12:23:05","modified_gmt":"2020-02-07T12:23:05","slug":"administracine-informacija","status":"publish","type":"page","link":"https:\/\/raseiniuautobusuparkas.lt\/en\/administracine-informacija\/","title":{"rendered":"Administrative information"},"content":{"rendered":"<p>U\u017edaroji akcin\u0117 bendrov\u0117 \u201eRaseini\u0173 autobus\u0173 parkas\u201c \u012fsteigta 1992 m. sausio 28 d. Pagrindin\u0117 bendrov\u0117s veikla: keleivi\u0173 ir moksleivi\u0173 ve\u017eimas autobusais mieste, priemestyje, tarpmiestyje, autobus\u0173 ir automobili\u0173 nuoma, ma\u0161in\u0173 ir \u012frengini\u0173 nuoma, siunt\u0173 gabenimas, automobili\u0173, autotransporto remonto darbai pavieniems asmenims, \u012fstaigoms ir organizacijoms.<\/p>\n\n\n\n<p>UAB \u201eRaseini\u0173 autobus\u0173 parkas\u201c kasdien\u0105 i\u0161va\u017eiuoja \u012f 49 mar\u0161rutus: 1 miesto, 29 priemies\u010dio, 2 tarpmies\u010dio ir 17 special\u0173j\u0173 mar\u0161rut\u0173, kurie skirti tik moksleivi\u0173 ve\u017eimui. Per metus bendrov\u0117 perve\u017ea apie 1 000 000,00 keleivi\u0173. Bendrov\u0117 turi 40 autobus\u0173. I\u0161 j\u0173 visi\u0161kai nauji \u2013 13 autobus\u0173, 5\u201310 m. senumo \u2013 4 autobusai, vir\u0161 10 m. senumo \u2013 23 autobusai.<\/p>\n\n\n\n<p><strong>\u012emon\u0117s misija<\/strong>&nbsp;\u2013 atsi\u017evelgiant \u012f klient\u0173 poreikius ir l\u016bkes\u010dius, teikti profesionalias keleivi\u0173 ve\u017eimo paslaugas, nuolat investuoti \u012f paslaug\u0173 bei darbuotoj\u0173 darbo kokyb\u0117s gerinim\u0105.&nbsp;<strong>Vizija&nbsp;<\/strong>\u2013 moderni ir \u0161iuolaiki\u0161ka \u012fmon\u0117, teikianti auk\u0161\u010diausios kokyb\u0117s paslaugas.<\/p>","protected":false},"excerpt":{"rendered":"<p>U\u017edaroji akcin\u0117 bendrov\u0117 \u201eRaseini\u0173 autobus\u0173 parkas\u201c \u012fsteigta 1992 m. sausio 28 d. Pagrindin\u0117 bendrov\u0117s veikla: keleivi\u0173 ir moksleivi\u0173 ve\u017eimas autobusais mieste, priemestyje, tarpmiestyje, autobus\u0173 ir automobili\u0173 nuoma, ma\u0161in\u0173 ir \u012frengini\u0173 nuoma, siunt\u0173 gabenimas, automobili\u0173, autotransporto remonto darbai pavieniems asmenims, \u012fstaigoms ir organizacijoms. UAB \u201eRaseini\u0173 autobus\u0173 parkas\u201c kasdien\u0105 i\u0161va\u017eiuoja \u012f 49 mar\u0161rutus: 1 miesto, 29 priemies\u010dio, [&hellip;]<\/p>","protected":false},"author":1,"featured_media":0,"parent":0,"menu_order":0,"comment_status":"closed","ping_status":"closed","template":"","meta":{"_uag_custom_page_level_css":"","site-sidebar-layout":"default","site-content-layout":"default","ast-site-content-layout":"default","site-content-style":"default","site-sidebar-style":"default","ast-global-header-display":"","ast-banner-title-visibility":"","ast-main-header-display":"","ast-hfb-above-header-display":"","ast-hfb-below-header-display":"","ast-hfb-mobile-header-display":"","site-post-title":"","ast-breadcrumbs-content":"","ast-featured-img":"","footer-sml-layout":"","theme-transparent-header-meta":"default","adv-header-id-meta":"","stick-header-meta":"","header-above-stick-meta":"","header-main-stick-meta":"","header-below-stick-meta":"","astra-migrate-meta-layouts":"default","ast-page-background-enabled":"default","ast-page-background-meta":{"desktop":{"background-color":"var(--ast-global-color-4)","background-image":"","background-repeat":"repeat","background-position":"center center","background-size":"auto","background-attachment":"scroll","background-type":"","background-media":"","overlay-type":"","overlay-color":"","overlay-opacity":"","overlay-gradient":""},"tablet":{"background-color":"","background-image":"","background-repeat":"repeat","background-position":"center center","background-size":"auto","background-attachment":"scroll","background-type":"","background-media":"","overlay-type":"","overlay-color":"","overlay-opacity":"","overlay-gradient":""},"mobile":{"background-color":"","background-image":"","background-repeat":"repeat","background-position":"center center","background-size":"auto","background-attachment":"scroll","background-type":"","background-media":"","overlay-type":"","overlay-color":"","overlay-opacity":"","overlay-gradient":""}},"ast-content-background-meta":{"desktop":{"background-color":"var(--ast-global-color-5)","background-image":"","background-repeat":"repeat","background-position":"center center","background-size":"auto","background-attachment":"scroll","background-type":"","background-media":"","overlay-type":"","overlay-color":"","overlay-opacity":"","overlay-gradient":""},"tablet":{"background-color":"var(--ast-global-color-5)","background-image":"","background-repeat":"repeat","background-position":"center center","background-size":"auto","background-attachment":"scroll","background-type":"","background-media":"","overlay-type":"","overlay-color":"","overlay-opacity":"","overlay-gradient":""},"mobile":{"background-color":"var(--ast-global-color-5)","background-image":"","background-repeat":"repeat","background-position":"center center","background-size":"auto","background-attachment":"scroll","background-type":"","background-media":"","overlay-type":"","overlay-color":"","overlay-opacity":"","overlay-gradient":""}},"footnotes":""},"class_list":["post-2274","page","type-page","status-publish","hentry"],"yoast_head":"<!-- This site is optimized with the Yoast SEO plugin v25.7 - https:\/\/yoast.com\/wordpress\/plugins\/seo\/ -->\n<title>Administracin\u0117 informacija | Raseini\u0173 autobus\u0173 parkas<\/title>\n<meta name=\"robots\" content=\"index, follow, max-snippet:-1, max-image-preview:large, max-video-preview:-1\" \/>\n<link rel=\"canonical\" href=\"https:\/\/raseiniuautobusuparkas.lt\/en\/administracine-informacija\/\" \/>\n<meta property=\"og:locale\" content=\"en_US\" \/>\n<meta property=\"og:type\" content=\"article\" \/>\n<meta property=\"og:title\" content=\"Administracin\u0117 informacija | Raseini\u0173 autobus\u0173 parkas\" \/>\n<meta property=\"og:description\" content=\"U\u017edaroji akcin\u0117 bendrov\u0117 \u201eRaseini\u0173 autobus\u0173 parkas\u201c \u012fsteigta 1992 m. sausio 28 d. Pagrindin\u0117 bendrov\u0117s veikla: keleivi\u0173 ir moksleivi\u0173 ve\u017eimas autobusais mieste, priemestyje, tarpmiestyje, autobus\u0173 ir automobili\u0173 nuoma, ma\u0161in\u0173 ir \u012frengini\u0173 nuoma, siunt\u0173 gabenimas, automobili\u0173, autotransporto remonto darbai pavieniems asmenims, \u012fstaigoms ir organizacijoms. UAB \u201eRaseini\u0173 autobus\u0173 parkas\u201c kasdien\u0105 i\u0161va\u017eiuoja \u012f 49 mar\u0161rutus: 1 miesto, 29 priemies\u010dio, [&hellip;]\" \/>\n<meta property=\"og:url\" content=\"https:\/\/raseiniuautobusuparkas.lt\/en\/administracine-informacija\/\" \/>\n<meta property=\"og:site_name\" content=\"Raseini\u0173 autobus\u0173 parkas\" \/>\n<meta property=\"article:modified_time\" content=\"2020-02-07T12:23:05+00:00\" \/>\n<meta name=\"twitter:card\" content=\"summary_large_image\" \/>\n<meta name=\"twitter:label1\" content=\"Est. reading time\" \/>\n\t<meta name=\"twitter:data1\" content=\"1 minute\" \/>\n<script type=\"application\/ld+json\" class=\"yoast-schema-graph\">{\"@context\":\"https:\/\/schema.org\",\"@graph\":[{\"@type\":\"WebPage\",\"@id\":\"https:\/\/raseiniuautobusuparkas.lt\/administracine-informacija\/\",\"url\":\"https:\/\/raseiniuautobusuparkas.lt\/administracine-informacija\/\",\"name\":\"Administracin\u0117 informacija | Raseini\u0173 autobus\u0173 parkas\",\"isPartOf\":{\"@id\":\"https:\/\/raseiniuautobusuparkas.lt\/#website\"},\"datePublished\":\"2020-02-07T12:23:04+00:00\",\"dateModified\":\"2020-02-07T12:23:05+00:00\",\"breadcrumb\":{\"@id\":\"https:\/\/raseiniuautobusuparkas.lt\/administracine-informacija\/#breadcrumb\"},\"inLanguage\":\"en-US\",\"potentialAction\":[{\"@type\":\"ReadAction\",\"target\":[\"https:\/\/raseiniuautobusuparkas.lt\/administracine-informacija\/\"]}]},{\"@type\":\"BreadcrumbList\",\"@id\":\"https:\/\/raseiniuautobusuparkas.lt\/administracine-informacija\/#breadcrumb\",\"itemListElement\":[{\"@type\":\"ListItem\",\"position\":1,\"name\":\"Home\",\"item\":\"https:\/\/raseiniuautobusuparkas.lt\/\"},{\"@type\":\"ListItem\",\"position\":2,\"name\":\"Administracin\u0117 informacija\"}]},{\"@type\":\"WebSite\",\"@id\":\"https:\/\/raseiniuautobusuparkas.lt\/#website\",\"url\":\"https:\/\/raseiniuautobusuparkas.lt\/\",\"name\":\"Raseini\u0173 autobus\u0173 parkas\",\"description\":\"Autobus\u0173 kompanija\",\"publisher\":{\"@id\":\"https:\/\/raseiniuautobusuparkas.lt\/#organization\"},\"potentialAction\":[{\"@type\":\"SearchAction\",\"target\":{\"@type\":\"EntryPoint\",\"urlTemplate\":\"https:\/\/raseiniuautobusuparkas.lt\/?s={search_term_string}\"},\"query-input\":{\"@type\":\"PropertyValueSpecification\",\"valueRequired\":true,\"valueName\":\"search_term_string\"}}],\"inLanguage\":\"en-US\"},{\"@type\":\"Organization\",\"@id\":\"https:\/\/raseiniuautobusuparkas.lt\/#organization\",\"name\":\"Raseini\u0173 autobus\u0173 parkas\",\"url\":\"https:\/\/raseiniuautobusuparkas.lt\/\",\"logo\":{\"@type\":\"ImageObject\",\"inLanguage\":\"en-US\",\"@id\":\"https:\/\/raseiniuautobusuparkas.lt\/#\/schema\/logo\/image\/\",\"url\":\"https:\/\/raseiniuautobusuparkas.lt\/wp-content\/uploads\/2020\/04\/output-onlinepngtools.png\",\"contentUrl\":\"https:\/\/raseiniuautobusuparkas.lt\/wp-content\/uploads\/2020\/04\/output-onlinepngtools.png\",\"width\":511,\"height\":98,\"caption\":\"Raseini\u0173 autobus\u0173 parkas\"},\"image\":{\"@id\":\"https:\/\/raseiniuautobusuparkas.lt\/#\/schema\/logo\/image\/\"}}]}<\/script>\n<!-- \/ Yoast SEO plugin. -->","yoast_head_json":{"title":"Administracin\u0117 informacija | Raseini\u0173 autobus\u0173 parkas","robots":{"index":"index","follow":"follow","max-snippet":"max-snippet:-1","max-image-preview":"max-image-preview:large","max-video-preview":"max-video-preview:-1"},"canonical":"https:\/\/raseiniuautobusuparkas.lt\/en\/administracine-informacija\/","og_locale":"en_US","og_type":"article","og_title":"Administracin\u0117 informacija | Raseini\u0173 autobus\u0173 parkas","og_description":"U\u017edaroji akcin\u0117 bendrov\u0117 \u201eRaseini\u0173 autobus\u0173 parkas\u201c \u012fsteigta 1992 m. sausio 28 d. Pagrindin\u0117 bendrov\u0117s veikla: keleivi\u0173 ir moksleivi\u0173 ve\u017eimas autobusais mieste, priemestyje, tarpmiestyje, autobus\u0173 ir automobili\u0173 nuoma, ma\u0161in\u0173 ir \u012frengini\u0173 nuoma, siunt\u0173 gabenimas, automobili\u0173, autotransporto remonto darbai pavieniems asmenims, \u012fstaigoms ir organizacijoms. UAB \u201eRaseini\u0173 autobus\u0173 parkas\u201c kasdien\u0105 i\u0161va\u017eiuoja \u012f 49 mar\u0161rutus: 1 miesto, 29 priemies\u010dio, [&hellip;]","og_url":"https:\/\/raseiniuautobusuparkas.lt\/en\/administracine-informacija\/","og_site_name":"Raseini\u0173 autobus\u0173 parkas","article_modified_time":"2020-02-07T12:23:05+00:00","twitter_card":"summary_large_image","twitter_misc":{"Est. reading time":"1 minute"},"schema":{"@context":"https:\/\/schema.org","@graph":[{"@type":"WebPage","@id":"https:\/\/raseiniuautobusuparkas.lt\/administracine-informacija\/","url":"https:\/\/raseiniuautobusuparkas.lt\/administracine-informacija\/","name":"Administracin\u0117 informacija | Raseini\u0173 autobus\u0173 parkas","isPartOf":{"@id":"https:\/\/raseiniuautobusuparkas.lt\/#website"},"datePublished":"2020-02-07T12:23:04+00:00","dateModified":"2020-02-07T12:23:05+00:00","breadcrumb":{"@id":"https:\/\/raseiniuautobusuparkas.lt\/administracine-informacija\/#breadcrumb"},"inLanguage":"en-US","potentialAction":[{"@type":"ReadAction","target":["https:\/\/raseiniuautobusuparkas.lt\/administracine-informacija\/"]}]},{"@type":"BreadcrumbList","@id":"https:\/\/raseiniuautobusuparkas.lt\/administracine-informacija\/#breadcrumb","itemListElement":[{"@type":"ListItem","position":1,"name":"Home","item":"https:\/\/raseiniuautobusuparkas.lt\/"},{"@type":"ListItem","position":2,"name":"Administracin\u0117 informacija"}]},{"@type":"WebSite","@id":"https:\/\/raseiniuautobusuparkas.lt\/#website","url":"https:\/\/raseiniuautobusuparkas.lt\/","name":"Raseini\u0173 autobus\u0173 parkas","description":"Autobus\u0173 kompanija","publisher":{"@id":"https:\/\/raseiniuautobusuparkas.lt\/#organization"},"potentialAction":[{"@type":"SearchAction","target":{"@type":"EntryPoint","urlTemplate":"https:\/\/raseiniuautobusuparkas.lt\/?s={search_term_string}"},"query-input":{"@type":"PropertyValueSpecification","valueRequired":true,"valueName":"search_term_string"}}],"inLanguage":"en-US"},{"@type":"Organization","@id":"https:\/\/raseiniuautobusuparkas.lt\/#organization","name":"Raseini\u0173 autobus\u0173 parkas","url":"https:\/\/raseiniuautobusuparkas.lt\/","logo":{"@type":"ImageObject","inLanguage":"en-US","@id":"https:\/\/raseiniuautobusuparkas.lt\/#\/schema\/logo\/image\/","url":"https:\/\/raseiniuautobusuparkas.lt\/wp-content\/uploads\/2020\/04\/output-onlinepngtools.png","contentUrl":"https:\/\/raseiniuautobusuparkas.lt\/wp-content\/uploads\/2020\/04\/output-onlinepngtools.png","width":511,"height":98,"caption":"Raseini\u0173 autobus\u0173 parkas"},"image":{"@id":"https:\/\/raseiniuautobusuparkas.lt\/#\/schema\/logo\/image\/"}}]}},"uagb_featured_image_src":{"full":false,"thumbnail":false,"medium":false,"medium_large":false,"large":false,"1536x1536":false,"2048x2048":false,"trp-custom-language-flag":false,"htmega_size_585x295":false,"htmega_size_1170x536":false,"htmega_size_396x360":false},"uagb_author_info":{"display_name":"just.pipiras","author_link":"https:\/\/raseiniuautobusuparkas.lt\/en\/author\/just-pipiras\/"},"uagb_comment_info":0,"uagb_excerpt":"U\u017edaroji akcin\u0117 bendrov\u0117 \u201eRaseini\u0173 autobus\u0173 parkas\u201c \u012fsteigta 1992 m. sausio 28 d. Pagrindin\u0117 bendrov\u0117s veikla: keleivi\u0173 ir moksleivi\u0173 ve\u017eimas autobusais mieste, priemestyje, tarpmiestyje, autobus\u0173 ir automobili\u0173 nuoma, ma\u0161in\u0173 ir \u012frengini\u0173 nuoma, siunt\u0173 gabenimas, automobili\u0173, autotransporto remonto darbai pavieniems asmenims, \u012fstaigoms ir organizacijoms. UAB \u201eRaseini\u0173 autobus\u0173 parkas\u201c kasdien\u0105 i\u0161va\u017eiuoja \u012f 49 mar\u0161rutus: 1 miesto, 29 priemies\u010dio,&hellip;","_links":{"self":[{"href":"https:\/\/raseiniuautobusuparkas.lt\/en\/wp-json\/wp\/v2\/pages\/2274","targetHints":{"allow":["GET"]}}],"collection":[{"href":"https:\/\/raseiniuautobusuparkas.lt\/en\/wp-json\/wp\/v2\/pages"}],"about":[{"href":"https:\/\/raseiniuautobusuparkas.lt\/en\/wp-json\/wp\/v2\/types\/page"}],"author":[{"embeddable":true,"href":"https:\/\/raseiniuautobusuparkas.lt\/en\/wp-json\/wp\/v2\/users\/1"}],"replies":[{"embeddable":true,"href":"https:\/\/raseiniuautobusuparkas.lt\/en\/wp-json\/wp\/v2\/comments?post=2274"}],"version-history":[{"count":0,"href":"https:\/\/raseiniuautobusuparkas.lt\/en\/wp-json\/wp\/v2\/pages\/2274\/revisions"}],"wp:attachment":[{"href":"https:\/\/raseiniuautobusuparkas.lt\/en\/wp-json\/wp\/v2\/media?parent=2274"}],"curies":[{"name":"wp","href":"https:\/\/api.w.org\/{rel}","templated":true}]}}